{"id":6728,"date":"2026-03-26T14:56:52","date_gmt":"2026-03-26T14:56:52","guid":{"rendered":"https:\/\/car-partner.de\/?page_id=6728"},"modified":"2026-04-08T22:30:01","modified_gmt":"2026-04-08T22:30:01","slug":"service","status":"publish","type":"page","link":"https:\/\/car-partner.de\/index.php\/service\/","title":{"rendered":"Service"},"content":{"rendered":"\t\t<div data-elementor-type=\"wp-page\" data-elementor-id=\"6728\" class=\"elementor elementor-6728\">\n\t\t\t\t<div class=\"elementor-element elementor-element-50a1be5 e-con-full e-flex e-con e-parent\" data-id=\"50a1be5\" data-element_type=\"container\" data-e-type=\"container\">\n\t\t\t\t<div class=\"elementor-element elementor-element-038fb27 elementor-widget elementor-widget-text-editor\" data-id=\"038fb27\" data-element_type=\"widget\" data-e-type=\"widget\" data-settings=\"{&quot;ekit_we_effect_on&quot;:&quot;none&quot;}\" data-widget_type=\"text-editor.default\">\n\t\t\t\t<div class=\"elementor-widget-container\">\n\t\t\t\t\t\t\t\t\t<p><strong>Leistungen auf einen Blick<\/strong><\/p><p><b><br \/><\/b><strong data-start=\"131\" data-end=\"213\">Bei uns erhalten Sie zuverl\u00e4ssigen Service rund um Ihr Fahrzeug.<\/strong><br data-start=\"213\" data-end=\"216\" \/>Ob Wartung, Reparatur oder spezialisierte Leistungen \u2013 wir k\u00fcmmern uns fachgerecht und mit gr\u00f6\u00dfter Sorgfalt um Ihr Auto. Vertrauen Sie auf unsere Erfahrung und \u00fcberzeugen Sie sich von unserem Service.<\/p>\t\t\t\t\t\t\t\t<\/div>\n\t\t\t\t<\/div>\n\t\t\t\t<\/div>\n\t\t<div class=\"elementor-element elementor-element-346da50 e-flex e-con-boxed e-con e-parent\" data-id=\"346da50\" data-element_type=\"container\" data-e-type=\"container\">\n\t\t\t\t\t<div class=\"e-con-inner\">\n\t\t<div class=\"elementor-element elementor-element-bea2c18 e-con-full e-flex e-con e-child\" data-id=\"bea2c18\" data-element_type=\"container\" data-e-type=\"container\">\n\t\t\t\t<div class=\"elementor-element elementor-element-f6e0bcf at-image-animation at-animation-image-none elementor-widget elementor-widget-image\" data-id=\"f6e0bcf\" data-element_type=\"widget\" data-e-type=\"widget\" data-settings=\"{&quot;ekit_we_effect_on&quot;:&quot;none&quot;}\" data-widget_type=\"image.default\">\n\t\t\t\t<div class=\"elementor-widget-container\">\n\t\t\t\t\t\t\t\t\t\t\t\t<figure class=\"wp-caption\">\n\t\t\t\t\t\t\t\t\t\t\t<a href=\"https:\/\/car-partner.de\/index.php\/klimaservice\/\">\n\t\t\t\t\t\t\t<img fetchpriority=\"high\" decoding=\"async\" width=\"800\" height=\"450\" src=\"https:\/\/car-partner.de\/wp-content\/uploads\/2026\/03\/Interior_air_vents_by_the_car_radio-1024x576.webp\" class=\"attachment-large size-large wp-image-7340\" alt=\"\" srcset=\"https:\/\/car-partner.de\/wp-content\/uploads\/2026\/03\/Interior_air_vents_by_the_car_radio-1024x576.webp 1024w, https:\/\/car-partner.de\/wp-content\/uploads\/2026\/03\/Interior_air_vents_by_the_car_radio-300x169.webp 300w, https:\/\/car-partner.de\/wp-content\/uploads\/2026\/03\/Interior_air_vents_by_the_car_radio-768x432.webp 768w, https:\/\/car-partner.de\/wp-content\/uploads\/2026\/03\/Interior_air_vents_by_the_car_radio-1536x864.webp 1536w, https:\/\/car-partner.de\/wp-content\/uploads\/2026\/03\/Interior_air_vents_by_the_car_radio.webp 1600w\" sizes=\"(max-width: 800px) 100vw, 800px\" \/>\t\t\t\t\t\t\t\t<\/a>\n\t\t\t\t\t\t\t\t\t\t\t<figcaption class=\"widget-image-caption wp-caption-text\">Klimaservice<\/figcaption>\n\t\t\t\t\t\t\t\t\t\t<\/figure>\n\t\t\t\t\t\t\t\t\t<\/div>\n\t\t\t\t<\/div>\n\t\t\t\t<\/div>\n\t\t<div class=\"elementor-element elementor-element-f6c3391 e-con-full e-flex e-con e-child\" data-id=\"f6c3391\" data-element_type=\"container\" data-e-type=\"container\">\n\t\t\t\t<div class=\"elementor-element elementor-element-00d2d29 at-image-animation at-animation-image-none elementor-widget elementor-widget-image\" data-id=\"00d2d29\" data-element_type=\"widget\" data-e-type=\"widget\" data-settings=\"{&quot;ekit_we_effect_on&quot;:&quot;none&quot;}\" data-widget_type=\"image.default\">\n\t\t\t\t<div class=\"elementor-widget-container\">\n\t\t\t\t\t\t\t\t\t\t\t\t<figure class=\"wp-caption\">\n\t\t\t\t\t\t\t\t\t\t\t<a href=\"https:\/\/car-partner.de\/index.php\/oelwechsel\/\">\n\t\t\t\t\t\t\t<img decoding=\"async\" width=\"480\" height=\"270\" src=\"https:\/\/car-partner.de\/wp-content\/uploads\/2026\/03\/pouring-fresh-new-clean-synthetic-footage-074612091_iconl.webp\" class=\"attachment-large size-large wp-image-7341\" alt=\"\" srcset=\"https:\/\/car-partner.de\/wp-content\/uploads\/2026\/03\/pouring-fresh-new-clean-synthetic-footage-074612091_iconl.webp 480w, https:\/\/car-partner.de\/wp-content\/uploads\/2026\/03\/pouring-fresh-new-clean-synthetic-footage-074612091_iconl-300x169.webp 300w\" sizes=\"(max-width: 480px) 100vw, 480px\" \/>\t\t\t\t\t\t\t\t<\/a>\n\t\t\t\t\t\t\t\t\t\t\t<figcaption class=\"widget-image-caption wp-caption-text\">\u00d6lwechsel<\/figcaption>\n\t\t\t\t\t\t\t\t\t\t<\/figure>\n\t\t\t\t\t\t\t\t\t<\/div>\n\t\t\t\t<\/div>\n\t\t\t\t<\/div>\n\t\t<div class=\"elementor-element elementor-element-6bd8fd6 e-con-full e-flex e-con e-child\" data-id=\"6bd8fd6\" data-element_type=\"container\" data-e-type=\"container\">\n\t\t\t\t<div class=\"elementor-element elementor-element-051dd85 at-image-animation at-animation-image-none elementor-widget elementor-widget-image\" data-id=\"051dd85\" data-element_type=\"widget\" data-e-type=\"widget\" data-settings=\"{&quot;ekit_we_effect_on&quot;:&quot;none&quot;}\" data-widget_type=\"image.default\">\n\t\t\t\t<div class=\"elementor-widget-container\">\n\t\t\t\t\t\t\t\t\t\t\t\t<figure class=\"wp-caption\">\n\t\t\t\t\t\t\t\t\t\t\t<a href=\"https:\/\/car-partner.de\/index.php\/autoglas\/\">\n\t\t\t\t\t\t\t<img decoding=\"async\" width=\"683\" height=\"1024\" src=\"https:\/\/car-partner.de\/wp-content\/uploads\/2026\/04\/ChatGPT-Image-8.-Apr.-2026-22_44_57-683x1024.png\" class=\"attachment-large size-large wp-image-8326\" alt=\"\" srcset=\"https:\/\/car-partner.de\/wp-content\/uploads\/2026\/04\/ChatGPT-Image-8.-Apr.-2026-22_44_57-683x1024.png 683w, https:\/\/car-partner.de\/wp-content\/uploads\/2026\/04\/ChatGPT-Image-8.-Apr.-2026-22_44_57-200x300.png 200w, https:\/\/car-partner.de\/wp-content\/uploads\/2026\/04\/ChatGPT-Image-8.-Apr.-2026-22_44_57-768x1152.png 768w, https:\/\/car-partner.de\/wp-content\/uploads\/2026\/04\/ChatGPT-Image-8.-Apr.-2026-22_44_57.png 1024w\" sizes=\"(max-width: 683px) 100vw, 683px\" \/>\t\t\t\t\t\t\t\t<\/a>\n\t\t\t\t\t\t\t\t\t\t\t<figcaption class=\"widget-image-caption wp-caption-text\">Autoglas<\/figcaption>\n\t\t\t\t\t\t\t\t\t\t<\/figure>\n\t\t\t\t\t\t\t\t\t<\/div>\n\t\t\t\t<\/div>\n\t\t\t\t<\/div>\n\t\t<div class=\"elementor-element elementor-element-08759f0 e-con-full e-flex e-con e-child\" data-id=\"08759f0\" data-element_type=\"container\" data-e-type=\"container\">\n\t\t\t\t<div class=\"elementor-element elementor-element-7bc91a3 at-image-animation at-animation-image-none elementor-widget elementor-widget-image\" data-id=\"7bc91a3\" data-element_type=\"widget\" data-e-type=\"widget\" data-settings=\"{&quot;ekit_we_effect_on&quot;:&quot;none&quot;}\" data-widget_type=\"image.default\">\n\t\t\t\t<div class=\"elementor-widget-container\">\n\t\t\t\t\t\t\t\t\t\t\t\t<figure class=\"wp-caption\">\n\t\t\t\t\t\t\t\t\t\t\t<a href=\"https:\/\/car-partner.de\/index.php\/inspektion-wartung\/\">\n\t\t\t\t\t\t\t<img loading=\"lazy\" decoding=\"async\" width=\"800\" height=\"530\" src=\"https:\/\/car-partner.de\/wp-content\/uploads\/2026\/03\/6706c5af820a7578a7d5ee3d_process-of-cleaning-the-engine-of-a-car-with-a-spr-2023-11-27-05-24-32-utc-1024x678.webp\" class=\"attachment-large size-large wp-image-7342\" alt=\"\" srcset=\"https:\/\/car-partner.de\/wp-content\/uploads\/2026\/03\/6706c5af820a7578a7d5ee3d_process-of-cleaning-the-engine-of-a-car-with-a-spr-2023-11-27-05-24-32-utc-1024x678.webp 1024w, https:\/\/car-partner.de\/wp-content\/uploads\/2026\/03\/6706c5af820a7578a7d5ee3d_process-of-cleaning-the-engine-of-a-car-with-a-spr-2023-11-27-05-24-32-utc-300x199.webp 300w, https:\/\/car-partner.de\/wp-content\/uploads\/2026\/03\/6706c5af820a7578a7d5ee3d_process-of-cleaning-the-engine-of-a-car-with-a-spr-2023-11-27-05-24-32-utc-768x509.webp 768w, https:\/\/car-partner.de\/wp-content\/uploads\/2026\/03\/6706c5af820a7578a7d5ee3d_process-of-cleaning-the-engine-of-a-car-with-a-spr-2023-11-27-05-24-32-utc-1536x1017.webp 1536w, https:\/\/car-partner.de\/wp-content\/uploads\/2026\/03\/6706c5af820a7578a7d5ee3d_process-of-cleaning-the-engine-of-a-car-with-a-spr-2023-11-27-05-24-32-utc-2048x1356.webp 2048w\" sizes=\"(max-width: 800px) 100vw, 800px\" \/>\t\t\t\t\t\t\t\t<\/a>\n\t\t\t\t\t\t\t\t\t\t\t<figcaption class=\"widget-image-caption wp-caption-text\">Inspektion &amp; Wartung<\/figcaption>\n\t\t\t\t\t\t\t\t\t\t<\/figure>\n\t\t\t\t\t\t\t\t\t<\/div>\n\t\t\t\t<\/div>\n\t\t\t\t<\/div>\n\t\t\t\t\t<\/div>\n\t\t\t\t<\/div>\n\t\t<div class=\"elementor-element elementor-element-719fd14 e-con-full e-flex e-con e-parent\" data-id=\"719fd14\" data-element_type=\"container\" data-e-type=\"container\">\n\t\t<div class=\"elementor-element elementor-element-75cccc7 e-con-full e-flex e-con e-child\" data-id=\"75cccc7\" data-element_type=\"container\" data-e-type=\"container\">\n\t\t\t\t<div class=\"elementor-element elementor-element-c273808 at-image-animation at-animation-image-none elementor-widget elementor-widget-image\" data-id=\"c273808\" data-element_type=\"widget\" data-e-type=\"widget\" data-settings=\"{&quot;ekit_we_effect_on&quot;:&quot;none&quot;}\" data-widget_type=\"image.default\">\n\t\t\t\t<div class=\"elementor-widget-container\">\n\t\t\t\t\t\t\t\t\t\t\t\t<figure class=\"wp-caption\">\n\t\t\t\t\t\t\t\t\t\t\t<a href=\"https:\/\/car-partner.de\/index.php\/hu-au\/\">\n\t\t\t\t\t\t\t<img loading=\"lazy\" decoding=\"async\" width=\"800\" height=\"534\" src=\"https:\/\/car-partner.de\/wp-content\/uploads\/2026\/04\/tuev_inspection_station-1024x683.jpeg\" class=\"attachment-large size-large wp-image-8180\" alt=\"\" srcset=\"https:\/\/car-partner.de\/wp-content\/uploads\/2026\/04\/tuev_inspection_station-1024x683.jpeg 1024w, https:\/\/car-partner.de\/wp-content\/uploads\/2026\/04\/tuev_inspection_station-300x200.jpeg 300w, https:\/\/car-partner.de\/wp-content\/uploads\/2026\/04\/tuev_inspection_station-768x512.jpeg 768w, https:\/\/car-partner.de\/wp-content\/uploads\/2026\/04\/tuev_inspection_station.jpeg 1536w\" sizes=\"(max-width: 800px) 100vw, 800px\" \/>\t\t\t\t\t\t\t\t<\/a>\n\t\t\t\t\t\t\t\t\t\t\t<figcaption class=\"widget-image-caption wp-caption-text\">HA\/AU<\/figcaption>\n\t\t\t\t\t\t\t\t\t\t<\/figure>\n\t\t\t\t\t\t\t\t\t<\/div>\n\t\t\t\t<\/div>\n\t\t\t\t<\/div>\n\t\t<div class=\"elementor-element elementor-element-3a4cf44 e-con-full e-flex e-con e-child\" data-id=\"3a4cf44\" data-element_type=\"container\" data-e-type=\"container\">\n\t\t\t\t<div class=\"elementor-element elementor-element-48e2889 at-image-animation at-animation-image-none elementor-widget elementor-widget-image\" data-id=\"48e2889\" data-element_type=\"widget\" data-e-type=\"widget\" data-settings=\"{&quot;ekit_we_effect_on&quot;:&quot;none&quot;}\" data-widget_type=\"image.default\">\n\t\t\t\t<div class=\"elementor-widget-container\">\n\t\t\t\t\t\t\t\t\t\t\t\t<figure class=\"wp-caption\">\n\t\t\t\t\t\t\t\t\t\t\t<a href=\"https:\/\/car-partner.de\/index.php\/reifenservice\/\">\n\t\t\t\t\t\t\t<img loading=\"lazy\" decoding=\"async\" width=\"800\" height=\"533\" src=\"https:\/\/car-partner.de\/wp-content\/uploads\/2026\/03\/Reifenwechsel-Drehmomentschluessel_Stahlwille.jpg\" class=\"attachment-large size-large wp-image-7370\" alt=\"\" srcset=\"https:\/\/car-partner.de\/wp-content\/uploads\/2026\/03\/Reifenwechsel-Drehmomentschluessel_Stahlwille.jpg 900w, https:\/\/car-partner.de\/wp-content\/uploads\/2026\/03\/Reifenwechsel-Drehmomentschluessel_Stahlwille-300x200.jpg 300w, https:\/\/car-partner.de\/wp-content\/uploads\/2026\/03\/Reifenwechsel-Drehmomentschluessel_Stahlwille-768x512.jpg 768w\" sizes=\"(max-width: 800px) 100vw, 800px\" \/>\t\t\t\t\t\t\t\t<\/a>\n\t\t\t\t\t\t\t\t\t\t\t<figcaption class=\"widget-image-caption wp-caption-text\">Reifenservice<\/figcaption>\n\t\t\t\t\t\t\t\t\t\t<\/figure>\n\t\t\t\t\t\t\t\t\t<\/div>\n\t\t\t\t<\/div>\n\t\t\t\t<\/div>\n\t\t<div class=\"elementor-element elementor-element-3819b5d e-con-full e-flex e-con e-child\" data-id=\"3819b5d\" data-element_type=\"container\" data-e-type=\"container\">\n\t\t\t\t<div class=\"elementor-element elementor-element-9bbee22 elementor-widget__width-initial at-image-animation at-animation-image-none elementor-widget elementor-widget-image\" data-id=\"9bbee22\" data-element_type=\"widget\" data-e-type=\"widget\" data-settings=\"{&quot;ekit_we_effect_on&quot;:&quot;none&quot;}\" data-widget_type=\"image.default\">\n\t\t\t\t<div class=\"elementor-widget-container\">\n\t\t\t\t\t\t\t\t\t\t\t\t<figure class=\"wp-caption\">\n\t\t\t\t\t\t\t\t\t\t\t<a href=\"https:\/\/car-partner.de\/index.php\/kfz-reperatur\/\">\n\t\t\t\t\t\t\t<img loading=\"lazy\" decoding=\"async\" width=\"800\" height=\"450\" src=\"https:\/\/car-partner.de\/wp-content\/uploads\/2024\/07\/hero-2-1024x576.jpg\" class=\"attachment-large size-large wp-image-6024\" alt=\"\" srcset=\"https:\/\/car-partner.de\/wp-content\/uploads\/2024\/07\/hero-2-1024x576.jpg 1024w, https:\/\/car-partner.de\/wp-content\/uploads\/2024\/07\/hero-2-300x169.jpg 300w, https:\/\/car-partner.de\/wp-content\/uploads\/2024\/07\/hero-2-768x432.jpg 768w, https:\/\/car-partner.de\/wp-content\/uploads\/2024\/07\/hero-2-1536x864.jpg 1536w, https:\/\/car-partner.de\/wp-content\/uploads\/2024\/07\/hero-2.jpg 1920w\" sizes=\"(max-width: 800px) 100vw, 800px\" \/>\t\t\t\t\t\t\t\t<\/a>\n\t\t\t\t\t\t\t\t\t\t\t<figcaption class=\"widget-image-caption wp-caption-text\">Reperatur<\/figcaption>\n\t\t\t\t\t\t\t\t\t\t<\/figure>\n\t\t\t\t\t\t\t\t\t<\/div>\n\t\t\t\t<\/div>\n\t\t\t\t<\/div>\n\t\t<div class=\"elementor-element elementor-element-ece682c e-con-full e-flex e-con e-child\" data-id=\"ece682c\" data-element_type=\"container\" data-e-type=\"container\">\n\t\t\t\t<div class=\"elementor-element elementor-element-844009a elementor-widget__width-initial at-image-animation at-animation-image-none elementor-widget elementor-widget-image\" data-id=\"844009a\" data-element_type=\"widget\" data-e-type=\"widget\" data-settings=\"{&quot;ekit_we_effect_on&quot;:&quot;none&quot;}\" data-widget_type=\"image.default\">\n\t\t\t\t<div class=\"elementor-widget-container\">\n\t\t\t\t\t\t\t\t\t\t\t\t<figure class=\"wp-caption\">\n\t\t\t\t\t\t\t\t\t\t\t<a href=\"https:\/\/car-partner.de\/index.php\/getriebespuelung\/\">\n\t\t\t\t\t\t\t<img loading=\"lazy\" decoding=\"async\" width=\"360\" height=\"270\" src=\"https:\/\/car-partner.de\/wp-content\/uploads\/2026\/03\/WhatsApp-Image-2026-03-26-at-18.55.25-1-e1775680387224.jpeg\" class=\"attachment-full size-full wp-image-7361\" alt=\"\" \/>\t\t\t\t\t\t\t\t<\/a>\n\t\t\t\t\t\t\t\t\t\t\t<figcaption class=\"widget-image-caption wp-caption-text\">Getriebesp\u00fchlung<\/figcaption>\n\t\t\t\t\t\t\t\t\t\t<\/figure>\n\t\t\t\t\t\t\t\t\t<\/div>\n\t\t\t\t<\/div>\n\t\t\t\t<\/div>\n\t\t\t\t<\/div>\n\t\t<div class=\"elementor-element elementor-element-50b1067 e-flex e-con-boxed e-con e-parent\" data-id=\"50b1067\" data-element_type=\"container\" data-e-type=\"container\">\n\t\t\t\t\t<div class=\"e-con-inner\">\n\t\t<div class=\"elementor-element elementor-element-e8fb9f2 e-con-full e-flex e-con e-child\" data-id=\"e8fb9f2\" data-element_type=\"container\" data-e-type=\"container\">\n\t\t\t\t<div class=\"elementor-element elementor-element-3ff22f0 at-image-animation at-animation-image-none elementor-widget elementor-widget-image\" data-id=\"3ff22f0\" data-element_type=\"widget\" data-e-type=\"widget\" data-settings=\"{&quot;ekit_we_effect_on&quot;:&quot;none&quot;}\" data-widget_type=\"image.default\">\n\t\t\t\t<div class=\"elementor-widget-container\">\n\t\t\t\t\t\t\t\t\t\t\t\t<figure class=\"wp-caption\">\n\t\t\t\t\t\t\t\t\t\t\t<a href=\"https:\/\/car-partner.de\/index.php\/unfall-gutachten\/\">\n\t\t\t\t\t\t\t<img loading=\"lazy\" decoding=\"async\" width=\"800\" height=\"534\" src=\"https:\/\/car-partner.de\/wp-content\/uploads\/2026\/04\/Unfallgutachten-und-beschaedigtes-Auto-1024x683.png\" class=\"attachment-large size-large wp-image-8364\" alt=\"\" srcset=\"https:\/\/car-partner.de\/wp-content\/uploads\/2026\/04\/Unfallgutachten-und-beschaedigtes-Auto-1024x683.png 1024w, https:\/\/car-partner.de\/wp-content\/uploads\/2026\/04\/Unfallgutachten-und-beschaedigtes-Auto-300x200.png 300w, https:\/\/car-partner.de\/wp-content\/uploads\/2026\/04\/Unfallgutachten-und-beschaedigtes-Auto-768x512.png 768w, https:\/\/car-partner.de\/wp-content\/uploads\/2026\/04\/Unfallgutachten-und-beschaedigtes-Auto.png 1536w\" sizes=\"(max-width: 800px) 100vw, 800px\" \/>\t\t\t\t\t\t\t\t<\/a>\n\t\t\t\t\t\t\t\t\t\t\t<figcaption class=\"widget-image-caption wp-caption-text\">Unfall-Gutachten<\/figcaption>\n\t\t\t\t\t\t\t\t\t\t<\/figure>\n\t\t\t\t\t\t\t\t\t<\/div>\n\t\t\t\t<\/div>\n\t\t\t\t<\/div>\n\t\t<div class=\"elementor-element elementor-element-84bad7d e-con-full e-flex e-con e-child\" data-id=\"84bad7d\" data-element_type=\"container\" data-e-type=\"container\">\n\t\t\t\t<div class=\"elementor-element elementor-element-8e4f392 at-image-animation at-animation-image-none elementor-widget elementor-widget-image\" data-id=\"8e4f392\" data-element_type=\"widget\" data-e-type=\"widget\" data-settings=\"{&quot;ekit_we_effect_on&quot;:&quot;none&quot;}\" data-widget_type=\"image.default\">\n\t\t\t\t<div class=\"elementor-widget-container\">\n\t\t\t\t\t\t\t\t\t\t\t\t<figure class=\"wp-caption\">\n\t\t\t\t\t\t\t\t\t\t\t<a href=\"https:\/\/car-partner.de\/index.php\/unfall-instandsetzung\/\">\n\t\t\t\t\t\t\t<img loading=\"lazy\" decoding=\"async\" width=\"800\" height=\"600\" src=\"https:\/\/car-partner.de\/wp-content\/uploads\/2026\/04\/WhatsApp-Image-2026-03-26-at-18.5ee5.28.jpeg\" class=\"attachment-large size-large wp-image-8368\" alt=\"\" srcset=\"https:\/\/car-partner.de\/wp-content\/uploads\/2026\/04\/WhatsApp-Image-2026-03-26-at-18.5ee5.28.jpeg 960w, https:\/\/car-partner.de\/wp-content\/uploads\/2026\/04\/WhatsApp-Image-2026-03-26-at-18.5ee5.28-300x225.jpeg 300w, https:\/\/car-partner.de\/wp-content\/uploads\/2026\/04\/WhatsApp-Image-2026-03-26-at-18.5ee5.28-768x576.jpeg 768w\" sizes=\"(max-width: 800px) 100vw, 800px\" \/>\t\t\t\t\t\t\t\t<\/a>\n\t\t\t\t\t\t\t\t\t\t\t<figcaption class=\"widget-image-caption wp-caption-text\">Unfall- Instandsetzung<\/figcaption>\n\t\t\t\t\t\t\t\t\t\t<\/figure>\n\t\t\t\t\t\t\t\t\t<\/div>\n\t\t\t\t<\/div>\n\t\t\t\t<\/div>\n\t\t\t\t\t<\/div>\n\t\t\t\t<\/div>\n\t\t\t\t<\/div>\n\t\t","protected":false},"excerpt":{"rendered":"<p>Leistungen auf einen Blick Bei uns erhalten Sie zuverl\u00e4ssigen Service rund um [&hellip;]<\/p>\n","protected":false},"author":2,"featured_media":0,"parent":0,"menu_order":0,"comment_status":"closed","ping_status":"closed","template":"","meta":{"footnotes":""},"class_list":["post-6728","page","type-page","status-publish","hentry"],"_links":{"self":[{"href":"https:\/\/car-partner.de\/index.php\/wp-json\/wp\/v2\/pages\/6728","targetHints":{"allow":["GET"]}}],"collection":[{"href":"https:\/\/car-partner.de\/index.php\/wp-json\/wp\/v2\/pages"}],"about":[{"href":"https:\/\/car-partner.de\/index.php\/wp-json\/wp\/v2\/types\/page"}],"author":[{"embeddable":true,"href":"https:\/\/car-partner.de\/index.php\/wp-json\/wp\/v2\/users\/2"}],"replies":[{"embeddable":true,"href":"https:\/\/car-partner.de\/index.php\/wp-json\/wp\/v2\/comments?post=6728"}],"version-history":[{"count":70,"href":"https:\/\/car-partner.de\/index.php\/wp-json\/wp\/v2\/pages\/6728\/revisions"}],"predecessor-version":[{"id":8428,"href":"https:\/\/car-partner.de\/index.php\/wp-json\/wp\/v2\/pages\/6728\/revisions\/8428"}],"wp:attachment":[{"href":"https:\/\/car-partner.de\/index.php\/wp-json\/wp\/v2\/media?parent=6728"}],"curies":[{"name":"wp","href":"https:\/\/api.w.org\/{rel}","templated":true}]}}