{"id":6870,"date":"2026-03-27T08:14:49","date_gmt":"2026-03-27T08:14:49","guid":{"rendered":"https:\/\/car-partner.de\/?page_id=6870"},"modified":"2026-03-27T10:32:02","modified_gmt":"2026-03-27T10:32:02","slug":"datenschutz","status":"publish","type":"page","link":"https:\/\/car-partner.de\/index.php\/datenschutz\/","title":{"rendered":"Datenschutz"},"content":{"rendered":"\t\t<div data-elementor-type=\"wp-page\" data-elementor-id=\"6870\" class=\"elementor elementor-6870\">\n\t\t\t\t<div class=\"elementor-element elementor-element-2d7f04e e-flex e-con-boxed e-con e-parent\" data-id=\"2d7f04e\" data-element_type=\"container\" data-e-type=\"container\">\n\t\t\t\t\t<div class=\"e-con-inner\">\n\t\t\t\t<div class=\"elementor-element elementor-element-28d4531 elementor-widget elementor-widget-text-editor\" data-id=\"28d4531\" data-element_type=\"widget\" data-e-type=\"widget\" data-settings=\"{&quot;ekit_we_effect_on&quot;:&quot;none&quot;}\" data-widget_type=\"text-editor.default\">\n\t\t\t\t<div class=\"elementor-widget-container\">\n\t\t\t\t\t\t\t\t\t<p data-start=\"124\" data-end=\"158\"><strong data-start=\"124\" data-end=\"158\">1. Datenschutz auf einen Blick<\/strong><\/p><p data-start=\"160\" data-end=\"424\"><strong data-start=\"160\" data-end=\"183\">Allgemeine Hinweise<\/strong><br data-start=\"183\" data-end=\"186\" \/>Die folgenden Hinweise geben einen einfachen \u00dcberblick dar\u00fcber, was mit Ihren personenbezogenen Daten passiert, wenn Sie diese Website besuchen. Personenbezogene Daten sind alle Daten, mit denen Sie pers\u00f6nlich identifiziert werden k\u00f6nnen.<\/p><p data-start=\"426\" data-end=\"463\"><strong data-start=\"426\" data-end=\"463\">Datenerfassung auf dieser Website<\/strong><\/p><p data-start=\"465\" data-end=\"613\"><strong data-start=\"465\" data-end=\"534\">Wer ist verantwortlich f\u00fcr die Datenerfassung auf dieser Website?<\/strong><br data-start=\"534\" data-end=\"537\" \/>Die Datenverarbeitung auf dieser Website erfolgt durch den Websitebetreiber:<\/p><p data-start=\"615\" data-end=\"687\">A&amp;G Car-Partner KFZ-Meisterwerkstatt<br data-start=\"651\" data-end=\"654\" \/>Karnaper Str. 244<br data-start=\"671\" data-end=\"674\" \/>45329 Essen<\/p><p data-start=\"689\" data-end=\"746\">Telefon: +49 201 28991850<br data-start=\"714\" data-end=\"717\" \/>E-Mail: <a class=\"decorated-link cursor-pointer\" rel=\"noopener\" data-start=\"725\" data-end=\"744\">info@car-partner.de<\/a><\/p><p data-start=\"748\" data-end=\"945\"><strong data-start=\"748\" data-end=\"780\">Wie erfassen wir Ihre Daten?<\/strong><br data-start=\"780\" data-end=\"783\" \/>Ihre Daten werden zum einen dadurch erhoben, dass Sie uns diese mitteilen. Hierbei kann es sich z. B. um Daten handeln, die Sie in ein Kontaktformular eingeben.<\/p><p data-start=\"947\" data-end=\"1255\">Andere Daten werden automatisch oder nach Ihrer Einwilligung beim Besuch der Website durch unsere IT-Systeme erfasst. Das sind vor allem technische Daten (z. B. Internetbrowser, Betriebssystem oder Uhrzeit des Seitenaufrufs). Die Erfassung dieser Daten erfolgt automatisch, sobald Sie diese Website betreten.<\/p><p data-start=\"1257\" data-end=\"1462\"><strong data-start=\"1257\" data-end=\"1289\">Wof\u00fcr nutzen wir Ihre Daten?<\/strong><br data-start=\"1289\" data-end=\"1292\" \/>Ein Teil der Daten wird erhoben, um eine fehlerfreie Bereitstellung der Website zu gew\u00e4hrleisten. Andere Daten k\u00f6nnen zur Analyse Ihres Nutzerverhaltens verwendet werden.<\/p><p data-start=\"1464\" data-end=\"2104\"><strong data-start=\"1464\" data-end=\"1514\">Welche Rechte haben Sie bez\u00fcglich Ihrer Daten?<\/strong><br data-start=\"1514\" data-end=\"1517\" \/>Sie haben jederzeit das Recht, unentgeltlich Auskunft \u00fcber Herkunft, Empf\u00e4nger und Zweck Ihrer gespeicherten personenbezogenen Daten zu erhalten. Sie haben au\u00dferdem ein Recht, die Berichtigung oder L\u00f6schung dieser Daten zu verlangen. Wenn Sie eine Einwilligung zur Datenverarbeitung erteilt haben, k\u00f6nnen Sie diese Einwilligung jederzeit f\u00fcr die Zukunft widerrufen. Au\u00dferdem haben Sie das Recht, unter bestimmten Umst\u00e4nden die Einschr\u00e4nkung der Verarbeitung Ihrer personenbezogenen Daten zu verlangen. Des Weiteren steht Ihnen ein Beschwerderecht bei der zust\u00e4ndigen Aufsichtsbeh\u00f6rde zu.<\/p><p data-start=\"2106\" data-end=\"2200\">Hierzu sowie zu weiteren Fragen zum Thema Datenschutz k\u00f6nnen Sie sich jederzeit an uns wenden.<\/p><hr data-start=\"2606\" data-end=\"2609\" \/><p data-start=\"2611\" data-end=\"2662\"><strong data-start=\"2611\" data-end=\"2662\">2. Allgemeine Hinweise und Pflichtinformationen<\/strong><\/p><p data-start=\"2664\" data-end=\"2912\"><strong data-start=\"2664\" data-end=\"2679\">Datenschutz<\/strong><br data-start=\"2679\" data-end=\"2682\" \/>Die Betreiber dieser Seiten nehmen den Schutz Ihrer pers\u00f6nlichen Daten sehr ernst. Wir behandeln Ihre personenbezogenen Daten vertraulich und entsprechend den gesetzlichen Datenschutzvorschriften sowie dieser Datenschutzerkl\u00e4rung.<\/p><p data-start=\"2914\" data-end=\"3124\"><strong data-start=\"2914\" data-end=\"2931\">Speicherdauer<\/strong><br data-start=\"2931\" data-end=\"2934\" \/>Soweit innerhalb dieser Datenschutzerkl\u00e4rung keine speziellere Speicherdauer genannt wurde, verbleiben Ihre personenbezogenen Daten bei uns, bis der Zweck f\u00fcr die Datenverarbeitung entf\u00e4llt.<\/p><p data-start=\"3126\" data-end=\"3279\"><strong data-start=\"3126\" data-end=\"3168\">Rechtsgrundlagen der Datenverarbeitung<\/strong><br data-start=\"3168\" data-end=\"3171\" \/>Die Verarbeitung Ihrer Daten erfolgt je nach Fall auf Grundlage von Art. 6 Abs. 1 lit. a, b, c oder f DSGVO.<\/p><hr data-start=\"3281\" data-end=\"3284\" \/><p data-start=\"3286\" data-end=\"3326\"><strong data-start=\"3286\" data-end=\"3326\">3. Datenerfassung auf dieser Website<\/strong><\/p><p data-start=\"3328\" data-end=\"3536\"><strong data-start=\"3328\" data-end=\"3339\">Cookies<\/strong><br data-start=\"3339\" data-end=\"3342\" \/>Unsere Internetseiten verwenden so genannte \u201eCookies\u201c. Cookies richten auf Ihrem Endger\u00e4t keinen Schaden an. Sie dienen dazu, unser Angebot nutzerfreundlicher, effektiver und sicherer zu machen.<\/p><p data-start=\"3538\" data-end=\"3699\">Sie k\u00f6nnen Ihren Browser so einstellen, dass Sie \u00fcber das Setzen von Cookies informiert werden und Cookies nur im Einzelfall erlauben oder generell ausschlie\u00dfen.<\/p><p data-start=\"3701\" data-end=\"3891\"><strong data-start=\"3701\" data-end=\"3723\">Server-Log-Dateien<\/strong><br data-start=\"3723\" data-end=\"3726\" \/>Der Provider der Seiten erhebt und speichert automatisch Informationen in so genannten Server-Log-Dateien, die Ihr Browser automatisch an uns \u00fcbermittelt. Dies sind:<\/p><ul><li>Browsertyp und Browserversion<\/li><li data-section-id=\"16zjdan\" data-start=\"3927\" data-end=\"3957\">verwendetes Betriebssystem<\/li><li data-section-id=\"anwpz4\" data-start=\"3958\" data-end=\"3974\">Referrer URL<\/li><li data-section-id=\"11xzbtr\" data-start=\"3975\" data-end=\"4013\">Hostname des zugreifenden Rechners<\/li><li data-section-id=\"6is6x7\" data-start=\"4014\" data-end=\"4043\">Uhrzeit der Serveranfrage<\/li><li data-section-id=\"1h0uk97\" data-start=\"4044\" data-end=\"4058\">IP-Adresse<\/li><\/ul><p data-start=\"4060\" data-end=\"4142\">Eine Zusammenf\u00fchrung dieser Daten mit anderen Datenquellen wird nicht vorgenommen.<\/p><p data-start=\"4144\" data-end=\"4382\"><strong data-start=\"4144\" data-end=\"4181\">Kontaktformular \/ Kontaktaufnahme<\/strong><br data-start=\"4181\" data-end=\"4184\" \/>Wenn Sie uns per Kontaktformular, E-Mail oder Telefon kontaktieren, werden Ihre Angaben zwecks Bearbeitung der Anfrage bei uns gespeichert. Diese Daten geben wir nicht ohne Ihre Einwilligung weiter.<\/p><hr data-start=\"4384\" data-end=\"4387\" \/><p data-start=\"4389\" data-end=\"4413\"><strong data-start=\"4389\" data-end=\"4413\">4. Plugins und Tools<\/strong><\/p><p data-start=\"4415\" data-end=\"4533\"><strong data-start=\"4415\" data-end=\"4430\">Google Maps<\/strong><br data-start=\"4430\" data-end=\"4433\" \/>Diese Seite nutzt den Kartendienst Google Maps. Anbieter ist Google Ireland Limited, Dublin, Irland.<\/p><p data-start=\"4535\" data-end=\"4719\">Zur Nutzung der Funktionen von Google Maps ist es notwendig, Ihre IP-Adresse zu speichern. Diese Informationen werden in der Regel an Server von Google \u00fcbertragen und dort gespeichert.<\/p><p data-start=\"4721\" data-end=\"4795\">Mehr Informationen finden Sie unter:<br data-start=\"4757\" data-end=\"4760\" \/><a class=\"decorated-link\" href=\"https:\/\/policies.google.com\/privacy\" target=\"_new\" rel=\"noopener\" data-start=\"4760\" data-end=\"4795\">https:\/\/policies.google.com\/privacy<\/a><\/p><hr data-start=\"4797\" data-end=\"4800\" \/><p data-start=\"4802\" data-end=\"5038\"><strong data-start=\"4802\" data-end=\"4835\">SSL- bzw. TLS-Verschl\u00fcsselung<\/strong><br data-start=\"4835\" data-end=\"4838\" \/>Diese Seite nutzt aus Sicherheitsgr\u00fcnden eine SSL- bzw. TLS-Verschl\u00fcsselung. Eine verschl\u00fcsselte Verbindung erkennen Sie daran, dass die Adresszeile des Browsers von \u201ehttp:\/\/\u201c auf \u201ehttps:\/\/\u201c wechselt.<\/p>\t\t\t\t\t\t\t\t<\/div>\n\t\t\t\t<\/div>\n\t\t\t\t\t<\/div>\n\t\t\t\t<\/div>\n\t\t\t\t<\/div>\n\t\t","protected":false},"excerpt":{"rendered":"<p>1. Datenschutz auf einen Blick Allgemeine HinweiseDie folgenden Hinweise geben einen einfachen [&hellip;]<\/p>\n","protected":false},"author":2,"featured_media":0,"parent":0,"menu_order":0,"comment_status":"closed","ping_status":"closed","template":"","meta":{"footnotes":""},"class_list":["post-6870","page","type-page","status-publish","hentry"],"_links":{"self":[{"href":"https:\/\/car-partner.de\/index.php\/wp-json\/wp\/v2\/pages\/6870","targetHints":{"allow":["GET"]}}],"collection":[{"href":"https:\/\/car-partner.de\/index.php\/wp-json\/wp\/v2\/pages"}],"about":[{"href":"https:\/\/car-partner.de\/index.php\/wp-json\/wp\/v2\/types\/page"}],"author":[{"embeddable":true,"href":"https:\/\/car-partner.de\/index.php\/wp-json\/wp\/v2\/users\/2"}],"replies":[{"embeddable":true,"href":"https:\/\/car-partner.de\/index.php\/wp-json\/wp\/v2\/comments?post=6870"}],"version-history":[{"count":7,"href":"https:\/\/car-partner.de\/index.php\/wp-json\/wp\/v2\/pages\/6870\/revisions"}],"predecessor-version":[{"id":6953,"href":"https:\/\/car-partner.de\/index.php\/wp-json\/wp\/v2\/pages\/6870\/revisions\/6953"}],"wp:attachment":[{"href":"https:\/\/car-partner.de\/index.php\/wp-json\/wp\/v2\/media?parent=6870"}],"curies":[{"name":"wp","href":"https:\/\/api.w.org\/{rel}","templated":true}]}}