{"id":7295,"date":"2026-03-28T09:41:14","date_gmt":"2026-03-28T09:41:14","guid":{"rendered":"https:\/\/car-partner.de\/?page_id=7295"},"modified":"2026-04-08T22:31:51","modified_gmt":"2026-04-08T22:31:51","slug":"autoglas","status":"publish","type":"page","link":"https:\/\/car-partner.de\/index.php\/autoglas\/","title":{"rendered":"Autoglas"},"content":{"rendered":"\t\t<div data-elementor-type=\"wp-page\" data-elementor-id=\"7295\" class=\"elementor elementor-7295\">\n\t\t\t\t<div class=\"elementor-element elementor-element-16b663a e-flex e-con-boxed e-con e-parent\" data-id=\"16b663a\" data-element_type=\"container\" data-e-type=\"container\">\n\t\t\t\t\t<div class=\"e-con-inner\">\n\t\t\t\t\t<\/div>\n\t\t\t\t<\/div>\n\t\t<div class=\"elementor-element elementor-element-6676cb9 e-flex e-con-boxed e-con e-parent\" data-id=\"6676cb9\" data-element_type=\"container\" data-e-type=\"container\">\n\t\t\t\t\t<div class=\"e-con-inner\">\n\t\t\t\t<div class=\"elementor-element elementor-element-e36bc7f elementor-widget elementor-widget-text-editor\" data-id=\"e36bc7f\" data-element_type=\"widget\" data-e-type=\"widget\" data-settings=\"{&quot;ekit_we_effect_on&quot;:&quot;none&quot;}\" data-widget_type=\"text-editor.default\">\n\t\t\t\t<div class=\"elementor-widget-container\">\n\t\t\t\t\t\t\t\t\t<p>Ein Schaden an der Windschutzscheibe ist nicht nur \u00e4rgerlich, sondern kann auch Ihre Sicherheit im Stra\u00dfenverkehr beeintr\u00e4chtigen. Wir bieten Ihnen einen schnellen und fachgerechten Autoglas-Service \u2013 von der Reparatur kleiner Steinschl\u00e4ge bis zum kompletten Austausch der Scheibe.<\/p>\t\t\t\t\t\t\t\t<\/div>\n\t\t\t\t<\/div>\n\t\t\t\t\t<\/div>\n\t\t\t\t<\/div>\n\t\t<div class=\"elementor-element elementor-element-e388fe2 e-flex e-con-boxed e-con e-parent\" data-id=\"e388fe2\" data-element_type=\"container\" data-e-type=\"container\">\n\t\t\t\t\t<div class=\"e-con-inner\">\n\t\t\t\t<div class=\"elementor-element elementor-element-2108c1e elementor-widget elementor-widget-spacer\" data-id=\"2108c1e\" data-element_type=\"widget\" data-e-type=\"widget\" data-settings=\"{&quot;ekit_we_effect_on&quot;:&quot;none&quot;}\" data-widget_type=\"spacer.default\">\n\t\t\t\t<div class=\"elementor-widget-container\">\n\t\t\t\t\t\t\t<div class=\"elementor-spacer\">\n\t\t\t<div class=\"elementor-spacer-inner\"><\/div>\n\t\t<\/div>\n\t\t\t\t\t\t<\/div>\n\t\t\t\t<\/div>\n\t\t\t\t\t<\/div>\n\t\t\t\t<\/div>\n\t\t<div class=\"elementor-element elementor-element-9addffc e-flex e-con-boxed e-con e-parent\" data-id=\"9addffc\" data-element_type=\"container\" data-e-type=\"container\">\n\t\t\t\t\t<div class=\"e-con-inner\">\n\t\t\t\t<div class=\"elementor-element elementor-element-401086f elementor-widget elementor-widget-text-editor\" data-id=\"401086f\" data-element_type=\"widget\" data-e-type=\"widget\" data-settings=\"{&quot;ekit_we_effect_on&quot;:&quot;none&quot;}\" data-widget_type=\"text-editor.default\">\n\t\t\t\t<div class=\"elementor-widget-container\">\n\t\t\t\t\t\t\t\t\t<p><strong>Wann sollte Autoglas repariert oder ersetzt werden?<\/strong><\/p>\t\t\t\t\t\t\t\t<\/div>\n\t\t\t\t<\/div>\n\t\t\t\t\t<\/div>\n\t\t\t\t<\/div>\n\t\t<div class=\"elementor-element elementor-element-5e9ff9a e-flex e-con-boxed e-con e-parent\" data-id=\"5e9ff9a\" data-element_type=\"container\" data-e-type=\"container\">\n\t\t\t\t\t<div class=\"e-con-inner\">\n\t\t\t\t<div class=\"elementor-element elementor-element-38ebe2f elementor-widget elementor-widget-text-editor\" data-id=\"38ebe2f\" data-element_type=\"widget\" data-e-type=\"widget\" data-settings=\"{&quot;ekit_we_effect_on&quot;:&quot;none&quot;}\" data-widget_type=\"text-editor.default\">\n\t\t\t\t<div class=\"elementor-widget-container\">\n\t\t\t\t\t\t\t\t\t<p>Kleine Steinschl\u00e4ge lassen sich oft schnell und kosteng\u00fcnstig reparieren. Ist der Schaden jedoch gr\u00f6\u00dfer oder befindet sich im Sichtfeld des Fahrers, ist ein Austausch der Scheibe notwendig. Unsere Experten pr\u00fcfen den Schaden genau und empfehlen Ihnen die beste L\u00f6sung.<\/p>\t\t\t\t\t\t\t\t<\/div>\n\t\t\t\t<\/div>\n\t\t\t\t\t<\/div>\n\t\t\t\t<\/div>\n\t\t<div class=\"elementor-element elementor-element-d5b011e e-flex e-con-boxed e-con e-parent\" data-id=\"d5b011e\" data-element_type=\"container\" data-e-type=\"container\">\n\t\t\t\t\t<div class=\"e-con-inner\">\n\t\t\t\t<div class=\"elementor-element elementor-element-2a140aa elementor-widget elementor-widget-text-editor\" data-id=\"2a140aa\" data-element_type=\"widget\" data-e-type=\"widget\" data-settings=\"{&quot;ekit_we_effect_on&quot;:&quot;none&quot;}\" data-widget_type=\"text-editor.default\">\n\t\t\t\t<div class=\"elementor-widget-container\">\n\t\t\t\t\t\t\t\t\t<p><strong>Unser Service f\u00fcr Sie<\/strong><\/p>\t\t\t\t\t\t\t\t<\/div>\n\t\t\t\t<\/div>\n\t\t\t\t\t<\/div>\n\t\t\t\t<\/div>\n\t\t<div class=\"elementor-element elementor-element-7912ce9 e-flex e-con-boxed e-con e-parent\" data-id=\"7912ce9\" data-element_type=\"container\" data-e-type=\"container\">\n\t\t\t\t\t<div class=\"e-con-inner\">\n\t\t\t\t<div class=\"elementor-element elementor-element-f5986fa elementor-widget elementor-widget-text-editor\" data-id=\"f5986fa\" data-element_type=\"widget\" data-e-type=\"widget\" data-settings=\"{&quot;ekit_we_effect_on&quot;:&quot;none&quot;}\" data-widget_type=\"text-editor.default\">\n\t\t\t\t<div class=\"elementor-widget-container\">\n\t\t\t\t\t\t\t\t\t<ul><li data-section-id=\"lriy7u\" data-start=\"828\" data-end=\"903\"><strong data-start=\"830\" data-end=\"855\">Steinschlagreparatur:<\/strong> Schnell und unkompliziert, oft ohne Austausch<\/li><li data-section-id=\"ljjqhr\" data-start=\"904\" data-end=\"975\"><strong data-start=\"906\" data-end=\"928\">Scheibenaustausch:<\/strong> Fachgerechter Einbau nach Herstellervorgaben<\/li><li data-section-id=\"1mjdc9p\" data-start=\"976\" data-end=\"1071\"><strong data-start=\"978\" data-end=\"1006\">Versicherungsabwicklung:<\/strong> Wir unterst\u00fctzen Sie bei der Abwicklung mit Ihrer Versicherung<\/li><li data-section-id=\"1smbxtu\" data-start=\"1072\" data-end=\"1146\"><strong data-start=\"1074\" data-end=\"1096\">Schneller Service:<\/strong> Kurze Wartezeiten und zuverl\u00e4ssige Durchf\u00fchrung<\/li><\/ul>\t\t\t\t\t\t\t\t<\/div>\n\t\t\t\t<\/div>\n\t\t\t\t\t<\/div>\n\t\t\t\t<\/div>\n\t\t<div class=\"elementor-element elementor-element-70f83d9 e-flex e-con-boxed e-con e-parent\" data-id=\"70f83d9\" data-element_type=\"container\" data-e-type=\"container\">\n\t\t\t\t\t<div class=\"e-con-inner\">\n\t\t\t\t<div class=\"elementor-element elementor-element-5272b89 elementor-widget elementor-widget-spacer\" data-id=\"5272b89\" data-element_type=\"widget\" data-e-type=\"widget\" data-settings=\"{&quot;ekit_we_effect_on&quot;:&quot;none&quot;}\" data-widget_type=\"spacer.default\">\n\t\t\t\t<div class=\"elementor-widget-container\">\n\t\t\t\t\t\t\t<div class=\"elementor-spacer\">\n\t\t\t<div class=\"elementor-spacer-inner\"><\/div>\n\t\t<\/div>\n\t\t\t\t\t\t<\/div>\n\t\t\t\t<\/div>\n\t\t\t\t\t<\/div>\n\t\t\t\t<\/div>\n\t\t<div class=\"elementor-element elementor-element-cc0d843 e-flex e-con-boxed e-con e-parent\" data-id=\"cc0d843\" data-element_type=\"container\" data-e-type=\"container\">\n\t\t\t\t\t<div class=\"e-con-inner\">\n\t\t\t\t<div class=\"elementor-element elementor-element-a2fadb4 elementor-widget elementor-widget-text-editor\" data-id=\"a2fadb4\" data-element_type=\"widget\" data-e-type=\"widget\" data-settings=\"{&quot;ekit_we_effect_on&quot;:&quot;none&quot;}\" data-widget_type=\"text-editor.default\">\n\t\t\t\t<div class=\"elementor-widget-container\">\n\t\t\t\t\t\t\t\t\t<p><strong>Sicherheit hat Vorrang<\/strong><\/p>\t\t\t\t\t\t\t\t<\/div>\n\t\t\t\t<\/div>\n\t\t\t\t\t<\/div>\n\t\t\t\t<\/div>\n\t\t<div class=\"elementor-element elementor-element-2706dcb e-flex e-con-boxed e-con e-parent\" data-id=\"2706dcb\" data-element_type=\"container\" data-e-type=\"container\">\n\t\t\t\t\t<div class=\"e-con-inner\">\n\t\t\t\t<div class=\"elementor-element elementor-element-629e970 elementor-widget elementor-widget-text-editor\" data-id=\"629e970\" data-element_type=\"widget\" data-e-type=\"widget\" data-settings=\"{&quot;ekit_we_effect_on&quot;:&quot;none&quot;}\" data-widget_type=\"text-editor.default\">\n\t\t\t\t<div class=\"elementor-widget-container\">\n\t\t\t\t\t\t\t\t\t<p>Intakte Fahrzeugscheiben sind entscheidend f\u00fcr die Stabilit\u00e4t Ihres Fahrzeugs und Ihre Sicherheit. Vertrauen Sie auf unsere Erfahrung und sorgen Sie f\u00fcr klare Sicht und sicheren Halt.<\/p>\t\t\t\t\t\t\t\t<\/div>\n\t\t\t\t<\/div>\n\t\t\t\t\t<\/div>\n\t\t\t\t<\/div>\n\t\t<div class=\"elementor-element elementor-element-05491fb e-flex e-con-boxed e-con e-parent\" data-id=\"05491fb\" data-element_type=\"container\" data-e-type=\"container\">\n\t\t\t\t\t<div class=\"e-con-inner\">\n\t\t\t\t<div class=\"elementor-element elementor-element-60482fc elementor-widget elementor-widget-button\" data-id=\"60482fc\" data-element_type=\"widget\" data-e-type=\"widget\" data-settings=\"{&quot;ekit_we_effect_on&quot;:&quot;none&quot;}\" data-widget_type=\"button.default\">\n\t\t\t\t<div class=\"elementor-widget-container\">\n\t\t\t\t\t\t\t\t\t<div class=\"elementor-button-wrapper\">\n\t\t\t\t\t<a class=\"elementor-button elementor-button-link elementor-size-sm\" href=\"tel:+49%20201%2028991850\">\n\t\t\t\t\t\t<span class=\"elementor-button-content-wrapper\">\n\t\t\t\t\t\t\t\t\t<span class=\"elementor-button-text\">Termin Vereinbaren <\/span>\n\t\t\t\t\t<\/span>\n\t\t\t\t\t<\/a>\n\t\t\t\t<\/div>\n\t\t\t\t\t\t\t\t<\/div>\n\t\t\t\t<\/div>\n\t\t\t\t\t<\/div>\n\t\t\t\t<\/div>\n\t\t<div class=\"elementor-element elementor-element-ac17a50 e-flex e-con-boxed e-con e-parent\" data-id=\"ac17a50\" data-element_type=\"container\" data-e-type=\"container\">\n\t\t\t\t\t<div class=\"e-con-inner\">\n\t\t\t\t<div class=\"elementor-element elementor-element-3fe6d45 elementor-widget elementor-widget-spacer\" data-id=\"3fe6d45\" data-element_type=\"widget\" data-e-type=\"widget\" data-settings=\"{&quot;ekit_we_effect_on&quot;:&quot;none&quot;}\" data-widget_type=\"spacer.default\">\n\t\t\t\t<div class=\"elementor-widget-container\">\n\t\t\t\t\t\t\t<div class=\"elementor-spacer\">\n\t\t\t<div class=\"elementor-spacer-inner\"><\/div>\n\t\t<\/div>\n\t\t\t\t\t\t<\/div>\n\t\t\t\t<\/div>\n\t\t\t\t\t<\/div>\n\t\t\t\t<\/div>\n\t\t<div class=\"elementor-element elementor-element-f5c69f7 e-flex e-con-boxed e-con e-parent\" data-id=\"f5c69f7\" data-element_type=\"container\" data-e-type=\"container\">\n\t\t\t\t\t<div class=\"e-con-inner\">\n\t\t\t\t<div class=\"elementor-element elementor-element-f2ae7a3 elementor-widget elementor-widget-text-editor\" data-id=\"f2ae7a3\" data-element_type=\"widget\" data-e-type=\"widget\" data-settings=\"{&quot;ekit_we_effect_on&quot;:&quot;none&quot;}\" data-widget_type=\"text-editor.default\">\n\t\t\t\t<div class=\"elementor-widget-container\">\n\t\t\t\t\t\t\t\t\t<p><strong>Weitere Leistungen f\u00fcr Ihr Fahrzeug<\/strong><\/p>\t\t\t\t\t\t\t\t<\/div>\n\t\t\t\t<\/div>\n\t\t\t\t\t<\/div>\n\t\t\t\t<\/div>\n\t\t<div class=\"elementor-element elementor-element-2a76958 e-flex e-con-boxed e-con e-parent\" data-id=\"2a76958\" data-element_type=\"container\" data-e-type=\"container\">\n\t\t\t\t\t<div class=\"e-con-inner\">\n\t\t\t\t<div class=\"elementor-element elementor-element-396ae2d elementor-widget elementor-widget-text-editor\" data-id=\"396ae2d\" data-element_type=\"widget\" data-e-type=\"widget\" data-settings=\"{&quot;ekit_we_effect_on&quot;:&quot;none&quot;}\" data-widget_type=\"text-editor.default\">\n\t\t\t\t<div class=\"elementor-widget-container\">\n\t\t\t\t\t\t\t\t\t<p>Neben unserem spezialisierten Service bieten wir Ihnen eine Vielzahl weiterer Leistungen rund um Ihr Fahrzeug. Von Inspektionen \u00fcber Reparaturen bis hin zu individuellen L\u00f6sungen.&nbsp;<\/p>\t\t\t\t\t\t\t\t<\/div>\n\t\t\t\t<\/div>\n\t\t\t\t\t<\/div>\n\t\t\t\t<\/div>\n\t\t<div class=\"elementor-element elementor-element-e6d8575 e-flex e-con-boxed e-con e-parent\" data-id=\"e6d8575\" data-element_type=\"container\" data-e-type=\"container\">\n\t\t\t\t\t<div class=\"e-con-inner\">\n\t\t\t\t<div class=\"elementor-element elementor-element-ee8aea3 elementor-widget-divider--view-line elementor-widget elementor-widget-divider\" data-id=\"ee8aea3\" data-element_type=\"widget\" data-e-type=\"widget\" data-settings=\"{&quot;ekit_we_effect_on&quot;:&quot;none&quot;}\" data-widget_type=\"divider.default\">\n\t\t\t\t<div class=\"elementor-widget-container\">\n\t\t\t\t\t\t\t<div class=\"elementor-divider\">\n\t\t\t<span class=\"elementor-divider-separator\">\n\t\t\t\t\t\t<\/span>\n\t\t<\/div>\n\t\t\t\t\t\t<\/div>\n\t\t\t\t<\/div>\n\t\t\t\t\t<\/div>\n\t\t\t\t<\/div>\n\t\t<div class=\"elementor-element elementor-element-2d6bcd9 e-flex e-con-boxed e-con e-parent\" data-id=\"2d6bcd9\" data-element_type=\"container\" data-e-type=\"container\">\n\t\t\t\t\t<div class=\"e-con-inner\">\n\t\t<div class=\"elementor-element elementor-element-feafc71 e-con-full e-flex e-con e-child\" data-id=\"feafc71\" data-element_type=\"container\" data-e-type=\"container\">\n\t\t\t\t<div class=\"elementor-element elementor-element-7d7f526 at-image-animation at-animation-image-none elementor-widget elementor-widget-image\" data-id=\"7d7f526\" data-element_type=\"widget\" data-e-type=\"widget\" data-settings=\"{&quot;ekit_we_effect_on&quot;:&quot;none&quot;}\" data-widget_type=\"image.default\">\n\t\t\t\t<div class=\"elementor-widget-container\">\n\t\t\t\t\t\t\t\t\t\t\t\t<figure class=\"wp-caption\">\n\t\t\t\t\t\t\t\t\t\t\t<a href=\"https:\/\/car-partner.de\/index.php\/reifenservice\/\">\n\t\t\t\t\t\t\t<img fetchpriority=\"high\" decoding=\"async\" width=\"800\" height=\"533\" src=\"https:\/\/car-partner.de\/wp-content\/uploads\/2026\/03\/Reifenwechsel-Drehmomentschluessel_Stahlwille.jpg\" class=\"attachment-large size-large wp-image-7370\" alt=\"\" srcset=\"https:\/\/car-partner.de\/wp-content\/uploads\/2026\/03\/Reifenwechsel-Drehmomentschluessel_Stahlwille.jpg 900w, https:\/\/car-partner.de\/wp-content\/uploads\/2026\/03\/Reifenwechsel-Drehmomentschluessel_Stahlwille-300x200.jpg 300w, https:\/\/car-partner.de\/wp-content\/uploads\/2026\/03\/Reifenwechsel-Drehmomentschluessel_Stahlwille-768x512.jpg 768w\" sizes=\"(max-width: 800px) 100vw, 800px\" \/>\t\t\t\t\t\t\t\t<\/a>\n\t\t\t\t\t\t\t\t\t\t\t<figcaption class=\"widget-image-caption wp-caption-text\">Reifenservice <\/figcaption>\n\t\t\t\t\t\t\t\t\t\t<\/figure>\n\t\t\t\t\t\t\t\t\t<\/div>\n\t\t\t\t<\/div>\n\t\t\t\t<\/div>\n\t\t<div class=\"elementor-element elementor-element-93a26c7 e-con-full e-flex e-con e-child\" data-id=\"93a26c7\" data-element_type=\"container\" data-e-type=\"container\">\n\t\t\t\t<div class=\"elementor-element elementor-element-36d6fb7 at-image-animation at-animation-image-none elementor-widget elementor-widget-image\" data-id=\"36d6fb7\" data-element_type=\"widget\" data-e-type=\"widget\" data-settings=\"{&quot;ekit_we_effect_on&quot;:&quot;none&quot;}\" data-widget_type=\"image.default\">\n\t\t\t\t<div class=\"elementor-widget-container\">\n\t\t\t\t\t\t\t\t\t\t\t\t<figure class=\"wp-caption\">\n\t\t\t\t\t\t\t\t\t\t\t<a href=\"https:\/\/car-partner.de\/index.php\/kfz-reperatur\/\">\n\t\t\t\t\t\t\t<img decoding=\"async\" width=\"800\" height=\"800\" src=\"https:\/\/car-partner.de\/wp-content\/uploads\/2026\/04\/upscalemedia-transformed_upscaled-1024x1024.jpeg\" class=\"attachment-large size-large wp-image-8290\" alt=\"\" srcset=\"https:\/\/car-partner.de\/wp-content\/uploads\/2026\/04\/upscalemedia-transformed_upscaled-1024x1024.jpeg 1024w, https:\/\/car-partner.de\/wp-content\/uploads\/2026\/04\/upscalemedia-transformed_upscaled-300x300.jpeg 300w, https:\/\/car-partner.de\/wp-content\/uploads\/2026\/04\/upscalemedia-transformed_upscaled-150x150.jpeg 150w, https:\/\/car-partner.de\/wp-content\/uploads\/2026\/04\/upscalemedia-transformed_upscaled-768x768.jpeg 768w, https:\/\/car-partner.de\/wp-content\/uploads\/2026\/04\/upscalemedia-transformed_upscaled-1536x1536.jpeg 1536w, https:\/\/car-partner.de\/wp-content\/uploads\/2026\/04\/upscalemedia-transformed_upscaled-2048x2048.jpeg 2048w, https:\/\/car-partner.de\/wp-content\/uploads\/2026\/04\/upscalemedia-transformed_upscaled-700x700.jpeg 700w, https:\/\/car-partner.de\/wp-content\/uploads\/2026\/04\/upscalemedia-transformed_upscaled-scaled-e1775679060189.jpeg 1800w\" sizes=\"(max-width: 800px) 100vw, 800px\" \/>\t\t\t\t\t\t\t\t<\/a>\n\t\t\t\t\t\t\t\t\t\t\t<figcaption class=\"widget-image-caption wp-caption-text\">Reperatur <\/figcaption>\n\t\t\t\t\t\t\t\t\t\t<\/figure>\n\t\t\t\t\t\t\t\t\t<\/div>\n\t\t\t\t<\/div>\n\t\t\t\t<\/div>\n\t\t\t\t\t<\/div>\n\t\t\t\t<\/div>\n\t\t\t\t<\/div>\n\t\t","protected":false},"excerpt":{"rendered":"<p>Ein Schaden an der Windschutzscheibe ist nicht nur \u00e4rgerlich, sondern kann auch [&hellip;]<\/p>\n","protected":false},"author":2,"featured_media":0,"parent":0,"menu_order":0,"comment_status":"closed","ping_status":"closed","template":"","meta":{"footnotes":""},"class_list":["post-7295","page","type-page","status-publish","hentry"],"_links":{"self":[{"href":"https:\/\/car-partner.de\/index.php\/wp-json\/wp\/v2\/pages\/7295","targetHints":{"allow":["GET"]}}],"collection":[{"href":"https:\/\/car-partner.de\/index.php\/wp-json\/wp\/v2\/pages"}],"about":[{"href":"https:\/\/car-partner.de\/index.php\/wp-json\/wp\/v2\/types\/page"}],"author":[{"embeddable":true,"href":"https:\/\/car-partner.de\/index.php\/wp-json\/wp\/v2\/users\/2"}],"replies":[{"embeddable":true,"href":"https:\/\/car-partner.de\/index.php\/wp-json\/wp\/v2\/comments?post=7295"}],"version-history":[{"count":25,"href":"https:\/\/car-partner.de\/index.php\/wp-json\/wp\/v2\/pages\/7295\/revisions"}],"predecessor-version":[{"id":8437,"href":"https:\/\/car-partner.de\/index.php\/wp-json\/wp\/v2\/pages\/7295\/revisions\/8437"}],"wp:attachment":[{"href":"https:\/\/car-partner.de\/index.php\/wp-json\/wp\/v2\/media?parent=7295"}],"curies":[{"name":"wp","href":"https:\/\/api.w.org\/{rel}","templated":true}]}}