{"id":7299,"date":"2026-03-28T09:44:10","date_gmt":"2026-03-28T09:44:10","guid":{"rendered":"https:\/\/car-partner.de\/?page_id=7299"},"modified":"2026-04-08T22:36:53","modified_gmt":"2026-04-08T22:36:53","slug":"getriebespuelung","status":"publish","type":"page","link":"https:\/\/car-partner.de\/index.php\/getriebespuelung\/","title":{"rendered":"Getriebesp\u00fclung"},"content":{"rendered":"\t\t<div data-elementor-type=\"wp-page\" data-elementor-id=\"7299\" class=\"elementor elementor-7299\">\n\t\t\t\t<div class=\"elementor-element elementor-element-10cf077 e-flex e-con-boxed e-con e-parent\" data-id=\"10cf077\" data-element_type=\"container\" data-e-type=\"container\">\n\t\t\t\t\t<div class=\"e-con-inner\">\n\t\t\t\t\t<\/div>\n\t\t\t\t<\/div>\n\t\t<div class=\"elementor-element elementor-element-0257dda e-flex e-con-boxed e-con e-parent\" data-id=\"0257dda\" data-element_type=\"container\" data-e-type=\"container\">\n\t\t\t\t\t<div class=\"e-con-inner\">\n\t\t\t\t<div class=\"elementor-element elementor-element-3ff25b5 elementor-widget elementor-widget-text-editor\" data-id=\"3ff25b5\" data-element_type=\"widget\" data-e-type=\"widget\" data-settings=\"{&quot;ekit_we_effect_on&quot;:&quot;none&quot;}\" data-widget_type=\"text-editor.default\">\n\t\t\t\t<div class=\"elementor-widget-container\">\n\t\t\t\t\t\t\t\t\t<p>Eine Getriebesp\u00fclung sorgt f\u00fcr geschmeidige Schaltvorg\u00e4nge und verl\u00e4ngert die Lebensdauer Ihres Getriebes. Wir bieten bei\u00a0Ihnen eine professionelle Getriebesp\u00fclung, bei der das alte Getriebe\u00f6l vollst\u00e4ndig entfernt und durch frisches, hochwertiges \u00d6l ersetzt wird.<\/p>\t\t\t\t\t\t\t\t<\/div>\n\t\t\t\t<\/div>\n\t\t\t\t\t<\/div>\n\t\t\t\t<\/div>\n\t\t<div class=\"elementor-element elementor-element-32dd1df e-flex e-con-boxed e-con e-parent\" data-id=\"32dd1df\" data-element_type=\"container\" data-e-type=\"container\">\n\t\t\t\t\t<div class=\"e-con-inner\">\n\t\t\t\t<div class=\"elementor-element elementor-element-482ccc5 elementor-widget elementor-widget-spacer\" data-id=\"482ccc5\" data-element_type=\"widget\" data-e-type=\"widget\" data-settings=\"{&quot;ekit_we_effect_on&quot;:&quot;none&quot;}\" data-widget_type=\"spacer.default\">\n\t\t\t\t<div class=\"elementor-widget-container\">\n\t\t\t\t\t\t\t<div class=\"elementor-spacer\">\n\t\t\t<div class=\"elementor-spacer-inner\"><\/div>\n\t\t<\/div>\n\t\t\t\t\t\t<\/div>\n\t\t\t\t<\/div>\n\t\t\t\t\t<\/div>\n\t\t\t\t<\/div>\n\t\t<div class=\"elementor-element elementor-element-ac0ab19 e-flex e-con-boxed e-con e-parent\" data-id=\"ac0ab19\" data-element_type=\"container\" data-e-type=\"container\">\n\t\t\t\t\t<div class=\"e-con-inner\">\n\t\t\t\t<div class=\"elementor-element elementor-element-8abc364 elementor-widget elementor-widget-text-editor\" data-id=\"8abc364\" data-element_type=\"widget\" data-e-type=\"widget\" data-settings=\"{&quot;ekit_we_effect_on&quot;:&quot;none&quot;}\" data-widget_type=\"text-editor.default\">\n\t\t\t\t<div class=\"elementor-widget-container\">\n\t\t\t\t\t\t\t\t\t<p><strong>Warum ist eine Getriebesp\u00fclung wichtig?<\/strong><\/p>\t\t\t\t\t\t\t\t<\/div>\n\t\t\t\t<\/div>\n\t\t\t\t\t<\/div>\n\t\t\t\t<\/div>\n\t\t<div class=\"elementor-element elementor-element-8a5216e e-flex e-con-boxed e-con e-parent\" data-id=\"8a5216e\" data-element_type=\"container\" data-e-type=\"container\">\n\t\t\t\t\t<div class=\"e-con-inner\">\n\t\t\t\t<div class=\"elementor-element elementor-element-ab2d48f elementor-widget elementor-widget-text-editor\" data-id=\"ab2d48f\" data-element_type=\"widget\" data-e-type=\"widget\" data-settings=\"{&quot;ekit_we_effect_on&quot;:&quot;none&quot;}\" data-widget_type=\"text-editor.default\">\n\t\t\t\t<div class=\"elementor-widget-container\">\n\t\t\t\t\t\t\t\t\t<p data-start=\"496\" data-end=\"774\">Mit der Zeit sammeln sich im Getriebe Ablagerungen und Verschmutzungen, die die Funktion beeintr\u00e4chtigen k\u00f6nnen. Ein einfacher \u00d6lwechsel reicht oft nicht aus, da dabei nicht das gesamte alte \u00d6l entfernt wird. Eine Getriebesp\u00fclung hingegen reinigt das komplette System gr\u00fcndlich.<\/p><p data-start=\"776\" data-end=\"831\">Typische Anzeichen f\u00fcr eine notwendige Getriebesp\u00fclung:<\/p><ul data-start=\"833\" data-end=\"955\"><li data-section-id=\"1775hxl\" data-start=\"833\" data-end=\"862\"><strong data-start=\"835\" data-end=\"860\">Ruckeln beim Schalten<\/strong><\/li><li data-section-id=\"motzt4\" data-start=\"863\" data-end=\"893\"><strong data-start=\"865\" data-end=\"891\">Verz\u00f6gerte Gangwechsel<\/strong><\/li><li data-section-id=\"bpb4ua\" data-start=\"894\" data-end=\"925\"><strong data-start=\"896\" data-end=\"923\">Unruhiges Fahrverhalten<\/strong><\/li><li data-section-id=\"1opg4u7\" data-start=\"926\" data-end=\"955\"><strong data-start=\"928\" data-end=\"953\">Ger\u00e4usche im Getriebe<\/strong><\/li><\/ul>\t\t\t\t\t\t\t\t<\/div>\n\t\t\t\t<\/div>\n\t\t\t\t\t<\/div>\n\t\t\t\t<\/div>\n\t\t<div class=\"elementor-element elementor-element-d2fd161 e-flex e-con-boxed e-con e-parent\" data-id=\"d2fd161\" data-element_type=\"container\" data-e-type=\"container\">\n\t\t\t\t\t<div class=\"e-con-inner\">\n\t\t\t\t<div class=\"elementor-element elementor-element-76d645b elementor-widget elementor-widget-spacer\" data-id=\"76d645b\" data-element_type=\"widget\" data-e-type=\"widget\" data-settings=\"{&quot;ekit_we_effect_on&quot;:&quot;none&quot;}\" data-widget_type=\"spacer.default\">\n\t\t\t\t<div class=\"elementor-widget-container\">\n\t\t\t\t\t\t\t<div class=\"elementor-spacer\">\n\t\t\t<div class=\"elementor-spacer-inner\"><\/div>\n\t\t<\/div>\n\t\t\t\t\t\t<\/div>\n\t\t\t\t<\/div>\n\t\t\t\t\t<\/div>\n\t\t\t\t<\/div>\n\t\t<div class=\"elementor-element elementor-element-48afcdd e-flex e-con-boxed e-con e-parent\" data-id=\"48afcdd\" data-element_type=\"container\" data-e-type=\"container\">\n\t\t\t\t\t<div class=\"e-con-inner\">\n\t\t\t\t<div class=\"elementor-element elementor-element-b654c83 elementor-widget elementor-widget-text-editor\" data-id=\"b654c83\" data-element_type=\"widget\" data-e-type=\"widget\" data-settings=\"{&quot;ekit_we_effect_on&quot;:&quot;none&quot;}\" data-widget_type=\"text-editor.default\">\n\t\t\t\t<div class=\"elementor-widget-container\">\n\t\t\t\t\t\t\t\t\t<p><strong>Unser Service f\u00fcr Sie<\/strong><\/p>\t\t\t\t\t\t\t\t<\/div>\n\t\t\t\t<\/div>\n\t\t\t\t\t<\/div>\n\t\t\t\t<\/div>\n\t\t<div class=\"elementor-element elementor-element-8c0561d e-flex e-con-boxed e-con e-parent\" data-id=\"8c0561d\" data-element_type=\"container\" data-e-type=\"container\">\n\t\t\t\t\t<div class=\"e-con-inner\">\n\t\t\t\t<div class=\"elementor-element elementor-element-1024f77 elementor-widget elementor-widget-text-editor\" data-id=\"1024f77\" data-element_type=\"widget\" data-e-type=\"widget\" data-settings=\"{&quot;ekit_we_effect_on&quot;:&quot;none&quot;}\" data-widget_type=\"text-editor.default\">\n\t\t\t\t<div class=\"elementor-widget-container\">\n\t\t\t\t\t\t\t\t\t<ul data-start=\"992\" data-end=\"1191\"><li data-section-id=\"w50hvd\" data-start=\"992\" data-end=\"1037\"><strong data-start=\"994\" data-end=\"1035\">Komplette Sp\u00fclung des Getriebesystems<\/strong><\/li><li data-section-id=\"14j6g2y\" data-start=\"1038\" data-end=\"1085\"><strong data-start=\"1040\" data-end=\"1083\">Austausch durch hochwertiges Getriebe\u00f6l<\/strong><\/li><li data-section-id=\"12nz63z\" data-start=\"1086\" data-end=\"1136\"><strong data-start=\"1088\" data-end=\"1134\">Reinigung von Ablagerungen und R\u00fcckst\u00e4nden<\/strong><\/li><li data-section-id=\"1w46hld\" data-start=\"1137\" data-end=\"1191\"><strong data-start=\"1139\" data-end=\"1189\">Fachgerechte Durchf\u00fchrung mit moderner Technik<\/strong><\/li><\/ul>\t\t\t\t\t\t\t\t<\/div>\n\t\t\t\t<\/div>\n\t\t\t\t\t<\/div>\n\t\t\t\t<\/div>\n\t\t<div class=\"elementor-element elementor-element-f719fbb e-flex e-con-boxed e-con e-parent\" data-id=\"f719fbb\" data-element_type=\"container\" data-e-type=\"container\">\n\t\t\t\t\t<div class=\"e-con-inner\">\n\t\t\t\t<div class=\"elementor-element elementor-element-5544441 elementor-widget elementor-widget-spacer\" data-id=\"5544441\" data-element_type=\"widget\" data-e-type=\"widget\" data-settings=\"{&quot;ekit_we_effect_on&quot;:&quot;none&quot;}\" data-widget_type=\"spacer.default\">\n\t\t\t\t<div class=\"elementor-widget-container\">\n\t\t\t\t\t\t\t<div class=\"elementor-spacer\">\n\t\t\t<div class=\"elementor-spacer-inner\"><\/div>\n\t\t<\/div>\n\t\t\t\t\t\t<\/div>\n\t\t\t\t<\/div>\n\t\t\t\t\t<\/div>\n\t\t\t\t<\/div>\n\t\t<div class=\"elementor-element elementor-element-35a5565 e-flex e-con-boxed e-con e-parent\" data-id=\"35a5565\" data-element_type=\"container\" data-e-type=\"container\">\n\t\t\t\t\t<div class=\"e-con-inner\">\n\t\t\t\t<div class=\"elementor-element elementor-element-7ee222d elementor-widget elementor-widget-text-editor\" data-id=\"7ee222d\" data-element_type=\"widget\" data-e-type=\"widget\" data-settings=\"{&quot;ekit_we_effect_on&quot;:&quot;none&quot;}\" data-widget_type=\"text-editor.default\">\n\t\t\t\t<div class=\"elementor-widget-container\">\n\t\t\t\t\t\t\t\t\t<p><strong>F\u00fcr eine lange Lebensdauer Ihres Getriebes<\/strong><\/p>\t\t\t\t\t\t\t\t<\/div>\n\t\t\t\t<\/div>\n\t\t\t\t\t<\/div>\n\t\t\t\t<\/div>\n\t\t<div class=\"elementor-element elementor-element-fdd775e e-flex e-con-boxed e-con e-parent\" data-id=\"fdd775e\" data-element_type=\"container\" data-e-type=\"container\">\n\t\t\t\t\t<div class=\"e-con-inner\">\n\t\t\t\t<div class=\"elementor-element elementor-element-4056d99 elementor-widget elementor-widget-text-editor\" data-id=\"4056d99\" data-element_type=\"widget\" data-e-type=\"widget\" data-settings=\"{&quot;ekit_we_effect_on&quot;:&quot;none&quot;}\" data-widget_type=\"text-editor.default\">\n\t\t\t\t<div class=\"elementor-widget-container\">\n\t\t\t\t\t\t\t\t\t<p>Eine regelm\u00e4\u00dfige Getriebesp\u00fclung tr\u00e4gt dazu bei, teure Sch\u00e4den zu vermeiden und die Leistung Ihres Fahrzeugs zu erhalten. Vertrauen Sie auf unsere Erfahrung und sorgen Sie f\u00fcr ein sanftes und zuverl\u00e4ssiges Fahrerlebnis.<\/p>\t\t\t\t\t\t\t\t<\/div>\n\t\t\t\t<\/div>\n\t\t\t\t\t<\/div>\n\t\t\t\t<\/div>\n\t\t<div class=\"elementor-element elementor-element-5e2b7d5 e-flex e-con-boxed e-con e-parent\" data-id=\"5e2b7d5\" data-element_type=\"container\" data-e-type=\"container\">\n\t\t\t\t\t<div class=\"e-con-inner\">\n\t\t\t\t<div class=\"elementor-element elementor-element-5b49133 elementor-widget elementor-widget-text-editor\" data-id=\"5b49133\" data-element_type=\"widget\" data-e-type=\"widget\" data-settings=\"{&quot;ekit_we_effect_on&quot;:&quot;none&quot;}\" data-widget_type=\"text-editor.default\">\n\t\t\t\t<div class=\"elementor-widget-container\">\n\t\t\t\t\t\t\t\t\t<p>Vereinbaren Sie jetzt Ihren Termin bei A&amp;G Car-Partner in Essen und profitieren Sie von unserem professionellen Getriebeservice.<\/p>\t\t\t\t\t\t\t\t<\/div>\n\t\t\t\t<\/div>\n\t\t\t\t\t<\/div>\n\t\t\t\t<\/div>\n\t\t<div class=\"elementor-element elementor-element-c9234d4 e-flex e-con-boxed e-con e-parent\" data-id=\"c9234d4\" data-element_type=\"container\" data-e-type=\"container\">\n\t\t\t\t\t<div class=\"e-con-inner\">\n\t\t\t\t<div class=\"elementor-element elementor-element-9c45834 elementor-widget elementor-widget-button\" data-id=\"9c45834\" data-element_type=\"widget\" data-e-type=\"widget\" data-settings=\"{&quot;ekit_we_effect_on&quot;:&quot;none&quot;}\" data-widget_type=\"button.default\">\n\t\t\t\t<div class=\"elementor-widget-container\">\n\t\t\t\t\t\t\t\t\t<div class=\"elementor-button-wrapper\">\n\t\t\t\t\t<a class=\"elementor-button elementor-button-link elementor-size-sm\" href=\"tel:+49%20201%2028991850\">\n\t\t\t\t\t\t<span class=\"elementor-button-content-wrapper\">\n\t\t\t\t\t\t\t\t\t<span class=\"elementor-button-text\">Jetzt Termin vereinbaren!<\/span>\n\t\t\t\t\t<\/span>\n\t\t\t\t\t<\/a>\n\t\t\t\t<\/div>\n\t\t\t\t\t\t\t\t<\/div>\n\t\t\t\t<\/div>\n\t\t\t\t\t<\/div>\n\t\t\t\t<\/div>\n\t\t<div class=\"elementor-element elementor-element-fd636f8 e-flex e-con-boxed e-con e-parent\" data-id=\"fd636f8\" data-element_type=\"container\" data-e-type=\"container\">\n\t\t\t\t\t<div class=\"e-con-inner\">\n\t\t\t\t<div class=\"elementor-element elementor-element-ebbf0f5 elementor-widget elementor-widget-spacer\" data-id=\"ebbf0f5\" data-element_type=\"widget\" data-e-type=\"widget\" data-settings=\"{&quot;ekit_we_effect_on&quot;:&quot;none&quot;}\" data-widget_type=\"spacer.default\">\n\t\t\t\t<div class=\"elementor-widget-container\">\n\t\t\t\t\t\t\t<div class=\"elementor-spacer\">\n\t\t\t<div class=\"elementor-spacer-inner\"><\/div>\n\t\t<\/div>\n\t\t\t\t\t\t<\/div>\n\t\t\t\t<\/div>\n\t\t\t\t\t<\/div>\n\t\t\t\t<\/div>\n\t\t<div class=\"elementor-element elementor-element-89bc076 e-flex e-con-boxed e-con e-parent\" data-id=\"89bc076\" data-element_type=\"container\" data-e-type=\"container\">\n\t\t\t\t\t<div class=\"e-con-inner\">\n\t\t\t\t<div class=\"elementor-element elementor-element-5e276a4 elementor-widget elementor-widget-text-editor\" data-id=\"5e276a4\" data-element_type=\"widget\" data-e-type=\"widget\" data-settings=\"{&quot;ekit_we_effect_on&quot;:&quot;none&quot;}\" data-widget_type=\"text-editor.default\">\n\t\t\t\t<div class=\"elementor-widget-container\">\n\t\t\t\t\t\t\t\t\t<p><strong>Weitere Leistungen f\u00fcr Ihr Fahrzeug<\/strong><\/p>\t\t\t\t\t\t\t\t<\/div>\n\t\t\t\t<\/div>\n\t\t\t\t\t<\/div>\n\t\t\t\t<\/div>\n\t\t<div class=\"elementor-element elementor-element-ef76dc2 e-flex e-con-boxed e-con e-parent\" data-id=\"ef76dc2\" data-element_type=\"container\" data-e-type=\"container\">\n\t\t\t\t\t<div class=\"e-con-inner\">\n\t\t\t\t<div class=\"elementor-element elementor-element-a667a26 elementor-widget elementor-widget-text-editor\" data-id=\"a667a26\" data-element_type=\"widget\" data-e-type=\"widget\" data-settings=\"{&quot;ekit_we_effect_on&quot;:&quot;none&quot;}\" data-widget_type=\"text-editor.default\">\n\t\t\t\t<div class=\"elementor-widget-container\">\n\t\t\t\t\t\t\t\t\t<p>Neben unserem spezialisierten Service bieten wir Ihnen eine Vielzahl weiterer Leistungen rund um Ihr Fahrzeug. Von Inspektionen \u00fcber Reparaturen bis hin zu individuellen L\u00f6sungen.<\/p>\t\t\t\t\t\t\t\t<\/div>\n\t\t\t\t<\/div>\n\t\t\t\t\t<\/div>\n\t\t\t\t<\/div>\n\t\t<div class=\"elementor-element elementor-element-d3f90a9 e-flex e-con-boxed e-con e-parent\" data-id=\"d3f90a9\" data-element_type=\"container\" data-e-type=\"container\">\n\t\t\t\t\t<div class=\"e-con-inner\">\n\t\t\t\t<div class=\"elementor-element elementor-element-b9d9dd2 elementor-widget-divider--view-line elementor-widget elementor-widget-divider\" data-id=\"b9d9dd2\" data-element_type=\"widget\" data-e-type=\"widget\" data-settings=\"{&quot;ekit_we_effect_on&quot;:&quot;none&quot;}\" data-widget_type=\"divider.default\">\n\t\t\t\t<div class=\"elementor-widget-container\">\n\t\t\t\t\t\t\t<div class=\"elementor-divider\">\n\t\t\t<span class=\"elementor-divider-separator\">\n\t\t\t\t\t\t<\/span>\n\t\t<\/div>\n\t\t\t\t\t\t<\/div>\n\t\t\t\t<\/div>\n\t\t\t\t\t<\/div>\n\t\t\t\t<\/div>\n\t\t<div class=\"elementor-element elementor-element-fe6a698 e-flex e-con-boxed e-con e-parent\" data-id=\"fe6a698\" data-element_type=\"container\" data-e-type=\"container\">\n\t\t\t\t\t<div class=\"e-con-inner\">\n\t\t<div class=\"elementor-element elementor-element-6f01471 e-con-full e-flex e-con e-child\" data-id=\"6f01471\" data-element_type=\"container\" data-e-type=\"container\">\n\t\t\t\t<div class=\"elementor-element elementor-element-72ab1bb at-image-animation at-animation-image-none elementor-widget elementor-widget-image\" data-id=\"72ab1bb\" data-element_type=\"widget\" data-e-type=\"widget\" data-settings=\"{&quot;ekit_we_effect_on&quot;:&quot;none&quot;}\" data-widget_type=\"image.default\">\n\t\t\t\t<div class=\"elementor-widget-container\">\n\t\t\t\t\t\t\t\t\t\t\t\t<figure class=\"wp-caption\">\n\t\t\t\t\t\t\t\t\t\t\t<a href=\"https:\/\/car-partner.de\/index.php\/oelwechsel\/\">\n\t\t\t\t\t\t\t<img fetchpriority=\"high\" decoding=\"async\" width=\"480\" height=\"270\" src=\"https:\/\/car-partner.de\/wp-content\/uploads\/2026\/03\/pouring-fresh-new-clean-synthetic-footage-074612091_iconl.webp\" class=\"attachment-large size-large wp-image-7341\" alt=\"\" srcset=\"https:\/\/car-partner.de\/wp-content\/uploads\/2026\/03\/pouring-fresh-new-clean-synthetic-footage-074612091_iconl.webp 480w, https:\/\/car-partner.de\/wp-content\/uploads\/2026\/03\/pouring-fresh-new-clean-synthetic-footage-074612091_iconl-300x169.webp 300w\" sizes=\"(max-width: 480px) 100vw, 480px\" \/>\t\t\t\t\t\t\t\t<\/a>\n\t\t\t\t\t\t\t\t\t\t\t<figcaption class=\"widget-image-caption wp-caption-text\">\u00d6lwechsel<\/figcaption>\n\t\t\t\t\t\t\t\t\t\t<\/figure>\n\t\t\t\t\t\t\t\t\t<\/div>\n\t\t\t\t<\/div>\n\t\t\t\t<\/div>\n\t\t<div class=\"elementor-element elementor-element-83026c1 e-con-full e-flex e-con e-child\" data-id=\"83026c1\" data-element_type=\"container\" data-e-type=\"container\">\n\t\t\t\t<div class=\"elementor-element elementor-element-cd61360 at-image-animation at-animation-image-none elementor-widget elementor-widget-image\" data-id=\"cd61360\" data-element_type=\"widget\" data-e-type=\"widget\" data-settings=\"{&quot;ekit_we_effect_on&quot;:&quot;none&quot;}\" data-widget_type=\"image.default\">\n\t\t\t\t<div class=\"elementor-widget-container\">\n\t\t\t\t\t\t\t\t\t\t\t\t<figure class=\"wp-caption\">\n\t\t\t\t\t\t\t\t\t\t\t<a href=\"https:\/\/car-partner.de\/index.php\/kfz-reperatur\/\">\n\t\t\t\t\t\t\t<img decoding=\"async\" width=\"800\" height=\"800\" src=\"https:\/\/car-partner.de\/wp-content\/uploads\/2026\/04\/upscalemedia-transformed-1-1024x1024.jpeg\" class=\"attachment-large size-large wp-image-8289\" alt=\"\" srcset=\"https:\/\/car-partner.de\/wp-content\/uploads\/2026\/04\/upscalemedia-transformed-1-1024x1024.jpeg 1024w, https:\/\/car-partner.de\/wp-content\/uploads\/2026\/04\/upscalemedia-transformed-1-300x300.jpeg 300w, https:\/\/car-partner.de\/wp-content\/uploads\/2026\/04\/upscalemedia-transformed-1-150x150.jpeg 150w, https:\/\/car-partner.de\/wp-content\/uploads\/2026\/04\/upscalemedia-transformed-1-768x768.jpeg 768w, https:\/\/car-partner.de\/wp-content\/uploads\/2026\/04\/upscalemedia-transformed-1-1536x1536.jpeg 1536w, https:\/\/car-partner.de\/wp-content\/uploads\/2026\/04\/upscalemedia-transformed-1-700x700.jpeg 700w, https:\/\/car-partner.de\/wp-content\/uploads\/2026\/04\/upscalemedia-transformed-1.jpeg 1600w\" sizes=\"(max-width: 800px) 100vw, 800px\" \/>\t\t\t\t\t\t\t\t<\/a>\n\t\t\t\t\t\t\t\t\t\t\t<figcaption class=\"widget-image-caption wp-caption-text\">Reperatur<\/figcaption>\n\t\t\t\t\t\t\t\t\t\t<\/figure>\n\t\t\t\t\t\t\t\t\t<\/div>\n\t\t\t\t<\/div>\n\t\t\t\t<\/div>\n\t\t\t\t\t<\/div>\n\t\t\t\t<\/div>\n\t\t\t\t<\/div>\n\t\t","protected":false},"excerpt":{"rendered":"<p>Eine Getriebesp\u00fclung sorgt f\u00fcr geschmeidige Schaltvorg\u00e4nge und verl\u00e4ngert die Lebensdauer Ihres Getriebes. [&hellip;]<\/p>\n","protected":false},"author":2,"featured_media":0,"parent":0,"menu_order":0,"comment_status":"closed","ping_status":"closed","template":"","meta":{"footnotes":""},"class_list":["post-7299","page","type-page","status-publish","hentry"],"_links":{"self":[{"href":"https:\/\/car-partner.de\/index.php\/wp-json\/wp\/v2\/pages\/7299","targetHints":{"allow":["GET"]}}],"collection":[{"href":"https:\/\/car-partner.de\/index.php\/wp-json\/wp\/v2\/pages"}],"about":[{"href":"https:\/\/car-partner.de\/index.php\/wp-json\/wp\/v2\/types\/page"}],"author":[{"embeddable":true,"href":"https:\/\/car-partner.de\/index.php\/wp-json\/wp\/v2\/users\/2"}],"replies":[{"embeddable":true,"href":"https:\/\/car-partner.de\/index.php\/wp-json\/wp\/v2\/comments?post=7299"}],"version-history":[{"count":19,"href":"https:\/\/car-partner.de\/index.php\/wp-json\/wp\/v2\/pages\/7299\/revisions"}],"predecessor-version":[{"id":8455,"href":"https:\/\/car-partner.de\/index.php\/wp-json\/wp\/v2\/pages\/7299\/revisions\/8455"}],"wp:attachment":[{"href":"https:\/\/car-partner.de\/index.php\/wp-json\/wp\/v2\/media?parent=7299"}],"curies":[{"name":"wp","href":"https:\/\/api.w.org\/{rel}","templated":true}]}}