{"id":7301,"date":"2026-03-28T09:44:46","date_gmt":"2026-03-28T09:44:46","guid":{"rendered":"https:\/\/car-partner.de\/?page_id=7301"},"modified":"2026-04-08T22:42:20","modified_gmt":"2026-04-08T22:42:20","slug":"hu-au","status":"publish","type":"page","link":"https:\/\/car-partner.de\/index.php\/hu-au\/","title":{"rendered":"HU &amp; AU Hauptuntersuchung"},"content":{"rendered":"\t\t<div data-elementor-type=\"wp-page\" data-elementor-id=\"7301\" class=\"elementor elementor-7301\">\n\t\t\t\t<div class=\"elementor-element elementor-element-c42fa7b e-flex e-con-boxed e-con e-parent\" data-id=\"c42fa7b\" data-element_type=\"container\" data-e-type=\"container\">\n\t\t\t\t\t<div class=\"e-con-inner\">\n\t\t\t\t\t<\/div>\n\t\t\t\t<\/div>\n\t\t<div class=\"elementor-element elementor-element-ecc977e e-flex e-con-boxed e-con e-parent\" data-id=\"ecc977e\" data-element_type=\"container\" data-e-type=\"container\">\n\t\t\t\t\t<div class=\"e-con-inner\">\n\t\t\t\t<div class=\"elementor-element elementor-element-accda1a elementor-widget elementor-widget-text-editor\" data-id=\"accda1a\" data-element_type=\"widget\" data-e-type=\"widget\" data-settings=\"{&quot;ekit_we_effect_on&quot;:&quot;none&quot;}\" data-widget_type=\"text-editor.default\">\n\t\t\t\t<div class=\"elementor-widget-container\">\n\t\t\t\t\t\t\t\t\t<p><strong>Unser Rundum-Service: Einfach, schnell und stressfrei<\/strong><\/p>\t\t\t\t\t\t\t\t<\/div>\n\t\t\t\t<\/div>\n\t\t\t\t\t<\/div>\n\t\t\t\t<\/div>\n\t\t<div class=\"elementor-element elementor-element-dd6d514 e-flex e-con-boxed e-con e-parent\" data-id=\"dd6d514\" data-element_type=\"container\" data-e-type=\"container\">\n\t\t\t\t\t<div class=\"e-con-inner\">\n\t\t\t\t<div class=\"elementor-element elementor-element-e3d342c elementor-widget elementor-widget-text-editor\" data-id=\"e3d342c\" data-element_type=\"widget\" data-e-type=\"widget\" data-settings=\"{&quot;ekit_we_effect_on&quot;:&quot;none&quot;}\" data-widget_type=\"text-editor.default\">\n\t\t\t\t<div class=\"elementor-widget-container\">\n\t\t\t\t\t\t\t\t\t<p>Wir \u00fcbernehmen die komplette Abwicklung Ihrer HU\/AU \u2013 von der gr\u00fcndlichen Vorabpr\u00fcfung bis zur erfolgreichen Durchf\u00fchrung. Sollten Reparaturen erforderlich sein, k\u00fcmmern wir uns direkt darum, damit Ihr Fahrzeug die Pr\u00fcfung ohne Verz\u00f6gerung besteht.<\/p>\t\t\t\t\t\t\t\t<\/div>\n\t\t\t\t<\/div>\n\t\t\t\t\t<\/div>\n\t\t\t\t<\/div>\n\t\t<div class=\"elementor-element elementor-element-5817182 e-flex e-con-boxed e-con e-parent\" data-id=\"5817182\" data-element_type=\"container\" data-e-type=\"container\">\n\t\t\t\t\t<div class=\"e-con-inner\">\n\t\t\t\t<div class=\"elementor-element elementor-element-6660b84 elementor-widget elementor-widget-spacer\" data-id=\"6660b84\" data-element_type=\"widget\" data-e-type=\"widget\" data-settings=\"{&quot;ekit_we_effect_on&quot;:&quot;none&quot;}\" data-widget_type=\"spacer.default\">\n\t\t\t\t<div class=\"elementor-widget-container\">\n\t\t\t\t\t\t\t<div class=\"elementor-spacer\">\n\t\t\t<div class=\"elementor-spacer-inner\"><\/div>\n\t\t<\/div>\n\t\t\t\t\t\t<\/div>\n\t\t\t\t<\/div>\n\t\t\t\t\t<\/div>\n\t\t\t\t<\/div>\n\t\t<div class=\"elementor-element elementor-element-739f081 e-flex e-con-boxed e-con e-parent\" data-id=\"739f081\" data-element_type=\"container\" data-e-type=\"container\">\n\t\t\t\t\t<div class=\"e-con-inner\">\n\t\t\t\t<div class=\"elementor-element elementor-element-dda2806 elementor-widget elementor-widget-text-editor\" data-id=\"dda2806\" data-element_type=\"widget\" data-e-type=\"widget\" data-settings=\"{&quot;ekit_we_effect_on&quot;:&quot;none&quot;}\" data-widget_type=\"text-editor.default\">\n\t\t\t\t<div class=\"elementor-widget-container\">\n\t\t\t\t\t\t\t\t\t<p><strong>Warum ist eine regelm\u00e4\u00dfige HU\/AU wichtig?<\/strong><\/p>\t\t\t\t\t\t\t\t<\/div>\n\t\t\t\t<\/div>\n\t\t\t\t\t<\/div>\n\t\t\t\t<\/div>\n\t\t<div class=\"elementor-element elementor-element-9dc19a3 e-flex e-con-boxed e-con e-parent\" data-id=\"9dc19a3\" data-element_type=\"container\" data-e-type=\"container\">\n\t\t\t\t\t<div class=\"e-con-inner\">\n\t\t\t\t<div class=\"elementor-element elementor-element-548d82a elementor-widget elementor-widget-text-editor\" data-id=\"548d82a\" data-element_type=\"widget\" data-e-type=\"widget\" data-settings=\"{&quot;ekit_we_effect_on&quot;:&quot;none&quot;}\" data-widget_type=\"text-editor.default\">\n\t\t\t\t<div class=\"elementor-widget-container\">\n\t\t\t\t\t\t\t\t\t<p data-start=\"868\" data-end=\"943\">Die HU\/AU ist gesetzlich vorgeschrieben und spielt eine wichtige Rolle f\u00fcr:<\/p><ul data-start=\"945\" data-end=\"1156\"><li data-start=\"945\" data-end=\"1017\"><strong data-start=\"947\" data-end=\"970\">Verkehrssicherheit:<\/strong> M\u00e4ngel werden fr\u00fchzeitig erkannt und behoben<\/li><li data-start=\"1018\" data-end=\"1086\"><strong data-start=\"1020\" data-end=\"1037\">Umweltschutz:<\/strong> Abgaswerte werden kontrolliert und eingehalten<\/li><li data-start=\"1087\" data-end=\"1156\"><strong data-start=\"1089\" data-end=\"1110\">Rechtssicherheit:<\/strong> Vermeidung von Bu\u00dfgeldern oder Fahrverboten<\/li><\/ul><p data-start=\"1158\" data-end=\"1307\">Unser Team \u00fcberpr\u00fcft alle sicherheits- und emissionsrelevanten Komponenten und sorgt daf\u00fcr, dass Ihr Fahrzeug zuverl\u00e4ssig alle Anforderungen erf\u00fcllt.<\/p>\t\t\t\t\t\t\t\t<\/div>\n\t\t\t\t<\/div>\n\t\t\t\t\t<\/div>\n\t\t\t\t<\/div>\n\t\t<div class=\"elementor-element elementor-element-3ec0817 e-flex e-con-boxed e-con e-parent\" data-id=\"3ec0817\" data-element_type=\"container\" data-e-type=\"container\">\n\t\t\t\t\t<div class=\"e-con-inner\">\n\t\t\t\t<div class=\"elementor-element elementor-element-7cdc349 elementor-widget elementor-widget-spacer\" data-id=\"7cdc349\" data-element_type=\"widget\" data-e-type=\"widget\" data-settings=\"{&quot;ekit_we_effect_on&quot;:&quot;none&quot;}\" data-widget_type=\"spacer.default\">\n\t\t\t\t<div class=\"elementor-widget-container\">\n\t\t\t\t\t\t\t<div class=\"elementor-spacer\">\n\t\t\t<div class=\"elementor-spacer-inner\"><\/div>\n\t\t<\/div>\n\t\t\t\t\t\t<\/div>\n\t\t\t\t<\/div>\n\t\t\t\t\t<\/div>\n\t\t\t\t<\/div>\n\t\t<div class=\"elementor-element elementor-element-39900dc e-flex e-con-boxed e-con e-parent\" data-id=\"39900dc\" data-element_type=\"container\" data-e-type=\"container\">\n\t\t\t\t\t<div class=\"e-con-inner\">\n\t\t\t\t<div class=\"elementor-element elementor-element-2251d0f elementor-widget elementor-widget-text-editor\" data-id=\"2251d0f\" data-element_type=\"widget\" data-e-type=\"widget\" data-settings=\"{&quot;ekit_we_effect_on&quot;:&quot;none&quot;}\" data-widget_type=\"text-editor.default\">\n\t\t\t\t<div class=\"elementor-widget-container\">\n\t\t\t\t\t\t\t\t\t<p data-start=\"1352\" data-end=\"1561\"><strong data-start=\"1566\" data-end=\"1632\">Jetzt Termin vereinbaren oder kontaktieren Sie uns bei Fragen.<\/strong><\/p>\t\t\t\t\t\t\t\t<\/div>\n\t\t\t\t<\/div>\n\t\t\t\t\t<\/div>\n\t\t\t\t<\/div>\n\t\t<div class=\"elementor-element elementor-element-539b651 e-flex e-con-boxed e-con e-parent\" data-id=\"539b651\" data-element_type=\"container\" data-e-type=\"container\">\n\t\t\t\t\t<div class=\"e-con-inner\">\n\t\t\t\t<div class=\"elementor-element elementor-element-bf8951b elementor-widget elementor-widget-button\" data-id=\"bf8951b\" data-element_type=\"widget\" data-e-type=\"widget\" data-settings=\"{&quot;ekit_we_effect_on&quot;:&quot;none&quot;}\" data-widget_type=\"button.default\">\n\t\t\t\t<div class=\"elementor-widget-container\">\n\t\t\t\t\t\t\t\t\t<div class=\"elementor-button-wrapper\">\n\t\t\t\t\t<a class=\"elementor-button elementor-button-link elementor-size-sm\" href=\"tel:+49%20201%2028991850\">\n\t\t\t\t\t\t<span class=\"elementor-button-content-wrapper\">\n\t\t\t\t\t\t\t\t\t<span class=\"elementor-button-text\">Termin Vereinbaren <\/span>\n\t\t\t\t\t<\/span>\n\t\t\t\t\t<\/a>\n\t\t\t\t<\/div>\n\t\t\t\t\t\t\t\t<\/div>\n\t\t\t\t<\/div>\n\t\t\t\t\t<\/div>\n\t\t\t\t<\/div>\n\t\t<div class=\"elementor-element elementor-element-67b58c4 e-flex e-con-boxed e-con e-parent\" data-id=\"67b58c4\" data-element_type=\"container\" data-e-type=\"container\">\n\t\t\t\t\t<div class=\"e-con-inner\">\n\t\t\t\t<div class=\"elementor-element elementor-element-838b647 elementor-widget elementor-widget-spacer\" data-id=\"838b647\" data-element_type=\"widget\" data-e-type=\"widget\" data-settings=\"{&quot;ekit_we_effect_on&quot;:&quot;none&quot;}\" data-widget_type=\"spacer.default\">\n\t\t\t\t<div class=\"elementor-widget-container\">\n\t\t\t\t\t\t\t<div class=\"elementor-spacer\">\n\t\t\t<div class=\"elementor-spacer-inner\"><\/div>\n\t\t<\/div>\n\t\t\t\t\t\t<\/div>\n\t\t\t\t<\/div>\n\t\t\t\t\t<\/div>\n\t\t\t\t<\/div>\n\t\t<div class=\"elementor-element elementor-element-8f5d6b8 e-flex e-con-boxed e-con e-parent\" data-id=\"8f5d6b8\" data-element_type=\"container\" data-e-type=\"container\">\n\t\t\t\t\t<div class=\"e-con-inner\">\n\t\t\t\t<div class=\"elementor-element elementor-element-e4520b9 elementor-widget elementor-widget-text-editor\" data-id=\"e4520b9\" data-element_type=\"widget\" data-e-type=\"widget\" data-settings=\"{&quot;ekit_we_effect_on&quot;:&quot;none&quot;}\" data-widget_type=\"text-editor.default\">\n\t\t\t\t<div class=\"elementor-widget-container\">\n\t\t\t\t\t\t\t\t\t<p><strong>Weitere Leistungen f\u00fcr Ihr Fahrzeug<\/strong><\/p>\t\t\t\t\t\t\t\t<\/div>\n\t\t\t\t<\/div>\n\t\t\t\t\t<\/div>\n\t\t\t\t<\/div>\n\t\t<div class=\"elementor-element elementor-element-4d84311 e-flex e-con-boxed e-con e-parent\" data-id=\"4d84311\" data-element_type=\"container\" data-e-type=\"container\">\n\t\t\t\t\t<div class=\"e-con-inner\">\n\t\t\t\t<div class=\"elementor-element elementor-element-6dbf0e5 elementor-widget elementor-widget-text-editor\" data-id=\"6dbf0e5\" data-element_type=\"widget\" data-e-type=\"widget\" data-settings=\"{&quot;ekit_we_effect_on&quot;:&quot;none&quot;}\" data-widget_type=\"text-editor.default\">\n\t\t\t\t<div class=\"elementor-widget-container\">\n\t\t\t\t\t\t\t\t\t<p>Neben unserem spezialisierten Service bieten wir Ihnen eine Vielzahl weiterer Leistungen rund um Ihr Fahrzeug.&nbsp;<\/p>\t\t\t\t\t\t\t\t<\/div>\n\t\t\t\t<\/div>\n\t\t\t\t\t<\/div>\n\t\t\t\t<\/div>\n\t\t<div class=\"elementor-element elementor-element-bdf24ce e-flex e-con-boxed e-con e-parent\" data-id=\"bdf24ce\" data-element_type=\"container\" data-e-type=\"container\">\n\t\t\t\t\t<div class=\"e-con-inner\">\n\t\t\t\t<div class=\"elementor-element elementor-element-e39a686 elementor-widget-divider--view-line elementor-widget elementor-widget-divider\" data-id=\"e39a686\" data-element_type=\"widget\" data-e-type=\"widget\" data-settings=\"{&quot;ekit_we_effect_on&quot;:&quot;none&quot;}\" data-widget_type=\"divider.default\">\n\t\t\t\t<div class=\"elementor-widget-container\">\n\t\t\t\t\t\t\t<div class=\"elementor-divider\">\n\t\t\t<span class=\"elementor-divider-separator\">\n\t\t\t\t\t\t<\/span>\n\t\t<\/div>\n\t\t\t\t\t\t<\/div>\n\t\t\t\t<\/div>\n\t\t\t\t\t<\/div>\n\t\t\t\t<\/div>\n\t\t<div class=\"elementor-element elementor-element-5fee0a3 e-flex e-con-boxed e-con e-parent\" data-id=\"5fee0a3\" data-element_type=\"container\" data-e-type=\"container\">\n\t\t\t\t\t<div class=\"e-con-inner\">\n\t\t<div class=\"elementor-element elementor-element-7a89b28 e-con-full e-flex e-con e-child\" data-id=\"7a89b28\" data-element_type=\"container\" data-e-type=\"container\">\n\t\t\t\t<div class=\"elementor-element elementor-element-67057d9 at-image-animation at-animation-image-none elementor-widget elementor-widget-image\" data-id=\"67057d9\" data-element_type=\"widget\" data-e-type=\"widget\" data-settings=\"{&quot;ekit_we_effect_on&quot;:&quot;none&quot;}\" data-widget_type=\"image.default\">\n\t\t\t\t<div class=\"elementor-widget-container\">\n\t\t\t\t\t\t\t\t\t\t\t\t<figure class=\"wp-caption\">\n\t\t\t\t\t\t\t\t\t\t\t<a href=\"https:\/\/car-partner.de\/index.php\/unfall-gutachten\/\">\n\t\t\t\t\t\t\t<img fetchpriority=\"high\" decoding=\"async\" width=\"800\" height=\"534\" src=\"https:\/\/car-partner.de\/wp-content\/uploads\/2026\/04\/Unfallgutachten-und-beschaedigtes-Auto-1024x683.png\" class=\"attachment-large size-large wp-image-8364\" alt=\"\" srcset=\"https:\/\/car-partner.de\/wp-content\/uploads\/2026\/04\/Unfallgutachten-und-beschaedigtes-Auto-1024x683.png 1024w, https:\/\/car-partner.de\/wp-content\/uploads\/2026\/04\/Unfallgutachten-und-beschaedigtes-Auto-300x200.png 300w, https:\/\/car-partner.de\/wp-content\/uploads\/2026\/04\/Unfallgutachten-und-beschaedigtes-Auto-768x512.png 768w, https:\/\/car-partner.de\/wp-content\/uploads\/2026\/04\/Unfallgutachten-und-beschaedigtes-Auto.png 1536w\" sizes=\"(max-width: 800px) 100vw, 800px\" \/>\t\t\t\t\t\t\t\t<\/a>\n\t\t\t\t\t\t\t\t\t\t\t<figcaption class=\"widget-image-caption wp-caption-text\">Unfallgutachten<\/figcaption>\n\t\t\t\t\t\t\t\t\t\t<\/figure>\n\t\t\t\t\t\t\t\t\t<\/div>\n\t\t\t\t<\/div>\n\t\t\t\t<\/div>\n\t\t<div class=\"elementor-element elementor-element-c4765ca e-con-full e-flex e-con e-child\" data-id=\"c4765ca\" data-element_type=\"container\" data-e-type=\"container\">\n\t\t\t\t<div class=\"elementor-element elementor-element-88ac09d at-image-animation at-animation-image-none elementor-widget elementor-widget-image\" data-id=\"88ac09d\" data-element_type=\"widget\" data-e-type=\"widget\" data-settings=\"{&quot;ekit_we_effect_on&quot;:&quot;none&quot;}\" data-widget_type=\"image.default\">\n\t\t\t\t<div class=\"elementor-widget-container\">\n\t\t\t\t\t\t\t\t\t\t\t\t<figure class=\"wp-caption\">\n\t\t\t\t\t\t\t\t\t\t\t<a href=\"https:\/\/car-partner.de\/index.php\/unfall-instandsetzung\/\">\n\t\t\t\t\t\t\t<img decoding=\"async\" width=\"800\" height=\"600\" src=\"https:\/\/car-partner.de\/wp-content\/uploads\/2026\/04\/WhatsApp-Image-2026-03-26-at-18.5ee5.28.jpeg\" class=\"attachment-large size-large wp-image-8368\" alt=\"\" srcset=\"https:\/\/car-partner.de\/wp-content\/uploads\/2026\/04\/WhatsApp-Image-2026-03-26-at-18.5ee5.28.jpeg 960w, https:\/\/car-partner.de\/wp-content\/uploads\/2026\/04\/WhatsApp-Image-2026-03-26-at-18.5ee5.28-300x225.jpeg 300w, https:\/\/car-partner.de\/wp-content\/uploads\/2026\/04\/WhatsApp-Image-2026-03-26-at-18.5ee5.28-768x576.jpeg 768w\" sizes=\"(max-width: 800px) 100vw, 800px\" \/>\t\t\t\t\t\t\t\t<\/a>\n\t\t\t\t\t\t\t\t\t\t\t<figcaption class=\"widget-image-caption wp-caption-text\">Unfallinstandsetzung<\/figcaption>\n\t\t\t\t\t\t\t\t\t\t<\/figure>\n\t\t\t\t\t\t\t\t\t<\/div>\n\t\t\t\t<\/div>\n\t\t\t\t<\/div>\n\t\t\t\t\t<\/div>\n\t\t\t\t<\/div>\n\t\t\t\t<\/div>\n\t\t","protected":false},"excerpt":{"rendered":"<p>Unser Rundum-Service: Einfach, schnell und stressfrei Wir \u00fcbernehmen die komplette Abwicklung Ihrer [&hellip;]<\/p>\n","protected":false},"author":2,"featured_media":0,"parent":0,"menu_order":0,"comment_status":"closed","ping_status":"closed","template":"","meta":{"footnotes":""},"class_list":["post-7301","page","type-page","status-publish","hentry"],"_links":{"self":[{"href":"https:\/\/car-partner.de\/index.php\/wp-json\/wp\/v2\/pages\/7301","targetHints":{"allow":["GET"]}}],"collection":[{"href":"https:\/\/car-partner.de\/index.php\/wp-json\/wp\/v2\/pages"}],"about":[{"href":"https:\/\/car-partner.de\/index.php\/wp-json\/wp\/v2\/types\/page"}],"author":[{"embeddable":true,"href":"https:\/\/car-partner.de\/index.php\/wp-json\/wp\/v2\/users\/2"}],"replies":[{"embeddable":true,"href":"https:\/\/car-partner.de\/index.php\/wp-json\/wp\/v2\/comments?post=7301"}],"version-history":[{"count":35,"href":"https:\/\/car-partner.de\/index.php\/wp-json\/wp\/v2\/pages\/7301\/revisions"}],"predecessor-version":[{"id":8470,"href":"https:\/\/car-partner.de\/index.php\/wp-json\/wp\/v2\/pages\/7301\/revisions\/8470"}],"wp:attachment":[{"href":"https:\/\/car-partner.de\/index.php\/wp-json\/wp\/v2\/media?parent=7301"}],"curies":[{"name":"wp","href":"https:\/\/api.w.org\/{rel}","templated":true}]}}