{"id":7303,"date":"2026-03-28T09:45:48","date_gmt":"2026-03-28T09:45:48","guid":{"rendered":"https:\/\/car-partner.de\/?page_id=7303"},"modified":"2026-04-08T22:32:35","modified_gmt":"2026-04-08T22:32:35","slug":"inspektion-wartung","status":"publish","type":"page","link":"https:\/\/car-partner.de\/index.php\/inspektion-wartung\/","title":{"rendered":"Inspektion &amp; Wartung"},"content":{"rendered":"\t\t<div data-elementor-type=\"wp-page\" data-elementor-id=\"7303\" class=\"elementor elementor-7303\">\n\t\t\t\t<div class=\"elementor-element elementor-element-363ebe0 e-flex e-con-boxed e-con e-parent\" data-id=\"363ebe0\" data-element_type=\"container\" data-e-type=\"container\">\n\t\t\t\t\t<div class=\"e-con-inner\">\n\t\t\t\t\t<\/div>\n\t\t\t\t<\/div>\n\t\t<div class=\"elementor-element elementor-element-307c32e e-flex e-con-boxed e-con e-parent\" data-id=\"307c32e\" data-element_type=\"container\" data-e-type=\"container\">\n\t\t\t\t\t<div class=\"e-con-inner\">\n\t\t\t\t<div class=\"elementor-element elementor-element-75ea1cf elementor-widget elementor-widget-text-editor\" data-id=\"75ea1cf\" data-element_type=\"widget\" data-e-type=\"widget\" data-settings=\"{&quot;ekit_we_effect_on&quot;:&quot;none&quot;}\" data-widget_type=\"text-editor.default\">\n\t\t\t\t<div class=\"elementor-widget-container\">\n\t\t\t\t\t\t\t\t\t<p data-start=\"142\" data-end=\"492\">Regelm\u00e4\u00dfige Inspektionen und Wartungen sind entscheidend, um die Zuverl\u00e4ssigkeit, Sicherheit und Lebensdauer Ihres Fahrzeugs zu gew\u00e4hrleisten. Wir bieten Ihnen einen umfassenden Wartungsservice, der alle wichtigen Fahrzeugkomponenten ber\u00fccksichtigt \u2013 von der \u00dcberpr\u00fcfung der Bremsen bis hin zum \u00d6l- und Filterwechsel.<\/p>\t\t\t\t\t\t\t\t<\/div>\n\t\t\t\t<\/div>\n\t\t\t\t\t<\/div>\n\t\t\t\t<\/div>\n\t\t<div class=\"elementor-element elementor-element-2cf3392 e-flex e-con-boxed e-con e-parent\" data-id=\"2cf3392\" data-element_type=\"container\" data-e-type=\"container\">\n\t\t\t\t\t<div class=\"e-con-inner\">\n\t\t\t\t<div class=\"elementor-element elementor-element-43c6faa elementor-widget elementor-widget-spacer\" data-id=\"43c6faa\" data-element_type=\"widget\" data-e-type=\"widget\" data-settings=\"{&quot;ekit_we_effect_on&quot;:&quot;none&quot;}\" data-widget_type=\"spacer.default\">\n\t\t\t\t<div class=\"elementor-widget-container\">\n\t\t\t\t\t\t\t<div class=\"elementor-spacer\">\n\t\t\t<div class=\"elementor-spacer-inner\"><\/div>\n\t\t<\/div>\n\t\t\t\t\t\t<\/div>\n\t\t\t\t<\/div>\n\t\t\t\t\t<\/div>\n\t\t\t\t<\/div>\n\t\t<div class=\"elementor-element elementor-element-dc5e43c e-flex e-con-boxed e-con e-parent\" data-id=\"dc5e43c\" data-element_type=\"container\" data-e-type=\"container\">\n\t\t\t\t\t<div class=\"e-con-inner\">\n\t\t\t\t<div class=\"elementor-element elementor-element-f177075 elementor-widget elementor-widget-text-editor\" data-id=\"f177075\" data-element_type=\"widget\" data-e-type=\"widget\" data-settings=\"{&quot;ekit_we_effect_on&quot;:&quot;none&quot;}\" data-widget_type=\"text-editor.default\">\n\t\t\t\t<div class=\"elementor-widget-container\">\n\t\t\t\t\t\t\t\t\t<p><strong>Unser Serviceversprechen: Qualit\u00e4t und Transparenz<\/strong><\/p>\t\t\t\t\t\t\t\t<\/div>\n\t\t\t\t<\/div>\n\t\t\t\t\t<\/div>\n\t\t\t\t<\/div>\n\t\t<div class=\"elementor-element elementor-element-8c70b37 e-flex e-con-boxed e-con e-parent\" data-id=\"8c70b37\" data-element_type=\"container\" data-e-type=\"container\">\n\t\t\t\t\t<div class=\"e-con-inner\">\n\t\t\t\t<div class=\"elementor-element elementor-element-77035fe elementor-widget elementor-widget-text-editor\" data-id=\"77035fe\" data-element_type=\"widget\" data-e-type=\"widget\" data-settings=\"{&quot;ekit_we_effect_on&quot;:&quot;none&quot;}\" data-widget_type=\"text-editor.default\">\n\t\t\t\t<div class=\"elementor-widget-container\">\n\t\t\t\t\t\t\t\t\t<p>Unser Team informiert Sie verst\u00e4ndlich \u00fcber alle durchgef\u00fchrten Arbeiten sowie m\u00f6gliche Auff\u00e4lligkeiten. Mit moderner Technik und langj\u00e4hriger Erfahrung sorgen wir daf\u00fcr, dass Ihr Fahrzeug zuverl\u00e4ssig und in bestem Zustand bleibt \u2013 f\u00fcr viele sorgenfreie Kilometer.<\/p>\t\t\t\t\t\t\t\t<\/div>\n\t\t\t\t<\/div>\n\t\t\t\t\t<\/div>\n\t\t\t\t<\/div>\n\t\t<div class=\"elementor-element elementor-element-372ebff e-flex e-con-boxed e-con e-parent\" data-id=\"372ebff\" data-element_type=\"container\" data-e-type=\"container\">\n\t\t\t\t\t<div class=\"e-con-inner\">\n\t\t\t\t<div class=\"elementor-element elementor-element-212d95f elementor-widget elementor-widget-spacer\" data-id=\"212d95f\" data-element_type=\"widget\" data-e-type=\"widget\" data-settings=\"{&quot;ekit_we_effect_on&quot;:&quot;none&quot;}\" data-widget_type=\"spacer.default\">\n\t\t\t\t<div class=\"elementor-widget-container\">\n\t\t\t\t\t\t\t<div class=\"elementor-spacer\">\n\t\t\t<div class=\"elementor-spacer-inner\"><\/div>\n\t\t<\/div>\n\t\t\t\t\t\t<\/div>\n\t\t\t\t<\/div>\n\t\t\t\t\t<\/div>\n\t\t\t\t<\/div>\n\t\t<div class=\"elementor-element elementor-element-799d8a0 e-flex e-con-boxed e-con e-parent\" data-id=\"799d8a0\" data-element_type=\"container\" data-e-type=\"container\">\n\t\t\t\t\t<div class=\"e-con-inner\">\n\t\t\t\t<div class=\"elementor-element elementor-element-dfee966 elementor-widget elementor-widget-text-editor\" data-id=\"dfee966\" data-element_type=\"widget\" data-e-type=\"widget\" data-settings=\"{&quot;ekit_we_effect_on&quot;:&quot;none&quot;}\" data-widget_type=\"text-editor.default\">\n\t\t\t\t<div class=\"elementor-widget-container\">\n\t\t\t\t\t\t\t\t\t<p><strong>Warum ist regelm\u00e4\u00dfige Wartung wichtig?<\/strong><\/p>\t\t\t\t\t\t\t\t<\/div>\n\t\t\t\t<\/div>\n\t\t\t\t\t<\/div>\n\t\t\t\t<\/div>\n\t\t<div class=\"elementor-element elementor-element-2ec3463 e-flex e-con-boxed e-con e-parent\" data-id=\"2ec3463\" data-element_type=\"container\" data-e-type=\"container\">\n\t\t\t\t\t<div class=\"e-con-inner\">\n\t\t\t\t<div class=\"elementor-element elementor-element-91767ee elementor-widget elementor-widget-text-editor\" data-id=\"91767ee\" data-element_type=\"widget\" data-e-type=\"widget\" data-settings=\"{&quot;ekit_we_effect_on&quot;:&quot;none&quot;}\" data-widget_type=\"text-editor.default\">\n\t\t\t\t<div class=\"elementor-widget-container\">\n\t\t\t\t\t\t\t\t\t<p data-start=\"876\" data-end=\"1107\">Eine gut gewartete Technik hilft, gr\u00f6\u00dfere Sch\u00e4den zu vermeiden und die Leistungsf\u00e4higkeit Ihres Fahrzeugs zu erhalten. Wir arbeiten nach Herstellervorgaben, damit Ihr Fahrzeug optimal betreut wird. Unsere Inspektionen helfen dabei:<\/p><ul data-start=\"1109\" data-end=\"1347\"><li data-section-id=\"pleliu\" data-start=\"1109\" data-end=\"1177\"><strong data-start=\"1111\" data-end=\"1143\">Fr\u00fchzeitig Probleme erkennen<\/strong> und teure Reparaturen vermeiden<\/li><li data-section-id=\"1d8ot1x\" data-start=\"1178\" data-end=\"1250\"><strong data-start=\"1180\" data-end=\"1226\">Die Lebensdauer Ihres Fahrzeugs verl\u00e4ngern<\/strong> und Kosten reduzieren<\/li><li data-section-id=\"1c8tybh\" data-start=\"1251\" data-end=\"1347\"><strong data-start=\"1253\" data-end=\"1286\">Ihre Sicherheit gew\u00e4hrleisten<\/strong> durch Kontrolle von Bremsen, Beleuchtung und Fl\u00fcssigkeiten<\/li><\/ul>\t\t\t\t\t\t\t\t<\/div>\n\t\t\t\t<\/div>\n\t\t\t\t\t<\/div>\n\t\t\t\t<\/div>\n\t\t<div class=\"elementor-element elementor-element-7bc7043 e-flex e-con-boxed e-con e-parent\" data-id=\"7bc7043\" data-element_type=\"container\" data-e-type=\"container\">\n\t\t\t\t\t<div class=\"e-con-inner\">\n\t\t\t\t<div class=\"elementor-element elementor-element-2fa9266 elementor-widget elementor-widget-spacer\" data-id=\"2fa9266\" data-element_type=\"widget\" data-e-type=\"widget\" data-settings=\"{&quot;ekit_we_effect_on&quot;:&quot;none&quot;}\" data-widget_type=\"spacer.default\">\n\t\t\t\t<div class=\"elementor-widget-container\">\n\t\t\t\t\t\t\t<div class=\"elementor-spacer\">\n\t\t\t<div class=\"elementor-spacer-inner\"><\/div>\n\t\t<\/div>\n\t\t\t\t\t\t<\/div>\n\t\t\t\t<\/div>\n\t\t\t\t\t<\/div>\n\t\t\t\t<\/div>\n\t\t<div class=\"elementor-element elementor-element-eb7de0b e-flex e-con-boxed e-con e-parent\" data-id=\"eb7de0b\" data-element_type=\"container\" data-e-type=\"container\">\n\t\t\t\t\t<div class=\"e-con-inner\">\n\t\t\t\t<div class=\"elementor-element elementor-element-36da086 elementor-widget elementor-widget-text-editor\" data-id=\"36da086\" data-element_type=\"widget\" data-e-type=\"widget\" data-settings=\"{&quot;ekit_we_effect_on&quot;:&quot;none&quot;}\" data-widget_type=\"text-editor.default\">\n\t\t\t\t<div class=\"elementor-widget-container\">\n\t\t\t\t\t\t\t\t\t<p><strong>F\u00fcr Ihre Sicherheit und Werterhalt<\/strong><\/p>\t\t\t\t\t\t\t\t<\/div>\n\t\t\t\t<\/div>\n\t\t\t\t\t<\/div>\n\t\t\t\t<\/div>\n\t\t<div class=\"elementor-element elementor-element-64d3a7d e-flex e-con-boxed e-con e-parent\" data-id=\"64d3a7d\" data-element_type=\"container\" data-e-type=\"container\">\n\t\t\t\t\t<div class=\"e-con-inner\">\n\t\t\t\t<div class=\"elementor-element elementor-element-6372aee elementor-widget elementor-widget-button\" data-id=\"6372aee\" data-element_type=\"widget\" data-e-type=\"widget\" data-settings=\"{&quot;ekit_we_effect_on&quot;:&quot;none&quot;}\" data-widget_type=\"button.default\">\n\t\t\t\t<div class=\"elementor-widget-container\">\n\t\t\t\t\t\t\t\t\t<div class=\"elementor-button-wrapper\">\n\t\t\t\t\t<a class=\"elementor-button elementor-button-link elementor-size-sm\" href=\"tel:+49%20201%2028991850\">\n\t\t\t\t\t\t<span class=\"elementor-button-content-wrapper\">\n\t\t\t\t\t\t\t\t\t<span class=\"elementor-button-text\">Termin Vereinbaren <\/span>\n\t\t\t\t\t<\/span>\n\t\t\t\t\t<\/a>\n\t\t\t\t<\/div>\n\t\t\t\t\t\t\t\t<\/div>\n\t\t\t\t<\/div>\n\t\t\t\t\t<\/div>\n\t\t\t\t<\/div>\n\t\t<div class=\"elementor-element elementor-element-2d05621 e-flex e-con-boxed e-con e-parent\" data-id=\"2d05621\" data-element_type=\"container\" data-e-type=\"container\">\n\t\t\t\t\t<div class=\"e-con-inner\">\n\t\t\t\t<div class=\"elementor-element elementor-element-f541f5f elementor-widget elementor-widget-spacer\" data-id=\"f541f5f\" data-element_type=\"widget\" data-e-type=\"widget\" data-settings=\"{&quot;ekit_we_effect_on&quot;:&quot;none&quot;}\" data-widget_type=\"spacer.default\">\n\t\t\t\t<div class=\"elementor-widget-container\">\n\t\t\t\t\t\t\t<div class=\"elementor-spacer\">\n\t\t\t<div class=\"elementor-spacer-inner\"><\/div>\n\t\t<\/div>\n\t\t\t\t\t\t<\/div>\n\t\t\t\t<\/div>\n\t\t\t\t\t<\/div>\n\t\t\t\t<\/div>\n\t\t<div class=\"elementor-element elementor-element-0c34d09 e-flex e-con-boxed e-con e-parent\" data-id=\"0c34d09\" data-element_type=\"container\" data-e-type=\"container\">\n\t\t\t\t\t<div class=\"e-con-inner\">\n\t\t\t\t<div class=\"elementor-element elementor-element-2ee1d65 elementor-widget elementor-widget-text-editor\" data-id=\"2ee1d65\" data-element_type=\"widget\" data-e-type=\"widget\" data-settings=\"{&quot;ekit_we_effect_on&quot;:&quot;none&quot;}\" data-widget_type=\"text-editor.default\">\n\t\t\t\t<div class=\"elementor-widget-container\">\n\t\t\t\t\t\t\t\t\t<p><strong>Weitere Leistungen f\u00fcr Ihr Fahrzeug<\/strong><\/p>\t\t\t\t\t\t\t\t<\/div>\n\t\t\t\t<\/div>\n\t\t\t\t\t<\/div>\n\t\t\t\t<\/div>\n\t\t<div class=\"elementor-element elementor-element-c7faa3a e-flex e-con-boxed e-con e-parent\" data-id=\"c7faa3a\" data-element_type=\"container\" data-e-type=\"container\">\n\t\t\t\t\t<div class=\"e-con-inner\">\n\t\t\t\t<div class=\"elementor-element elementor-element-37021ee elementor-widget-divider--view-line elementor-widget elementor-widget-divider\" data-id=\"37021ee\" data-element_type=\"widget\" data-e-type=\"widget\" data-settings=\"{&quot;ekit_we_effect_on&quot;:&quot;none&quot;}\" data-widget_type=\"divider.default\">\n\t\t\t\t<div class=\"elementor-widget-container\">\n\t\t\t\t\t\t\t<div class=\"elementor-divider\">\n\t\t\t<span class=\"elementor-divider-separator\">\n\t\t\t\t\t\t<\/span>\n\t\t<\/div>\n\t\t\t\t\t\t<\/div>\n\t\t\t\t<\/div>\n\t\t\t\t\t<\/div>\n\t\t\t\t<\/div>\n\t\t<div class=\"elementor-element elementor-element-5372b5d e-flex e-con-boxed e-con e-parent\" data-id=\"5372b5d\" data-element_type=\"container\" data-e-type=\"container\">\n\t\t\t\t\t<div class=\"e-con-inner\">\n\t\t<div class=\"elementor-element elementor-element-06536c2 e-con-full e-flex e-con e-child\" data-id=\"06536c2\" data-element_type=\"container\" data-e-type=\"container\">\n\t\t\t\t<div class=\"elementor-element elementor-element-0375473 at-image-animation at-animation-image-none elementor-widget elementor-widget-image\" data-id=\"0375473\" data-element_type=\"widget\" data-e-type=\"widget\" data-settings=\"{&quot;ekit_we_effect_on&quot;:&quot;none&quot;}\" data-widget_type=\"image.default\">\n\t\t\t\t<div class=\"elementor-widget-container\">\n\t\t\t\t\t\t\t\t\t\t\t\t<figure class=\"wp-caption\">\n\t\t\t\t\t\t\t\t\t\t\t<a href=\"https:\/\/car-partner.de\/index.php\/klimaservice\/\">\n\t\t\t\t\t\t\t<img fetchpriority=\"high\" decoding=\"async\" width=\"800\" height=\"450\" src=\"https:\/\/car-partner.de\/wp-content\/uploads\/2026\/03\/Interior_air_vents_by_the_car_radio-1024x576.webp\" class=\"attachment-large size-large wp-image-7340\" alt=\"\" srcset=\"https:\/\/car-partner.de\/wp-content\/uploads\/2026\/03\/Interior_air_vents_by_the_car_radio-1024x576.webp 1024w, https:\/\/car-partner.de\/wp-content\/uploads\/2026\/03\/Interior_air_vents_by_the_car_radio-300x169.webp 300w, https:\/\/car-partner.de\/wp-content\/uploads\/2026\/03\/Interior_air_vents_by_the_car_radio-768x432.webp 768w, https:\/\/car-partner.de\/wp-content\/uploads\/2026\/03\/Interior_air_vents_by_the_car_radio-1536x864.webp 1536w, https:\/\/car-partner.de\/wp-content\/uploads\/2026\/03\/Interior_air_vents_by_the_car_radio.webp 1600w\" sizes=\"(max-width: 800px) 100vw, 800px\" \/>\t\t\t\t\t\t\t\t<\/a>\n\t\t\t\t\t\t\t\t\t\t\t<figcaption class=\"widget-image-caption wp-caption-text\">Klimaservice<\/figcaption>\n\t\t\t\t\t\t\t\t\t\t<\/figure>\n\t\t\t\t\t\t\t\t\t<\/div>\n\t\t\t\t<\/div>\n\t\t\t\t<\/div>\n\t\t<div class=\"elementor-element elementor-element-05b0fb6 e-con-full e-flex e-con e-child\" data-id=\"05b0fb6\" data-element_type=\"container\" data-e-type=\"container\">\n\t\t\t\t<div class=\"elementor-element elementor-element-c1e64b5 at-image-animation at-animation-image-none elementor-widget elementor-widget-image\" data-id=\"c1e64b5\" data-element_type=\"widget\" data-e-type=\"widget\" data-settings=\"{&quot;ekit_we_effect_on&quot;:&quot;none&quot;}\" data-widget_type=\"image.default\">\n\t\t\t\t<div class=\"elementor-widget-container\">\n\t\t\t\t\t\t\t\t\t\t\t\t<figure class=\"wp-caption\">\n\t\t\t\t\t\t\t\t\t\t\t<a href=\"https:\/\/car-partner.de\/index.php\/getriebespuelung\/\">\n\t\t\t\t\t\t\t<img decoding=\"async\" width=\"800\" height=\"600\" src=\"https:\/\/car-partner.de\/wp-content\/uploads\/2026\/03\/WhatsApp-Image-2026-03-26-at-18.55.25-1-1024x768.jpeg\" class=\"attachment-large size-large wp-image-7361\" alt=\"\" srcset=\"https:\/\/car-partner.de\/wp-content\/uploads\/2026\/03\/WhatsApp-Image-2026-03-26-at-18.55.25-1-1024x768.jpeg 1024w, https:\/\/car-partner.de\/wp-content\/uploads\/2026\/03\/WhatsApp-Image-2026-03-26-at-18.55.25-1-300x225.jpeg 300w, https:\/\/car-partner.de\/wp-content\/uploads\/2026\/03\/WhatsApp-Image-2026-03-26-at-18.55.25-1-768x576.jpeg 768w, https:\/\/car-partner.de\/wp-content\/uploads\/2026\/03\/WhatsApp-Image-2026-03-26-at-18.55.25-1-1536x1152.jpeg 1536w, https:\/\/car-partner.de\/wp-content\/uploads\/2026\/03\/WhatsApp-Image-2026-03-26-at-18.55.25-1-e1775680387224.jpeg 360w\" sizes=\"(max-width: 800px) 100vw, 800px\" \/>\t\t\t\t\t\t\t\t<\/a>\n\t\t\t\t\t\t\t\t\t\t\t<figcaption class=\"widget-image-caption wp-caption-text\">Getriebesp\u00fchlung <\/figcaption>\n\t\t\t\t\t\t\t\t\t\t<\/figure>\n\t\t\t\t\t\t\t\t\t<\/div>\n\t\t\t\t<\/div>\n\t\t\t\t<\/div>\n\t\t\t\t\t<\/div>\n\t\t\t\t<\/div>\n\t\t\t\t<\/div>\n\t\t","protected":false},"excerpt":{"rendered":"<p>Regelm\u00e4\u00dfige Inspektionen und Wartungen sind entscheidend, um die Zuverl\u00e4ssigkeit, Sicherheit und Lebensdauer [&hellip;]<\/p>\n","protected":false},"author":2,"featured_media":0,"parent":0,"menu_order":0,"comment_status":"closed","ping_status":"closed","template":"","meta":{"footnotes":""},"class_list":["post-7303","page","type-page","status-publish","hentry"],"_links":{"self":[{"href":"https:\/\/car-partner.de\/index.php\/wp-json\/wp\/v2\/pages\/7303","targetHints":{"allow":["GET"]}}],"collection":[{"href":"https:\/\/car-partner.de\/index.php\/wp-json\/wp\/v2\/pages"}],"about":[{"href":"https:\/\/car-partner.de\/index.php\/wp-json\/wp\/v2\/types\/page"}],"author":[{"embeddable":true,"href":"https:\/\/car-partner.de\/index.php\/wp-json\/wp\/v2\/users\/2"}],"replies":[{"embeddable":true,"href":"https:\/\/car-partner.de\/index.php\/wp-json\/wp\/v2\/comments?post=7303"}],"version-history":[{"count":28,"href":"https:\/\/car-partner.de\/index.php\/wp-json\/wp\/v2\/pages\/7303\/revisions"}],"predecessor-version":[{"id":8440,"href":"https:\/\/car-partner.de\/index.php\/wp-json\/wp\/v2\/pages\/7303\/revisions\/8440"}],"wp:attachment":[{"href":"https:\/\/car-partner.de\/index.php\/wp-json\/wp\/v2\/media?parent=7303"}],"curies":[{"name":"wp","href":"https:\/\/api.w.org\/{rel}","templated":true}]}}