{"id":7305,"date":"2026-03-28T09:46:26","date_gmt":"2026-03-28T09:46:26","guid":{"rendered":"https:\/\/car-partner.de\/?page_id=7305"},"modified":"2026-04-08T22:35:20","modified_gmt":"2026-04-08T22:35:20","slug":"kfz-reperatur","status":"publish","type":"page","link":"https:\/\/car-partner.de\/index.php\/kfz-reperatur\/","title":{"rendered":"KFZ Reparatur"},"content":{"rendered":"\t\t<div data-elementor-type=\"wp-page\" data-elementor-id=\"7305\" class=\"elementor elementor-7305\">\n\t\t\t\t<div class=\"elementor-element elementor-element-ff0115e e-flex e-con-boxed e-con e-parent\" data-id=\"ff0115e\" data-element_type=\"container\" data-e-type=\"container\">\n\t\t\t\t\t<div class=\"e-con-inner\">\n\t\t\t\t\t<\/div>\n\t\t\t\t<\/div>\n\t\t<div class=\"elementor-element elementor-element-87a3550 e-flex e-con-boxed e-con e-parent\" data-id=\"87a3550\" data-element_type=\"container\" data-e-type=\"container\">\n\t\t\t\t\t<div class=\"e-con-inner\">\n\t\t\t\t<div class=\"elementor-element elementor-element-5ba6f34 elementor-widget elementor-widget-text-editor\" data-id=\"5ba6f34\" data-element_type=\"widget\" data-e-type=\"widget\" data-settings=\"{&quot;ekit_we_effect_on&quot;:&quot;none&quot;}\" data-widget_type=\"text-editor.default\">\n\t\t\t\t<div class=\"elementor-widget-container\">\n\t\t\t\t\t\t\t\t\t<p>Ob Motorprobleme, Elektronikfehler oder Getriebesch\u00e4den. Bei Uns erhalten Sie einen umfassenden Reparaturservice f\u00fcr alle Fahrzeugtypen. Von der pr\u00e4zisen Diagnose bis zur abschlie\u00dfenden Qualit\u00e4tskontrolle sorgen unsere erfahrenen Mechaniker daf\u00fcr, dass Ihr Fahrzeug schnell und zuverl\u00e4ssig wieder einsatzbereit ist.<\/p>\t\t\t\t\t\t\t\t<\/div>\n\t\t\t\t<\/div>\n\t\t\t\t\t<\/div>\n\t\t\t\t<\/div>\n\t\t<div class=\"elementor-element elementor-element-dac5009 e-flex e-con-boxed e-con e-parent\" data-id=\"dac5009\" data-element_type=\"container\" data-e-type=\"container\">\n\t\t\t\t\t<div class=\"e-con-inner\">\n\t\t\t\t<div class=\"elementor-element elementor-element-18ffc10 elementor-widget elementor-widget-spacer\" data-id=\"18ffc10\" data-element_type=\"widget\" data-e-type=\"widget\" data-settings=\"{&quot;ekit_we_effect_on&quot;:&quot;none&quot;}\" data-widget_type=\"spacer.default\">\n\t\t\t\t<div class=\"elementor-widget-container\">\n\t\t\t\t\t\t\t<div class=\"elementor-spacer\">\n\t\t\t<div class=\"elementor-spacer-inner\"><\/div>\n\t\t<\/div>\n\t\t\t\t\t\t<\/div>\n\t\t\t\t<\/div>\n\t\t\t\t\t<\/div>\n\t\t\t\t<\/div>\n\t\t<div class=\"elementor-element elementor-element-a5267a9 e-flex e-con-boxed e-con e-parent\" data-id=\"a5267a9\" data-element_type=\"container\" data-e-type=\"container\">\n\t\t\t\t\t<div class=\"e-con-inner\">\n\t\t\t\t<div class=\"elementor-element elementor-element-7dd39df elementor-widget elementor-widget-text-editor\" data-id=\"7dd39df\" data-element_type=\"widget\" data-e-type=\"widget\" data-settings=\"{&quot;ekit_we_effect_on&quot;:&quot;none&quot;}\" data-widget_type=\"text-editor.default\">\n\t\t\t\t<div class=\"elementor-widget-container\">\n\t\t\t\t\t\t\t\t\t<p><strong>Wann ist eine Reparatur notwendig?<\/strong><\/p>\t\t\t\t\t\t\t\t<\/div>\n\t\t\t\t<\/div>\n\t\t\t\t\t<\/div>\n\t\t\t\t<\/div>\n\t\t<div class=\"elementor-element elementor-element-d4b325b e-flex e-con-boxed e-con e-parent\" data-id=\"d4b325b\" data-element_type=\"container\" data-e-type=\"container\">\n\t\t\t\t\t<div class=\"e-con-inner\">\n\t\t\t\t<div class=\"elementor-element elementor-element-f4635bc elementor-widget elementor-widget-text-editor\" data-id=\"f4635bc\" data-element_type=\"widget\" data-e-type=\"widget\" data-settings=\"{&quot;ekit_we_effect_on&quot;:&quot;none&quot;}\" data-widget_type=\"text-editor.default\">\n\t\t\t\t<div class=\"elementor-widget-container\">\n\t\t\t\t\t\t\t\t\t<p data-start=\"524\" data-end=\"639\">Fahrzeugprobleme k\u00f6nnen durch Verschlei\u00df, Unf\u00e4lle oder technische Defekte entstehen. Typische Reparaturen umfassen:<\/p><ul data-start=\"641\" data-end=\"883\"><li data-section-id=\"1mdixoy\" data-start=\"641\" data-end=\"712\"><strong data-start=\"643\" data-end=\"674\">Austausch defekter Bauteile<\/strong> f\u00fcr mehr Sicherheit und Fahrkomfort<\/li><li data-section-id=\"1w4ou83\" data-start=\"713\" data-end=\"815\"><strong data-start=\"715\" data-end=\"761\">Komplexe Reparaturen an Motor und Getriebe<\/strong>, um die volle Funktionsf\u00e4higkeit wiederherzustellen<\/li><li data-section-id=\"1q49dut\" data-start=\"816\" data-end=\"883\"><strong data-start=\"818\" data-end=\"852\">Behebung von Elektronikfehlern<\/strong> mit moderner Diagnosetechnik<\/li><\/ul><p data-start=\"885\" data-end=\"1035\">Regelm\u00e4\u00dfige Wartungen und Inspektionen helfen dabei, gr\u00f6\u00dfere Sch\u00e4den fr\u00fchzeitig zu vermeiden. Unser Team findet die passende L\u00f6sung f\u00fcr jedes Problem.<\/p>\t\t\t\t\t\t\t\t<\/div>\n\t\t\t\t<\/div>\n\t\t\t\t\t<\/div>\n\t\t\t\t<\/div>\n\t\t<div class=\"elementor-element elementor-element-8f0d937 e-flex e-con-boxed e-con e-parent\" data-id=\"8f0d937\" data-element_type=\"container\" data-e-type=\"container\">\n\t\t\t\t\t<div class=\"e-con-inner\">\n\t\t\t\t<div class=\"elementor-element elementor-element-956462e elementor-widget elementor-widget-spacer\" data-id=\"956462e\" data-element_type=\"widget\" data-e-type=\"widget\" data-settings=\"{&quot;ekit_we_effect_on&quot;:&quot;none&quot;}\" data-widget_type=\"spacer.default\">\n\t\t\t\t<div class=\"elementor-widget-container\">\n\t\t\t\t\t\t\t<div class=\"elementor-spacer\">\n\t\t\t<div class=\"elementor-spacer-inner\"><\/div>\n\t\t<\/div>\n\t\t\t\t\t\t<\/div>\n\t\t\t\t<\/div>\n\t\t\t\t\t<\/div>\n\t\t\t\t<\/div>\n\t\t<div class=\"elementor-element elementor-element-2e01146 e-flex e-con-boxed e-con e-parent\" data-id=\"2e01146\" data-element_type=\"container\" data-e-type=\"container\">\n\t\t\t\t\t<div class=\"e-con-inner\">\n\t\t\t\t<div class=\"elementor-element elementor-element-a3c9f1d elementor-widget elementor-widget-text-editor\" data-id=\"a3c9f1d\" data-element_type=\"widget\" data-e-type=\"widget\" data-settings=\"{&quot;ekit_we_effect_on&quot;:&quot;none&quot;}\" data-widget_type=\"text-editor.default\">\n\t\t\t\t<div class=\"elementor-widget-container\">\n\t\t\t\t\t\t\t\t\t<p><strong>Unser Qualit\u00e4tsanspruch: Sicherheit und Zuverl\u00e4ssigkeit<\/strong><\/p>\t\t\t\t\t\t\t\t<\/div>\n\t\t\t\t<\/div>\n\t\t\t\t\t<\/div>\n\t\t\t\t<\/div>\n\t\t<div class=\"elementor-element elementor-element-9bd886d e-flex e-con-boxed e-con e-parent\" data-id=\"9bd886d\" data-element_type=\"container\" data-e-type=\"container\">\n\t\t\t\t\t<div class=\"e-con-inner\">\n\t\t\t\t<div class=\"elementor-element elementor-element-84125de elementor-widget elementor-widget-text-editor\" data-id=\"84125de\" data-element_type=\"widget\" data-e-type=\"widget\" data-settings=\"{&quot;ekit_we_effect_on&quot;:&quot;none&quot;}\" data-widget_type=\"text-editor.default\">\n\t\t\t\t<div class=\"elementor-widget-container\">\n\t\t\t\t\t\t\t\t\t<p data-start=\"1106\" data-end=\"1331\">Wir verwenden ausschlie\u00dflich hochwertige Ersatzteile, die den Anforderungen der Hersteller entsprechen. Jede Reparatur wird nach h\u00f6chsten Standards durchgef\u00fchrt, damit Ihr Fahrzeug wieder sicher und zuverl\u00e4ssig unterwegs ist.<\/p><p data-start=\"1333\" data-end=\"1464\">Unsere modern ausgestattete Werkstatt und unser erfahrenes Team garantieren Ihnen einen Service, auf den Sie sich verlassen k\u00f6nnen.<\/p>\t\t\t\t\t\t\t\t<\/div>\n\t\t\t\t<\/div>\n\t\t\t\t\t<\/div>\n\t\t\t\t<\/div>\n\t\t<div class=\"elementor-element elementor-element-3764fcc e-flex e-con-boxed e-con e-parent\" data-id=\"3764fcc\" data-element_type=\"container\" data-e-type=\"container\">\n\t\t\t\t\t<div class=\"e-con-inner\">\n\t\t\t\t<div class=\"elementor-element elementor-element-f72addb elementor-widget elementor-widget-spacer\" data-id=\"f72addb\" data-element_type=\"widget\" data-e-type=\"widget\" data-settings=\"{&quot;ekit_we_effect_on&quot;:&quot;none&quot;}\" data-widget_type=\"spacer.default\">\n\t\t\t\t<div class=\"elementor-widget-container\">\n\t\t\t\t\t\t\t<div class=\"elementor-spacer\">\n\t\t\t<div class=\"elementor-spacer-inner\"><\/div>\n\t\t<\/div>\n\t\t\t\t\t\t<\/div>\n\t\t\t\t<\/div>\n\t\t\t\t\t<\/div>\n\t\t\t\t<\/div>\n\t\t<div class=\"elementor-element elementor-element-5695f44 e-flex e-con-boxed e-con e-parent\" data-id=\"5695f44\" data-element_type=\"container\" data-e-type=\"container\">\n\t\t\t\t\t<div class=\"e-con-inner\">\n\t\t\t\t<div class=\"elementor-element elementor-element-259e426 elementor-widget elementor-widget-text-editor\" data-id=\"259e426\" data-element_type=\"widget\" data-e-type=\"widget\" data-settings=\"{&quot;ekit_we_effect_on&quot;:&quot;none&quot;}\" data-widget_type=\"text-editor.default\">\n\t\t\t\t<div class=\"elementor-widget-container\">\n\t\t\t\t\t\t\t\t\t<p><strong>Schnell wieder mobil<\/strong><\/p>\t\t\t\t\t\t\t\t<\/div>\n\t\t\t\t<\/div>\n\t\t\t\t\t<\/div>\n\t\t\t\t<\/div>\n\t\t<div class=\"elementor-element elementor-element-3e59df5 e-flex e-con-boxed e-con e-parent\" data-id=\"3e59df5\" data-element_type=\"container\" data-e-type=\"container\">\n\t\t\t\t\t<div class=\"e-con-inner\">\n\t\t\t\t<div class=\"elementor-element elementor-element-b5a7abd elementor-widget elementor-widget-button\" data-id=\"b5a7abd\" data-element_type=\"widget\" data-e-type=\"widget\" data-settings=\"{&quot;ekit_we_effect_on&quot;:&quot;none&quot;}\" data-widget_type=\"button.default\">\n\t\t\t\t<div class=\"elementor-widget-container\">\n\t\t\t\t\t\t\t\t\t<div class=\"elementor-button-wrapper\">\n\t\t\t\t\t<a class=\"elementor-button elementor-button-link elementor-size-sm\" href=\"tel:+49%20201%2028991850\">\n\t\t\t\t\t\t<span class=\"elementor-button-content-wrapper\">\n\t\t\t\t\t\t\t\t\t<span class=\"elementor-button-text\">Termin Vereinbaren <\/span>\n\t\t\t\t\t<\/span>\n\t\t\t\t\t<\/a>\n\t\t\t\t<\/div>\n\t\t\t\t\t\t\t\t<\/div>\n\t\t\t\t<\/div>\n\t\t\t\t\t<\/div>\n\t\t\t\t<\/div>\n\t\t<div class=\"elementor-element elementor-element-238745d e-flex e-con-boxed e-con e-parent\" data-id=\"238745d\" data-element_type=\"container\" data-e-type=\"container\">\n\t\t\t\t\t<div class=\"e-con-inner\">\n\t\t\t\t<div class=\"elementor-element elementor-element-9fadb97 elementor-widget elementor-widget-spacer\" data-id=\"9fadb97\" data-element_type=\"widget\" data-e-type=\"widget\" data-settings=\"{&quot;ekit_we_effect_on&quot;:&quot;none&quot;}\" data-widget_type=\"spacer.default\">\n\t\t\t\t<div class=\"elementor-widget-container\">\n\t\t\t\t\t\t\t<div class=\"elementor-spacer\">\n\t\t\t<div class=\"elementor-spacer-inner\"><\/div>\n\t\t<\/div>\n\t\t\t\t\t\t<\/div>\n\t\t\t\t<\/div>\n\t\t\t\t\t<\/div>\n\t\t\t\t<\/div>\n\t\t<div class=\"elementor-element elementor-element-db96250 e-flex e-con-boxed e-con e-parent\" data-id=\"db96250\" data-element_type=\"container\" data-e-type=\"container\">\n\t\t\t\t\t<div class=\"e-con-inner\">\n\t\t\t\t<div class=\"elementor-element elementor-element-48108ef elementor-widget elementor-widget-text-editor\" data-id=\"48108ef\" data-element_type=\"widget\" data-e-type=\"widget\" data-settings=\"{&quot;ekit_we_effect_on&quot;:&quot;none&quot;}\" data-widget_type=\"text-editor.default\">\n\t\t\t\t<div class=\"elementor-widget-container\">\n\t\t\t\t\t\t\t\t\t<p><strong>Weitere Leistungen f\u00fcr Ihr Fahrzeug<\/strong><\/p>\t\t\t\t\t\t\t\t<\/div>\n\t\t\t\t<\/div>\n\t\t\t\t\t<\/div>\n\t\t\t\t<\/div>\n\t\t<div class=\"elementor-element elementor-element-4ffb028 e-flex e-con-boxed e-con e-parent\" data-id=\"4ffb028\" data-element_type=\"container\" data-e-type=\"container\">\n\t\t\t\t\t<div class=\"e-con-inner\">\n\t\t\t\t<div class=\"elementor-element elementor-element-babc831 elementor-widget elementor-widget-text-editor\" data-id=\"babc831\" data-element_type=\"widget\" data-e-type=\"widget\" data-settings=\"{&quot;ekit_we_effect_on&quot;:&quot;none&quot;}\" data-widget_type=\"text-editor.default\">\n\t\t\t\t<div class=\"elementor-widget-container\">\n\t\t\t\t\t\t\t\t\t<p>Neben unserem spezialisierten Service bieten wir Ihnen eine Vielzahl weiterer Leistungen rund um Ihr Fahrzeug. Von Inspektionen \u00fcber Reparaturen bis hin zu individuellen L\u00f6sungen \u2013mk\u00fcmmern wir uns zuverl\u00e4ssig um Ihre Mobilit\u00e4t.<\/p>\t\t\t\t\t\t\t\t<\/div>\n\t\t\t\t<\/div>\n\t\t\t\t\t<\/div>\n\t\t\t\t<\/div>\n\t\t<div class=\"elementor-element elementor-element-bf46e00 e-flex e-con-boxed e-con e-parent\" data-id=\"bf46e00\" data-element_type=\"container\" data-e-type=\"container\">\n\t\t\t\t\t<div class=\"e-con-inner\">\n\t\t\t\t<div class=\"elementor-element elementor-element-070e6ae elementor-widget-divider--view-line elementor-widget elementor-widget-divider\" data-id=\"070e6ae\" data-element_type=\"widget\" data-e-type=\"widget\" data-settings=\"{&quot;ekit_we_effect_on&quot;:&quot;none&quot;}\" data-widget_type=\"divider.default\">\n\t\t\t\t<div class=\"elementor-widget-container\">\n\t\t\t\t\t\t\t<div class=\"elementor-divider\">\n\t\t\t<span class=\"elementor-divider-separator\">\n\t\t\t\t\t\t<\/span>\n\t\t<\/div>\n\t\t\t\t\t\t<\/div>\n\t\t\t\t<\/div>\n\t\t\t\t\t<\/div>\n\t\t\t\t<\/div>\n\t\t<div class=\"elementor-element elementor-element-3a4d8c8 e-flex e-con-boxed e-con e-parent\" data-id=\"3a4d8c8\" data-element_type=\"container\" data-e-type=\"container\">\n\t\t\t\t\t<div class=\"e-con-inner\">\n\t\t\t\t<div class=\"elementor-element elementor-element-e9c2bcc elementor-widget__width-initial at-image-animation at-animation-image-none elementor-widget elementor-widget-image\" data-id=\"e9c2bcc\" data-element_type=\"widget\" data-e-type=\"widget\" data-settings=\"{&quot;ekit_we_effect_on&quot;:&quot;none&quot;}\" data-widget_type=\"image.default\">\n\t\t\t\t<div class=\"elementor-widget-container\">\n\t\t\t\t\t\t\t\t\t\t\t\t<figure class=\"wp-caption\">\n\t\t\t\t\t\t\t\t\t\t\t<a href=\"https:\/\/car-partner.de\/index.php\/getriebespuelung\/\">\n\t\t\t\t\t\t\t<img fetchpriority=\"high\" decoding=\"async\" width=\"800\" height=\"600\" src=\"https:\/\/car-partner.de\/wp-content\/uploads\/2026\/03\/WhatsApp-Image-2026-03-26-at-18.55.25-1-1024x768.jpeg\" class=\"attachment-large size-large wp-image-7361\" alt=\"\" srcset=\"https:\/\/car-partner.de\/wp-content\/uploads\/2026\/03\/WhatsApp-Image-2026-03-26-at-18.55.25-1-1024x768.jpeg 1024w, https:\/\/car-partner.de\/wp-content\/uploads\/2026\/03\/WhatsApp-Image-2026-03-26-at-18.55.25-1-300x225.jpeg 300w, https:\/\/car-partner.de\/wp-content\/uploads\/2026\/03\/WhatsApp-Image-2026-03-26-at-18.55.25-1-768x576.jpeg 768w, https:\/\/car-partner.de\/wp-content\/uploads\/2026\/03\/WhatsApp-Image-2026-03-26-at-18.55.25-1-1536x1152.jpeg 1536w, https:\/\/car-partner.de\/wp-content\/uploads\/2026\/03\/WhatsApp-Image-2026-03-26-at-18.55.25-1-e1775680387224.jpeg 360w\" sizes=\"(max-width: 800px) 100vw, 800px\" \/>\t\t\t\t\t\t\t\t<\/a>\n\t\t\t\t\t\t\t\t\t\t\t<figcaption class=\"widget-image-caption wp-caption-text\">Getriebesp\u00fchlung<\/figcaption>\n\t\t\t\t\t\t\t\t\t\t<\/figure>\n\t\t\t\t\t\t\t\t\t<\/div>\n\t\t\t\t<\/div>\n\t\t<div class=\"elementor-element elementor-element-e89769d e-con-full e-flex e-con e-child\" data-id=\"e89769d\" data-element_type=\"container\" data-e-type=\"container\">\n\t\t\t\t<div class=\"elementor-element elementor-element-06cf89b at-image-animation at-animation-image-none elementor-widget elementor-widget-image\" data-id=\"06cf89b\" data-element_type=\"widget\" data-e-type=\"widget\" data-settings=\"{&quot;ekit_we_effect_on&quot;:&quot;none&quot;}\" data-widget_type=\"image.default\">\n\t\t\t\t<div class=\"elementor-widget-container\">\n\t\t\t\t\t\t\t\t\t\t\t\t<figure class=\"wp-caption\">\n\t\t\t\t\t\t\t\t\t\t\t<a href=\"https:\/\/car-partner.de\/index.php\/oelwechsel\/\">\n\t\t\t\t\t\t\t<img decoding=\"async\" width=\"480\" height=\"270\" src=\"https:\/\/car-partner.de\/wp-content\/uploads\/2026\/03\/pouring-fresh-new-clean-synthetic-footage-074612091_iconl.webp\" class=\"attachment-large size-large wp-image-7341\" alt=\"\" srcset=\"https:\/\/car-partner.de\/wp-content\/uploads\/2026\/03\/pouring-fresh-new-clean-synthetic-footage-074612091_iconl.webp 480w, https:\/\/car-partner.de\/wp-content\/uploads\/2026\/03\/pouring-fresh-new-clean-synthetic-footage-074612091_iconl-300x169.webp 300w\" sizes=\"(max-width: 480px) 100vw, 480px\" \/>\t\t\t\t\t\t\t\t<\/a>\n\t\t\t\t\t\t\t\t\t\t\t<figcaption class=\"widget-image-caption wp-caption-text\">\u00d6lwechsel<\/figcaption>\n\t\t\t\t\t\t\t\t\t\t<\/figure>\n\t\t\t\t\t\t\t\t\t<\/div>\n\t\t\t\t<\/div>\n\t\t\t\t<\/div>\n\t\t\t\t\t<\/div>\n\t\t\t\t<\/div>\n\t\t\t\t<\/div>\n\t\t","protected":false},"excerpt":{"rendered":"<p>Ob Motorprobleme, Elektronikfehler oder Getriebesch\u00e4den. Bei Uns erhalten Sie einen umfassenden Reparaturservice [&hellip;]<\/p>\n","protected":false},"author":2,"featured_media":0,"parent":0,"menu_order":0,"comment_status":"closed","ping_status":"closed","template":"","meta":{"footnotes":""},"class_list":["post-7305","page","type-page","status-publish","hentry"],"_links":{"self":[{"href":"https:\/\/car-partner.de\/index.php\/wp-json\/wp\/v2\/pages\/7305","targetHints":{"allow":["GET"]}}],"collection":[{"href":"https:\/\/car-partner.de\/index.php\/wp-json\/wp\/v2\/pages"}],"about":[{"href":"https:\/\/car-partner.de\/index.php\/wp-json\/wp\/v2\/types\/page"}],"author":[{"embeddable":true,"href":"https:\/\/car-partner.de\/index.php\/wp-json\/wp\/v2\/users\/2"}],"replies":[{"embeddable":true,"href":"https:\/\/car-partner.de\/index.php\/wp-json\/wp\/v2\/comments?post=7305"}],"version-history":[{"count":59,"href":"https:\/\/car-partner.de\/index.php\/wp-json\/wp\/v2\/pages\/7305\/revisions"}],"predecessor-version":[{"id":8449,"href":"https:\/\/car-partner.de\/index.php\/wp-json\/wp\/v2\/pages\/7305\/revisions\/8449"}],"wp:attachment":[{"href":"https:\/\/car-partner.de\/index.php\/wp-json\/wp\/v2\/media?parent=7305"}],"curies":[{"name":"wp","href":"https:\/\/api.w.org\/{rel}","templated":true}]}}