{"id":7307,"date":"2026-03-28T09:47:04","date_gmt":"2026-03-28T09:47:04","guid":{"rendered":"https:\/\/car-partner.de\/?page_id=7307"},"modified":"2026-04-08T22:30:49","modified_gmt":"2026-04-08T22:30:49","slug":"klimaservice","status":"publish","type":"page","link":"https:\/\/car-partner.de\/index.php\/klimaservice\/","title":{"rendered":"Klimaservice"},"content":{"rendered":"\t\t<div data-elementor-type=\"wp-page\" data-elementor-id=\"7307\" class=\"elementor elementor-7307\">\n\t\t\t\t<div class=\"elementor-element elementor-element-5a710ea e-flex e-con-boxed e-con e-parent\" data-id=\"5a710ea\" data-element_type=\"container\" data-e-type=\"container\">\n\t\t\t\t\t<div class=\"e-con-inner\">\n\t\t\t\t\t<\/div>\n\t\t\t\t<\/div>\n\t\t<div class=\"elementor-element elementor-element-ffd8691 e-flex e-con-boxed e-con e-parent\" data-id=\"ffd8691\" data-element_type=\"container\" data-e-type=\"container\">\n\t\t\t\t\t<div class=\"e-con-inner\">\n\t\t\t\t<div class=\"elementor-element elementor-element-54e717a elementor-widget elementor-widget-text-editor\" data-id=\"54e717a\" data-element_type=\"widget\" data-e-type=\"widget\" data-settings=\"{&quot;ekit_we_effect_on&quot;:&quot;none&quot;}\" data-widget_type=\"text-editor.default\">\n\t\t\t\t<div class=\"elementor-widget-container\">\n\t\t\t\t\t\t\t\t\t<p data-start=\"152\" data-end=\"491\">Ein optimal funktionierendes Klimasystem ist essenziell f\u00fcr Komfort und Sicherheit \u2013 besonders an hei\u00dfen Tagen. Wir bieten\u00a0\u00a0Ihnen einen umfassenden Klimaservice, der die \u00dcberpr\u00fcfung, Reinigung und Auff\u00fcllung Ihrer Klimaanlage umfasst. So bleibt das Klima in Ihrem Fahrzeug jederzeit angenehm und hygienisch.<\/p>\t\t\t\t\t\t\t\t<\/div>\n\t\t\t\t<\/div>\n\t\t\t\t\t<\/div>\n\t\t\t\t<\/div>\n\t\t<div class=\"elementor-element elementor-element-407e162 e-flex e-con-boxed e-con e-parent\" data-id=\"407e162\" data-element_type=\"container\" data-e-type=\"container\">\n\t\t\t\t\t<div class=\"e-con-inner\">\n\t\t\t\t<div class=\"elementor-element elementor-element-41884e9 elementor-widget elementor-widget-spacer\" data-id=\"41884e9\" data-element_type=\"widget\" data-e-type=\"widget\" data-settings=\"{&quot;ekit_we_effect_on&quot;:&quot;none&quot;}\" data-widget_type=\"spacer.default\">\n\t\t\t\t<div class=\"elementor-widget-container\">\n\t\t\t\t\t\t\t<div class=\"elementor-spacer\">\n\t\t\t<div class=\"elementor-spacer-inner\"><\/div>\n\t\t<\/div>\n\t\t\t\t\t\t<\/div>\n\t\t\t\t<\/div>\n\t\t\t\t\t<\/div>\n\t\t\t\t<\/div>\n\t\t<div class=\"elementor-element elementor-element-8ce41f4 e-flex e-con-boxed e-con e-parent\" data-id=\"8ce41f4\" data-element_type=\"container\" data-e-type=\"container\">\n\t\t\t\t\t<div class=\"e-con-inner\">\n\t\t\t\t<div class=\"elementor-element elementor-element-6f7d75a elementor-widget elementor-widget-text-editor\" data-id=\"6f7d75a\" data-element_type=\"widget\" data-e-type=\"widget\" data-settings=\"{&quot;ekit_we_effect_on&quot;:&quot;none&quot;}\" data-widget_type=\"text-editor.default\">\n\t\t\t\t<div class=\"elementor-widget-container\">\n\t\t\t\t\t\t\t\t\t<p><strong>Wann ist ein Klimaservice erforderlich?<\/strong><\/p>\t\t\t\t\t\t\t\t<\/div>\n\t\t\t\t<\/div>\n\t\t\t\t\t<\/div>\n\t\t\t\t<\/div>\n\t\t<div class=\"elementor-element elementor-element-ce6a71d e-flex e-con-boxed e-con e-parent\" data-id=\"ce6a71d\" data-element_type=\"container\" data-e-type=\"container\">\n\t\t\t\t\t<div class=\"e-con-inner\">\n\t\t\t\t<div class=\"elementor-element elementor-element-f51b6c1 elementor-widget elementor-widget-text-editor\" data-id=\"f51b6c1\" data-element_type=\"widget\" data-e-type=\"widget\" data-settings=\"{&quot;ekit_we_effect_on&quot;:&quot;none&quot;}\" data-widget_type=\"text-editor.default\">\n\t\t\t\t<div class=\"elementor-widget-container\">\n\t\t\t\t\t\t\t\t\t<p data-start=\"546\" data-end=\"705\">Mindestens alle zwei Jahre sollte Ihre Klimaanlage gewartet werden, um ihre volle Leistung zu erhalten und gr\u00f6\u00dfere Sch\u00e4den zu vermeiden. Unser Service umfasst:<\/p><ul data-start=\"707\" data-end=\"911\"><li data-section-id=\"1odbbzb\" data-start=\"707\" data-end=\"775\"><strong data-start=\"709\" data-end=\"731\">Dichtheitspr\u00fcfung:<\/strong> Fr\u00fchzeitiges Erkennen von Undichtigkeiten<\/li><li data-section-id=\"2m0p1c\" data-start=\"776\" data-end=\"838\"><strong data-start=\"778\" data-end=\"810\">Auff\u00fcllung des K\u00e4ltemittels:<\/strong> F\u00fcr maximale K\u00fchlleistung<\/li><li data-section-id=\"u0moom\" data-start=\"839\" data-end=\"911\"><strong data-start=\"841\" data-end=\"859\">Filterwechsel:<\/strong> Beseitigung von Schmutz und unangenehmen Ger\u00fcchen<\/li><\/ul><p data-start=\"913\" data-end=\"1047\">Eine gut gewartete Klimaanlage sch\u00fctzt nicht nur vor \u00dcberhitzung, sondern sorgt auch f\u00fcr saubere Luft und ein angenehmes Fahrerlebnis.<\/p>\t\t\t\t\t\t\t\t<\/div>\n\t\t\t\t<\/div>\n\t\t\t\t\t<\/div>\n\t\t\t\t<\/div>\n\t\t<div class=\"elementor-element elementor-element-39b9574 e-flex e-con-boxed e-con e-parent\" data-id=\"39b9574\" data-element_type=\"container\" data-e-type=\"container\">\n\t\t\t\t\t<div class=\"e-con-inner\">\n\t\t\t\t<div class=\"elementor-element elementor-element-481e780 elementor-widget elementor-widget-spacer\" data-id=\"481e780\" data-element_type=\"widget\" data-e-type=\"widget\" data-settings=\"{&quot;ekit_we_effect_on&quot;:&quot;none&quot;}\" data-widget_type=\"spacer.default\">\n\t\t\t\t<div class=\"elementor-widget-container\">\n\t\t\t\t\t\t\t<div class=\"elementor-spacer\">\n\t\t\t<div class=\"elementor-spacer-inner\"><\/div>\n\t\t<\/div>\n\t\t\t\t\t\t<\/div>\n\t\t\t\t<\/div>\n\t\t\t\t\t<\/div>\n\t\t\t\t<\/div>\n\t\t<div class=\"elementor-element elementor-element-b27067a e-flex e-con-boxed e-con e-parent\" data-id=\"b27067a\" data-element_type=\"container\" data-e-type=\"container\">\n\t\t\t\t\t<div class=\"e-con-inner\">\n\t\t\t\t<div class=\"elementor-element elementor-element-439421f elementor-widget elementor-widget-text-editor\" data-id=\"439421f\" data-element_type=\"widget\" data-e-type=\"widget\" data-settings=\"{&quot;ekit_we_effect_on&quot;:&quot;none&quot;}\" data-widget_type=\"text-editor.default\">\n\t\t\t\t<div class=\"elementor-widget-container\">\n\t\t\t\t\t\t\t\t\t<p><strong>Unser Serviceversprechen: Komfort und Sicherheit<\/strong><\/p>\t\t\t\t\t\t\t\t<\/div>\n\t\t\t\t<\/div>\n\t\t\t\t\t<\/div>\n\t\t\t\t<\/div>\n\t\t<div class=\"elementor-element elementor-element-8c56cb3 e-flex e-con-boxed e-con e-parent\" data-id=\"8c56cb3\" data-element_type=\"container\" data-e-type=\"container\">\n\t\t\t\t\t<div class=\"e-con-inner\">\n\t\t\t\t<div class=\"elementor-element elementor-element-4bf0e86 elementor-widget elementor-widget-text-editor\" data-id=\"4bf0e86\" data-element_type=\"widget\" data-e-type=\"widget\" data-settings=\"{&quot;ekit_we_effect_on&quot;:&quot;none&quot;}\" data-widget_type=\"text-editor.default\">\n\t\t\t\t<div class=\"elementor-widget-container\">\n\t\t\t\t\t\t\t\t\t<p data-start=\"1111\" data-end=\"1367\">Mit modernsten Ger\u00e4ten und geschulten Fachkr\u00e4ften k\u00fcmmern wir uns effizient und zuverl\u00e4ssig um Ihr Klimasystem. Wir sorgen daf\u00fcr, dass Ihre Klimaanlage auch an hei\u00dfen Sommertagen leistungsstark und zuverl\u00e4ssig arbeitet \u2013 f\u00fcr maximalen Komfort und Fahrspa\u00df.<\/p>\t\t\t\t\t\t\t\t<\/div>\n\t\t\t\t<\/div>\n\t\t\t\t\t<\/div>\n\t\t\t\t<\/div>\n\t\t<div class=\"elementor-element elementor-element-65bed6f e-flex e-con-boxed e-con e-parent\" data-id=\"65bed6f\" data-element_type=\"container\" data-e-type=\"container\">\n\t\t\t\t\t<div class=\"e-con-inner\">\n\t\t\t\t<div class=\"elementor-element elementor-element-1f5ca15 elementor-widget elementor-widget-spacer\" data-id=\"1f5ca15\" data-element_type=\"widget\" data-e-type=\"widget\" data-settings=\"{&quot;ekit_we_effect_on&quot;:&quot;none&quot;}\" data-widget_type=\"spacer.default\">\n\t\t\t\t<div class=\"elementor-widget-container\">\n\t\t\t\t\t\t\t<div class=\"elementor-spacer\">\n\t\t\t<div class=\"elementor-spacer-inner\"><\/div>\n\t\t<\/div>\n\t\t\t\t\t\t<\/div>\n\t\t\t\t<\/div>\n\t\t\t\t\t<\/div>\n\t\t\t\t<\/div>\n\t\t<div class=\"elementor-element elementor-element-ce107f6 e-flex e-con-boxed e-con e-parent\" data-id=\"ce107f6\" data-element_type=\"container\" data-e-type=\"container\">\n\t\t\t\t\t<div class=\"e-con-inner\">\n\t\t\t\t<div class=\"elementor-element elementor-element-ad6bc61 elementor-widget elementor-widget-text-editor\" data-id=\"ad6bc61\" data-element_type=\"widget\" data-e-type=\"widget\" data-settings=\"{&quot;ekit_we_effect_on&quot;:&quot;none&quot;}\" data-widget_type=\"text-editor.default\">\n\t\t\t\t<div class=\"elementor-widget-container\">\n\t\t\t\t\t\t\t\t\t<p><strong>Bleiben Sie cool \u2013 mit dem Klimaservice von A&amp;G Car-Partner<\/strong><\/p>\t\t\t\t\t\t\t\t<\/div>\n\t\t\t\t<\/div>\n\t\t\t\t\t<\/div>\n\t\t\t\t<\/div>\n\t\t<div class=\"elementor-element elementor-element-5ffc4a4 e-flex e-con-boxed e-con e-parent\" data-id=\"5ffc4a4\" data-element_type=\"container\" data-e-type=\"container\">\n\t\t\t\t\t<div class=\"e-con-inner\">\n\t\t\t\t<div class=\"elementor-element elementor-element-ede1197 elementor-widget elementor-widget-text-editor\" data-id=\"ede1197\" data-element_type=\"widget\" data-e-type=\"widget\" data-settings=\"{&quot;ekit_we_effect_on&quot;:&quot;none&quot;}\" data-widget_type=\"text-editor.default\">\n\t\t\t\t<div class=\"elementor-widget-container\">\n\t\t\t\t\t\t\t\t\t<p>Kontaktieren Sie uns noch heute und profitieren Sie von unserem professionellen Service f\u00fcr frische Luft und optimale K\u00fchlung.<\/p>\t\t\t\t\t\t\t\t<\/div>\n\t\t\t\t<\/div>\n\t\t\t\t\t<\/div>\n\t\t\t\t<\/div>\n\t\t<div class=\"elementor-element elementor-element-17584c8 e-flex e-con-boxed e-con e-parent\" data-id=\"17584c8\" data-element_type=\"container\" data-e-type=\"container\">\n\t\t\t\t\t<div class=\"e-con-inner\">\n\t\t\t\t<div class=\"elementor-element elementor-element-94b5988 elementor-widget elementor-widget-button\" data-id=\"94b5988\" data-element_type=\"widget\" data-e-type=\"widget\" data-settings=\"{&quot;ekit_we_effect_on&quot;:&quot;none&quot;}\" data-widget_type=\"button.default\">\n\t\t\t\t<div class=\"elementor-widget-container\">\n\t\t\t\t\t\t\t\t\t<div class=\"elementor-button-wrapper\">\n\t\t\t\t\t<a class=\"elementor-button elementor-button-link elementor-size-sm\" href=\"tel:+49%20201%2028991850\">\n\t\t\t\t\t\t<span class=\"elementor-button-content-wrapper\">\n\t\t\t\t\t\t\t\t\t<span class=\"elementor-button-text\">Jetzt Termin vereinbaren<\/span>\n\t\t\t\t\t<\/span>\n\t\t\t\t\t<\/a>\n\t\t\t\t<\/div>\n\t\t\t\t\t\t\t\t<\/div>\n\t\t\t\t<\/div>\n\t\t\t\t\t<\/div>\n\t\t\t\t<\/div>\n\t\t<div class=\"elementor-element elementor-element-f2a42bb e-flex e-con-boxed e-con e-parent\" data-id=\"f2a42bb\" data-element_type=\"container\" data-e-type=\"container\">\n\t\t\t\t\t<div class=\"e-con-inner\">\n\t\t\t\t<div class=\"elementor-element elementor-element-73561ea elementor-widget elementor-widget-spacer\" data-id=\"73561ea\" data-element_type=\"widget\" data-e-type=\"widget\" data-settings=\"{&quot;ekit_we_effect_on&quot;:&quot;none&quot;}\" data-widget_type=\"spacer.default\">\n\t\t\t\t<div class=\"elementor-widget-container\">\n\t\t\t\t\t\t\t<div class=\"elementor-spacer\">\n\t\t\t<div class=\"elementor-spacer-inner\"><\/div>\n\t\t<\/div>\n\t\t\t\t\t\t<\/div>\n\t\t\t\t<\/div>\n\t\t\t\t\t<\/div>\n\t\t\t\t<\/div>\n\t\t<div class=\"elementor-element elementor-element-797c350 e-flex e-con-boxed e-con e-parent\" data-id=\"797c350\" data-element_type=\"container\" data-e-type=\"container\">\n\t\t\t\t\t<div class=\"e-con-inner\">\n\t\t\t\t<div class=\"elementor-element elementor-element-6d6341f elementor-widget elementor-widget-text-editor\" data-id=\"6d6341f\" data-element_type=\"widget\" data-e-type=\"widget\" data-settings=\"{&quot;ekit_we_effect_on&quot;:&quot;none&quot;}\" data-widget_type=\"text-editor.default\">\n\t\t\t\t<div class=\"elementor-widget-container\">\n\t\t\t\t\t\t\t\t\t<p><strong>Weitere Leistungen f\u00fcr Ihr Fahrzeug<\/strong><\/p>\t\t\t\t\t\t\t\t<\/div>\n\t\t\t\t<\/div>\n\t\t\t\t\t<\/div>\n\t\t\t\t<\/div>\n\t\t<div class=\"elementor-element elementor-element-0ec4051 e-flex e-con-boxed e-con e-parent\" data-id=\"0ec4051\" data-element_type=\"container\" data-e-type=\"container\">\n\t\t\t\t\t<div class=\"e-con-inner\">\n\t\t\t\t<div class=\"elementor-element elementor-element-f7b225c elementor-widget elementor-widget-text-editor\" data-id=\"f7b225c\" data-element_type=\"widget\" data-e-type=\"widget\" data-settings=\"{&quot;ekit_we_effect_on&quot;:&quot;none&quot;}\" data-widget_type=\"text-editor.default\">\n\t\t\t\t<div class=\"elementor-widget-container\">\n\t\t\t\t\t\t\t\t\t<p>Neben unserem spezialisierten Service bieten wir Ihnen eine Vielzahl weiterer Leistungen rund um Ihr Fahrzeug. Von Inspektionen \u00fcber Reparaturen bis hin zu individuellen L\u00f6sungen \u2013 bei <b>uns&nbsp;<\/b>&nbsp;k\u00fcmmern wir uns zuverl\u00e4ssig um Ihre Mobilit\u00e4t.<\/p>\t\t\t\t\t\t\t\t<\/div>\n\t\t\t\t<\/div>\n\t\t\t\t\t<\/div>\n\t\t\t\t<\/div>\n\t\t<div class=\"elementor-element elementor-element-e1dfa2b e-flex e-con-boxed e-con e-parent\" data-id=\"e1dfa2b\" data-element_type=\"container\" data-e-type=\"container\">\n\t\t\t\t\t<div class=\"e-con-inner\">\n\t\t\t\t<div class=\"elementor-element elementor-element-a277f38 elementor-widget-divider--view-line elementor-widget elementor-widget-divider\" data-id=\"a277f38\" data-element_type=\"widget\" data-e-type=\"widget\" data-settings=\"{&quot;ekit_we_effect_on&quot;:&quot;none&quot;}\" data-widget_type=\"divider.default\">\n\t\t\t\t<div class=\"elementor-widget-container\">\n\t\t\t\t\t\t\t<div class=\"elementor-divider\">\n\t\t\t<span class=\"elementor-divider-separator\">\n\t\t\t\t\t\t<\/span>\n\t\t<\/div>\n\t\t\t\t\t\t<\/div>\n\t\t\t\t<\/div>\n\t\t\t\t\t<\/div>\n\t\t\t\t<\/div>\n\t\t<div class=\"elementor-element elementor-element-c78c9d8 e-flex e-con-boxed e-con e-parent\" data-id=\"c78c9d8\" data-element_type=\"container\" data-e-type=\"container\">\n\t\t\t\t\t<div class=\"e-con-inner\">\n\t\t<div class=\"elementor-element elementor-element-d9dd868 e-con-full e-flex e-con e-child\" data-id=\"d9dd868\" data-element_type=\"container\" data-e-type=\"container\">\n\t\t\t\t<div class=\"elementor-element elementor-element-e2710d5 at-image-animation at-animation-image-none elementor-widget elementor-widget-image\" data-id=\"e2710d5\" data-element_type=\"widget\" data-e-type=\"widget\" data-settings=\"{&quot;ekit_we_effect_on&quot;:&quot;none&quot;}\" data-widget_type=\"image.default\">\n\t\t\t\t<div class=\"elementor-widget-container\">\n\t\t\t\t\t\t\t\t\t\t\t\t<figure class=\"wp-caption\">\n\t\t\t\t\t\t\t\t\t\t\t<a href=\"https:\/\/car-partner.de\/index.php\/oelwechsel\/\">\n\t\t\t\t\t\t\t<img fetchpriority=\"high\" decoding=\"async\" width=\"480\" height=\"270\" src=\"https:\/\/car-partner.de\/wp-content\/uploads\/2026\/03\/pouring-fresh-new-clean-synthetic-footage-074612091_iconl.webp\" class=\"attachment-large size-large wp-image-7341\" alt=\"\" srcset=\"https:\/\/car-partner.de\/wp-content\/uploads\/2026\/03\/pouring-fresh-new-clean-synthetic-footage-074612091_iconl.webp 480w, https:\/\/car-partner.de\/wp-content\/uploads\/2026\/03\/pouring-fresh-new-clean-synthetic-footage-074612091_iconl-300x169.webp 300w\" sizes=\"(max-width: 480px) 100vw, 480px\" \/>\t\t\t\t\t\t\t\t<\/a>\n\t\t\t\t\t\t\t\t\t\t\t<figcaption class=\"widget-image-caption wp-caption-text\">\u00d6lwechsel<\/figcaption>\n\t\t\t\t\t\t\t\t\t\t<\/figure>\n\t\t\t\t\t\t\t\t\t<\/div>\n\t\t\t\t<\/div>\n\t\t\t\t<\/div>\n\t\t<div class=\"elementor-element elementor-element-9a887b1 e-con-full e-flex e-con e-child\" data-id=\"9a887b1\" data-element_type=\"container\" data-e-type=\"container\">\n\t\t\t\t<div class=\"elementor-element elementor-element-fae501c at-image-animation at-animation-image-none elementor-widget elementor-widget-image\" data-id=\"fae501c\" data-element_type=\"widget\" data-e-type=\"widget\" data-settings=\"{&quot;ekit_we_effect_on&quot;:&quot;none&quot;}\" data-widget_type=\"image.default\">\n\t\t\t\t<div class=\"elementor-widget-container\">\n\t\t\t\t\t\t\t\t\t\t\t\t<figure class=\"wp-caption\">\n\t\t\t\t\t\t\t\t\t\t\t<a href=\"https:\/\/car-partner.de\/index.php\/autoglas\/\">\n\t\t\t\t\t\t\t<img decoding=\"async\" width=\"683\" height=\"1024\" src=\"https:\/\/car-partner.de\/wp-content\/uploads\/2026\/04\/ChatGPT-Image-8.-Apr.-2026-22_44_57-683x1024.png\" class=\"attachment-large size-large wp-image-8326\" alt=\"\" srcset=\"https:\/\/car-partner.de\/wp-content\/uploads\/2026\/04\/ChatGPT-Image-8.-Apr.-2026-22_44_57-683x1024.png 683w, https:\/\/car-partner.de\/wp-content\/uploads\/2026\/04\/ChatGPT-Image-8.-Apr.-2026-22_44_57-200x300.png 200w, https:\/\/car-partner.de\/wp-content\/uploads\/2026\/04\/ChatGPT-Image-8.-Apr.-2026-22_44_57-768x1152.png 768w, https:\/\/car-partner.de\/wp-content\/uploads\/2026\/04\/ChatGPT-Image-8.-Apr.-2026-22_44_57.png 1024w\" sizes=\"(max-width: 683px) 100vw, 683px\" \/>\t\t\t\t\t\t\t\t<\/a>\n\t\t\t\t\t\t\t\t\t\t\t<figcaption class=\"widget-image-caption wp-caption-text\">Autoglas<\/figcaption>\n\t\t\t\t\t\t\t\t\t\t<\/figure>\n\t\t\t\t\t\t\t\t\t<\/div>\n\t\t\t\t<\/div>\n\t\t\t\t<\/div>\n\t\t\t\t\t<\/div>\n\t\t\t\t<\/div>\n\t\t\t\t<\/div>\n\t\t","protected":false},"excerpt":{"rendered":"<p>Ein optimal funktionierendes Klimasystem ist essenziell f\u00fcr Komfort und Sicherheit \u2013 besonders [&hellip;]<\/p>\n","protected":false},"author":2,"featured_media":0,"parent":0,"menu_order":0,"comment_status":"closed","ping_status":"closed","template":"","meta":{"footnotes":""},"class_list":["post-7307","page","type-page","status-publish","hentry"],"_links":{"self":[{"href":"https:\/\/car-partner.de\/index.php\/wp-json\/wp\/v2\/pages\/7307","targetHints":{"allow":["GET"]}}],"collection":[{"href":"https:\/\/car-partner.de\/index.php\/wp-json\/wp\/v2\/pages"}],"about":[{"href":"https:\/\/car-partner.de\/index.php\/wp-json\/wp\/v2\/types\/page"}],"author":[{"embeddable":true,"href":"https:\/\/car-partner.de\/index.php\/wp-json\/wp\/v2\/users\/2"}],"replies":[{"embeddable":true,"href":"https:\/\/car-partner.de\/index.php\/wp-json\/wp\/v2\/comments?post=7307"}],"version-history":[{"count":97,"href":"https:\/\/car-partner.de\/index.php\/wp-json\/wp\/v2\/pages\/7307\/revisions"}],"predecessor-version":[{"id":8431,"href":"https:\/\/car-partner.de\/index.php\/wp-json\/wp\/v2\/pages\/7307\/revisions\/8431"}],"wp:attachment":[{"href":"https:\/\/car-partner.de\/index.php\/wp-json\/wp\/v2\/media?parent=7307"}],"curies":[{"name":"wp","href":"https:\/\/api.w.org\/{rel}","templated":true}]}}