{"id":7309,"date":"2026-03-28T09:47:48","date_gmt":"2026-03-28T09:47:48","guid":{"rendered":"https:\/\/car-partner.de\/?page_id=7309"},"modified":"2026-04-08T22:40:53","modified_gmt":"2026-04-08T22:40:53","slug":"oelwechsel","status":"publish","type":"page","link":"https:\/\/car-partner.de\/index.php\/oelwechsel\/","title":{"rendered":"\u00d6lwechsel"},"content":{"rendered":"\t\t<div data-elementor-type=\"wp-page\" data-elementor-id=\"7309\" class=\"elementor elementor-7309\">\n\t\t\t\t<div class=\"elementor-element elementor-element-6b8eb81 e-flex e-con-boxed e-con e-parent\" data-id=\"6b8eb81\" data-element_type=\"container\" data-e-type=\"container\">\n\t\t\t\t\t<div class=\"e-con-inner\">\n\t\t\t\t\t<\/div>\n\t\t\t\t<\/div>\n\t\t<div class=\"elementor-element elementor-element-a722e48 e-flex e-con-boxed e-con e-parent\" data-id=\"a722e48\" data-element_type=\"container\" data-e-type=\"container\">\n\t\t\t\t\t<div class=\"e-con-inner\">\n\t\t\t\t<div class=\"elementor-element elementor-element-c5f80cd elementor-widget elementor-widget-text-editor\" data-id=\"c5f80cd\" data-element_type=\"widget\" data-e-type=\"widget\" data-settings=\"{&quot;ekit_we_effect_on&quot;:&quot;none&quot;}\" data-widget_type=\"text-editor.default\">\n\t\t\t\t<div class=\"elementor-widget-container\">\n\t\t\t\t\t\t\t\t\t<p>Ein \u00d6lwechsel ist mehr als nur Routine \u2013 er ist entscheidend f\u00fcr die Leistungsf\u00e4higkeit und Langlebigkeit Ihres Motors. WIr bieten Ihnen einen schnellen und professionellen \u00d6lwechsel-Service mit hochwertigen Marken\u00f6len und Filtern, die optimal auf Ihr Fahrzeug abgestimmt sind.<\/p>\t\t\t\t\t\t\t\t<\/div>\n\t\t\t\t<\/div>\n\t\t\t\t\t<\/div>\n\t\t\t\t<\/div>\n\t\t<div class=\"elementor-element elementor-element-1759cba e-flex e-con-boxed e-con e-parent\" data-id=\"1759cba\" data-element_type=\"container\" data-e-type=\"container\">\n\t\t\t\t\t<div class=\"e-con-inner\">\n\t\t\t\t<div class=\"elementor-element elementor-element-91fe90e elementor-widget elementor-widget-spacer\" data-id=\"91fe90e\" data-element_type=\"widget\" data-e-type=\"widget\" data-settings=\"{&quot;ekit_we_effect_on&quot;:&quot;none&quot;}\" data-widget_type=\"spacer.default\">\n\t\t\t\t<div class=\"elementor-widget-container\">\n\t\t\t\t\t\t\t<div class=\"elementor-spacer\">\n\t\t\t<div class=\"elementor-spacer-inner\"><\/div>\n\t\t<\/div>\n\t\t\t\t\t\t<\/div>\n\t\t\t\t<\/div>\n\t\t\t\t\t<\/div>\n\t\t\t\t<\/div>\n\t\t<div class=\"elementor-element elementor-element-cc6831e e-flex e-con-boxed e-con e-parent\" data-id=\"cc6831e\" data-element_type=\"container\" data-e-type=\"container\">\n\t\t\t\t\t<div class=\"e-con-inner\">\n\t\t\t\t<div class=\"elementor-element elementor-element-dff0704 elementor-widget elementor-widget-text-editor\" data-id=\"dff0704\" data-element_type=\"widget\" data-e-type=\"widget\" data-settings=\"{&quot;ekit_we_effect_on&quot;:&quot;none&quot;}\" data-widget_type=\"text-editor.default\">\n\t\t\t\t<div class=\"elementor-widget-container\">\n\t\t\t\t\t\t\t\t\t<p><strong>Warum ist ein \u00d6lwechsel wichtig?<\/strong><\/p>\t\t\t\t\t\t\t\t<\/div>\n\t\t\t\t<\/div>\n\t\t\t\t\t<\/div>\n\t\t\t\t<\/div>\n\t\t<div class=\"elementor-element elementor-element-a825ed6 e-flex e-con-boxed e-con e-parent\" data-id=\"a825ed6\" data-element_type=\"container\" data-e-type=\"container\">\n\t\t\t\t\t<div class=\"e-con-inner\">\n\t\t\t\t<div class=\"elementor-element elementor-element-c8fc3c9 elementor-widget elementor-widget-text-editor\" data-id=\"c8fc3c9\" data-element_type=\"widget\" data-e-type=\"widget\" data-settings=\"{&quot;ekit_we_effect_on&quot;:&quot;none&quot;}\" data-widget_type=\"text-editor.default\">\n\t\t\t\t<div class=\"elementor-widget-container\">\n\t\t\t\t\t\t\t\t\t<p>Motor\u00f6l \u00fcbernimmt mehrere wichtige Funktionen: Es schmiert, k\u00fchlt und sch\u00fctzt den Motor vor Verschlei\u00df und Ablagerungen. Mit der Zeit verliert selbst hochwertiges \u00d6l jedoch an Wirkung. Ein rechtzeitiger \u00d6lwechsel hilft, teure Sch\u00e4den zu vermeiden und sorgt daf\u00fcr, dass Ihr Motor zuverl\u00e4ssig und effizient l\u00e4uft.<\/p>\t\t\t\t\t\t\t\t<\/div>\n\t\t\t\t<\/div>\n\t\t\t\t\t<\/div>\n\t\t\t\t<\/div>\n\t\t<div class=\"elementor-element elementor-element-6259e85 e-flex e-con-boxed e-con e-parent\" data-id=\"6259e85\" data-element_type=\"container\" data-e-type=\"container\">\n\t\t\t\t\t<div class=\"e-con-inner\">\n\t\t\t\t<div class=\"elementor-element elementor-element-2cefba6 elementor-widget elementor-widget-spacer\" data-id=\"2cefba6\" data-element_type=\"widget\" data-e-type=\"widget\" data-settings=\"{&quot;ekit_we_effect_on&quot;:&quot;none&quot;}\" data-widget_type=\"spacer.default\">\n\t\t\t\t<div class=\"elementor-widget-container\">\n\t\t\t\t\t\t\t<div class=\"elementor-spacer\">\n\t\t\t<div class=\"elementor-spacer-inner\"><\/div>\n\t\t<\/div>\n\t\t\t\t\t\t<\/div>\n\t\t\t\t<\/div>\n\t\t\t\t\t<\/div>\n\t\t\t\t<\/div>\n\t\t<div class=\"elementor-element elementor-element-97a6436 e-flex e-con-boxed e-con e-parent\" data-id=\"97a6436\" data-element_type=\"container\" data-e-type=\"container\">\n\t\t\t\t\t<div class=\"e-con-inner\">\n\t\t\t\t<div class=\"elementor-element elementor-element-0d7139b elementor-widget elementor-widget-text-editor\" data-id=\"0d7139b\" data-element_type=\"widget\" data-e-type=\"widget\" data-settings=\"{&quot;ekit_we_effect_on&quot;:&quot;none&quot;}\" data-widget_type=\"text-editor.default\">\n\t\t\t\t<div class=\"elementor-widget-container\">\n\t\t\t\t\t\t\t\t\t<p><strong>Unser Service f\u00fcr Sie<\/strong><\/p>\t\t\t\t\t\t\t\t<\/div>\n\t\t\t\t<\/div>\n\t\t\t\t\t<\/div>\n\t\t\t\t<\/div>\n\t\t<div class=\"elementor-element elementor-element-871b30c e-flex e-con-boxed e-con e-parent\" data-id=\"871b30c\" data-element_type=\"container\" data-e-type=\"container\">\n\t\t\t\t\t<div class=\"e-con-inner\">\n\t\t\t\t<div class=\"elementor-element elementor-element-e5152a9 elementor-widget elementor-widget-text-editor\" data-id=\"e5152a9\" data-element_type=\"widget\" data-e-type=\"widget\" data-settings=\"{&quot;ekit_we_effect_on&quot;:&quot;none&quot;}\" data-widget_type=\"text-editor.default\">\n\t\t\t\t<div class=\"elementor-widget-container\">\n\t\t\t\t\t\t\t\t\t<ul><li data-section-id=\"h45ypq\" data-start=\"843\" data-end=\"936\"><strong data-start=\"845\" data-end=\"873\">Hochwertige Materialien:<\/strong> Wir verwenden ausschlie\u00dflich \u00d6le und Filter f\u00fchrender Marken<\/li><li data-section-id=\"3mlbza\" data-start=\"937\" data-end=\"1011\"><strong data-start=\"939\" data-end=\"965\">Individuelle Beratung:<\/strong> Wir w\u00e4hlen das passende \u00d6l f\u00fcr Ihr Fahrzeug laut Herstellervorgaben\u00a0<\/li><li data-section-id=\"4ips8i\" data-start=\"1012\" data-end=\"1099\"><strong data-start=\"1014\" data-end=\"1040\">Schnelle Durchf\u00fchrung:<\/strong> Effizienter Service, damit Sie schnell wieder mobil sind<\/li><\/ul>\t\t\t\t\t\t\t\t<\/div>\n\t\t\t\t<\/div>\n\t\t\t\t\t<\/div>\n\t\t\t\t<\/div>\n\t\t<div class=\"elementor-element elementor-element-9403cc4 e-flex e-con-boxed e-con e-parent\" data-id=\"9403cc4\" data-element_type=\"container\" data-e-type=\"container\">\n\t\t\t\t\t<div class=\"e-con-inner\">\n\t\t\t\t<div class=\"elementor-element elementor-element-cb7dfb8 elementor-widget elementor-widget-spacer\" data-id=\"cb7dfb8\" data-element_type=\"widget\" data-e-type=\"widget\" data-settings=\"{&quot;ekit_we_effect_on&quot;:&quot;none&quot;}\" data-widget_type=\"spacer.default\">\n\t\t\t\t<div class=\"elementor-widget-container\">\n\t\t\t\t\t\t\t<div class=\"elementor-spacer\">\n\t\t\t<div class=\"elementor-spacer-inner\"><\/div>\n\t\t<\/div>\n\t\t\t\t\t\t<\/div>\n\t\t\t\t<\/div>\n\t\t\t\t\t<\/div>\n\t\t\t\t<\/div>\n\t\t<div class=\"elementor-element elementor-element-7b646f4 e-flex e-con-boxed e-con e-parent\" data-id=\"7b646f4\" data-element_type=\"container\" data-e-type=\"container\">\n\t\t\t\t\t<div class=\"e-con-inner\">\n\t\t\t\t<div class=\"elementor-element elementor-element-aa83997 elementor-widget elementor-widget-text-editor\" data-id=\"aa83997\" data-element_type=\"widget\" data-e-type=\"widget\" data-settings=\"{&quot;ekit_we_effect_on&quot;:&quot;none&quot;}\" data-widget_type=\"text-editor.default\">\n\t\t\t\t<div class=\"elementor-widget-container\">\n\t\t\t\t\t\t\t\t\t<p><strong>F\u00fcr eine lange Lebensdauer Ihres Motors<\/strong><\/p>\t\t\t\t\t\t\t\t<\/div>\n\t\t\t\t<\/div>\n\t\t\t\t\t<\/div>\n\t\t\t\t<\/div>\n\t\t<div class=\"elementor-element elementor-element-d6b5256 e-flex e-con-boxed e-con e-parent\" data-id=\"d6b5256\" data-element_type=\"container\" data-e-type=\"container\">\n\t\t\t\t\t<div class=\"e-con-inner\">\n\t\t\t\t<div class=\"elementor-element elementor-element-9899502 elementor-widget elementor-widget-text-editor\" data-id=\"9899502\" data-element_type=\"widget\" data-e-type=\"widget\" data-settings=\"{&quot;ekit_we_effect_on&quot;:&quot;none&quot;}\" data-widget_type=\"text-editor.default\">\n\t\t\t\t<div class=\"elementor-widget-container\">\n\t\t\t\t\t\t\t\t\t<p>Verl\u00e4ngern Sie die Lebensdauer Ihres Motors und profitieren Sie von einem zuverl\u00e4ssigen Fahrgef\u00fchl.\u00a0<\/p>\t\t\t\t\t\t\t\t<\/div>\n\t\t\t\t<\/div>\n\t\t\t\t\t<\/div>\n\t\t\t\t<\/div>\n\t\t<div class=\"elementor-element elementor-element-f2a8229 e-flex e-con-boxed e-con e-parent\" data-id=\"f2a8229\" data-element_type=\"container\" data-e-type=\"container\">\n\t\t\t\t\t<div class=\"e-con-inner\">\n\t\t\t\t<div class=\"elementor-element elementor-element-0833266 elementor-widget elementor-widget-button\" data-id=\"0833266\" data-element_type=\"widget\" data-e-type=\"widget\" data-settings=\"{&quot;ekit_we_effect_on&quot;:&quot;none&quot;}\" data-widget_type=\"button.default\">\n\t\t\t\t<div class=\"elementor-widget-container\">\n\t\t\t\t\t\t\t\t\t<div class=\"elementor-button-wrapper\">\n\t\t\t\t\t<a class=\"elementor-button elementor-button-link elementor-size-sm\" href=\"tel:+49%20201%2028991850\">\n\t\t\t\t\t\t<span class=\"elementor-button-content-wrapper\">\n\t\t\t\t\t\t\t\t\t<span class=\"elementor-button-text\">Termin Vereinbaren<\/span>\n\t\t\t\t\t<\/span>\n\t\t\t\t\t<\/a>\n\t\t\t\t<\/div>\n\t\t\t\t\t\t\t\t<\/div>\n\t\t\t\t<\/div>\n\t\t\t\t\t<\/div>\n\t\t\t\t<\/div>\n\t\t<div class=\"elementor-element elementor-element-ea59f0d e-flex e-con-boxed e-con e-parent\" data-id=\"ea59f0d\" data-element_type=\"container\" data-e-type=\"container\">\n\t\t\t\t\t<div class=\"e-con-inner\">\n\t\t\t\t<div class=\"elementor-element elementor-element-b1a3bbe elementor-widget elementor-widget-spacer\" data-id=\"b1a3bbe\" data-element_type=\"widget\" data-e-type=\"widget\" data-settings=\"{&quot;ekit_we_effect_on&quot;:&quot;none&quot;}\" data-widget_type=\"spacer.default\">\n\t\t\t\t<div class=\"elementor-widget-container\">\n\t\t\t\t\t\t\t<div class=\"elementor-spacer\">\n\t\t\t<div class=\"elementor-spacer-inner\"><\/div>\n\t\t<\/div>\n\t\t\t\t\t\t<\/div>\n\t\t\t\t<\/div>\n\t\t\t\t\t<\/div>\n\t\t\t\t<\/div>\n\t\t<div class=\"elementor-element elementor-element-b086ea6 e-flex e-con-boxed e-con e-parent\" data-id=\"b086ea6\" data-element_type=\"container\" data-e-type=\"container\">\n\t\t\t\t\t<div class=\"e-con-inner\">\n\t\t\t\t<div class=\"elementor-element elementor-element-239c1c9 elementor-widget elementor-widget-text-editor\" data-id=\"239c1c9\" data-element_type=\"widget\" data-e-type=\"widget\" data-settings=\"{&quot;ekit_we_effect_on&quot;:&quot;none&quot;}\" data-widget_type=\"text-editor.default\">\n\t\t\t\t<div class=\"elementor-widget-container\">\n\t\t\t\t\t\t\t\t\t<p><strong>Weitere Leistungen f\u00fcr Ihr Fahrzeug<\/strong><\/p>\t\t\t\t\t\t\t\t<\/div>\n\t\t\t\t<\/div>\n\t\t\t\t\t<\/div>\n\t\t\t\t<\/div>\n\t\t<div class=\"elementor-element elementor-element-cdc14e1 e-flex e-con-boxed e-con e-parent\" data-id=\"cdc14e1\" data-element_type=\"container\" data-e-type=\"container\">\n\t\t\t\t\t<div class=\"e-con-inner\">\n\t\t\t\t<div class=\"elementor-element elementor-element-e6e4cc1 elementor-widget elementor-widget-text-editor\" data-id=\"e6e4cc1\" data-element_type=\"widget\" data-e-type=\"widget\" data-settings=\"{&quot;ekit_we_effect_on&quot;:&quot;none&quot;}\" data-widget_type=\"text-editor.default\">\n\t\t\t\t<div class=\"elementor-widget-container\">\n\t\t\t\t\t\t\t\t\t<p>Neben unserem spezialisierten Service bieten wir Ihnen eine Vielzahl weiterer Leistungen rund um Ihr Fahrzeug. Von Inspektionen \u00fcber Reparaturen bis hin zu individuellen L\u00f6sungen.\u00a0<\/p>\t\t\t\t\t\t\t\t<\/div>\n\t\t\t\t<\/div>\n\t\t\t\t\t<\/div>\n\t\t\t\t<\/div>\n\t\t<div class=\"elementor-element elementor-element-f341fa1 e-flex e-con-boxed e-con e-parent\" data-id=\"f341fa1\" data-element_type=\"container\" data-e-type=\"container\">\n\t\t\t\t\t<div class=\"e-con-inner\">\n\t\t\t\t<div class=\"elementor-element elementor-element-757e64e elementor-widget-divider--view-line elementor-widget elementor-widget-divider\" data-id=\"757e64e\" data-element_type=\"widget\" data-e-type=\"widget\" data-settings=\"{&quot;ekit_we_effect_on&quot;:&quot;none&quot;}\" data-widget_type=\"divider.default\">\n\t\t\t\t<div class=\"elementor-widget-container\">\n\t\t\t\t\t\t\t<div class=\"elementor-divider\">\n\t\t\t<span class=\"elementor-divider-separator\">\n\t\t\t\t\t\t<\/span>\n\t\t<\/div>\n\t\t\t\t\t\t<\/div>\n\t\t\t\t<\/div>\n\t\t\t\t\t<\/div>\n\t\t\t\t<\/div>\n\t\t<div class=\"elementor-element elementor-element-bf57bb0 e-flex e-con-boxed e-con e-parent\" data-id=\"bf57bb0\" data-element_type=\"container\" data-e-type=\"container\">\n\t\t\t\t\t<div class=\"e-con-inner\">\n\t\t<div class=\"elementor-element elementor-element-19bd4da e-con-full e-flex e-con e-child\" data-id=\"19bd4da\" data-element_type=\"container\" data-e-type=\"container\">\n\t\t\t\t<div class=\"elementor-element elementor-element-7cec368 at-image-animation at-animation-image-none elementor-widget elementor-widget-image\" data-id=\"7cec368\" data-element_type=\"widget\" data-e-type=\"widget\" data-settings=\"{&quot;ekit_we_effect_on&quot;:&quot;none&quot;}\" data-widget_type=\"image.default\">\n\t\t\t\t<div class=\"elementor-widget-container\">\n\t\t\t\t\t\t\t\t\t\t\t\t<figure class=\"wp-caption\">\n\t\t\t\t\t\t\t\t\t\t\t<a href=\"https:\/\/car-partner.de\/index.php\/inspektion-wartung\/\">\n\t\t\t\t\t\t\t<img fetchpriority=\"high\" decoding=\"async\" width=\"800\" height=\"530\" src=\"https:\/\/car-partner.de\/wp-content\/uploads\/2026\/03\/6706c5af820a7578a7d5ee3d_process-of-cleaning-the-engine-of-a-car-with-a-spr-2023-11-27-05-24-32-utc-1024x678.webp\" class=\"attachment-large size-large wp-image-7342\" alt=\"\" srcset=\"https:\/\/car-partner.de\/wp-content\/uploads\/2026\/03\/6706c5af820a7578a7d5ee3d_process-of-cleaning-the-engine-of-a-car-with-a-spr-2023-11-27-05-24-32-utc-1024x678.webp 1024w, https:\/\/car-partner.de\/wp-content\/uploads\/2026\/03\/6706c5af820a7578a7d5ee3d_process-of-cleaning-the-engine-of-a-car-with-a-spr-2023-11-27-05-24-32-utc-300x199.webp 300w, https:\/\/car-partner.de\/wp-content\/uploads\/2026\/03\/6706c5af820a7578a7d5ee3d_process-of-cleaning-the-engine-of-a-car-with-a-spr-2023-11-27-05-24-32-utc-768x509.webp 768w, https:\/\/car-partner.de\/wp-content\/uploads\/2026\/03\/6706c5af820a7578a7d5ee3d_process-of-cleaning-the-engine-of-a-car-with-a-spr-2023-11-27-05-24-32-utc-1536x1017.webp 1536w, https:\/\/car-partner.de\/wp-content\/uploads\/2026\/03\/6706c5af820a7578a7d5ee3d_process-of-cleaning-the-engine-of-a-car-with-a-spr-2023-11-27-05-24-32-utc-2048x1356.webp 2048w\" sizes=\"(max-width: 800px) 100vw, 800px\" \/>\t\t\t\t\t\t\t\t<\/a>\n\t\t\t\t\t\t\t\t\t\t\t<figcaption class=\"widget-image-caption wp-caption-text\">Inspektion &amp; Wartung<\/figcaption>\n\t\t\t\t\t\t\t\t\t\t<\/figure>\n\t\t\t\t\t\t\t\t\t<\/div>\n\t\t\t\t<\/div>\n\t\t\t\t<\/div>\n\t\t<div class=\"elementor-element elementor-element-04f9485 e-con-full e-flex e-con e-child\" data-id=\"04f9485\" data-element_type=\"container\" data-e-type=\"container\">\n\t\t\t\t<div class=\"elementor-element elementor-element-2260438 at-image-animation at-animation-image-none elementor-widget elementor-widget-image\" data-id=\"2260438\" data-element_type=\"widget\" data-e-type=\"widget\" data-settings=\"{&quot;ekit_we_effect_on&quot;:&quot;none&quot;}\" data-widget_type=\"image.default\">\n\t\t\t\t<div class=\"elementor-widget-container\">\n\t\t\t\t\t\t\t\t\t\t\t\t<figure class=\"wp-caption\">\n\t\t\t\t\t\t\t\t\t\t\t<a href=\"https:\/\/car-partner.de\/index.php\/hu-au\/\">\n\t\t\t\t\t\t\t<img decoding=\"async\" width=\"800\" height=\"534\" src=\"https:\/\/car-partner.de\/wp-content\/uploads\/2026\/04\/tuev_inspection_station-1024x683.jpeg\" class=\"attachment-large size-large wp-image-8180\" alt=\"\" srcset=\"https:\/\/car-partner.de\/wp-content\/uploads\/2026\/04\/tuev_inspection_station-1024x683.jpeg 1024w, https:\/\/car-partner.de\/wp-content\/uploads\/2026\/04\/tuev_inspection_station-300x200.jpeg 300w, https:\/\/car-partner.de\/wp-content\/uploads\/2026\/04\/tuev_inspection_station-768x512.jpeg 768w, https:\/\/car-partner.de\/wp-content\/uploads\/2026\/04\/tuev_inspection_station.jpeg 1536w\" sizes=\"(max-width: 800px) 100vw, 800px\" \/>\t\t\t\t\t\t\t\t<\/a>\n\t\t\t\t\t\t\t\t\t\t\t<figcaption class=\"widget-image-caption wp-caption-text\">HU\/AU Hauptuntersuchung<\/figcaption>\n\t\t\t\t\t\t\t\t\t\t<\/figure>\n\t\t\t\t\t\t\t\t\t<\/div>\n\t\t\t\t<\/div>\n\t\t\t\t<\/div>\n\t\t\t\t\t<\/div>\n\t\t\t\t<\/div>\n\t\t\t\t<\/div>\n\t\t","protected":false},"excerpt":{"rendered":"<p>Ein \u00d6lwechsel ist mehr als nur Routine \u2013 er ist entscheidend f\u00fcr [&hellip;]<\/p>\n","protected":false},"author":2,"featured_media":0,"parent":0,"menu_order":0,"comment_status":"closed","ping_status":"closed","template":"","meta":{"footnotes":""},"class_list":["post-7309","page","type-page","status-publish","hentry"],"_links":{"self":[{"href":"https:\/\/car-partner.de\/index.php\/wp-json\/wp\/v2\/pages\/7309","targetHints":{"allow":["GET"]}}],"collection":[{"href":"https:\/\/car-partner.de\/index.php\/wp-json\/wp\/v2\/pages"}],"about":[{"href":"https:\/\/car-partner.de\/index.php\/wp-json\/wp\/v2\/types\/page"}],"author":[{"embeddable":true,"href":"https:\/\/car-partner.de\/index.php\/wp-json\/wp\/v2\/users\/2"}],"replies":[{"embeddable":true,"href":"https:\/\/car-partner.de\/index.php\/wp-json\/wp\/v2\/comments?post=7309"}],"version-history":[{"count":37,"href":"https:\/\/car-partner.de\/index.php\/wp-json\/wp\/v2\/pages\/7309\/revisions"}],"predecessor-version":[{"id":8467,"href":"https:\/\/car-partner.de\/index.php\/wp-json\/wp\/v2\/pages\/7309\/revisions\/8467"}],"wp:attachment":[{"href":"https:\/\/car-partner.de\/index.php\/wp-json\/wp\/v2\/media?parent=7309"}],"curies":[{"name":"wp","href":"https:\/\/api.w.org\/{rel}","templated":true}]}}