{"id":7311,"date":"2026-03-28T09:48:46","date_gmt":"2026-03-28T09:48:46","guid":{"rendered":"https:\/\/car-partner.de\/?page_id=7311"},"modified":"2026-04-08T22:34:09","modified_gmt":"2026-04-08T22:34:09","slug":"reifenservice","status":"publish","type":"page","link":"https:\/\/car-partner.de\/index.php\/reifenservice\/","title":{"rendered":"Reifenservice"},"content":{"rendered":"\t\t<div data-elementor-type=\"wp-page\" data-elementor-id=\"7311\" class=\"elementor elementor-7311\">\n\t\t\t\t<div class=\"elementor-element elementor-element-b360da3 e-flex e-con-boxed e-con e-parent\" data-id=\"b360da3\" data-element_type=\"container\" data-e-type=\"container\">\n\t\t\t\t\t<div class=\"e-con-inner\">\n\t\t\t\t\t<\/div>\n\t\t\t\t<\/div>\n\t\t<div class=\"elementor-element elementor-element-489a2c4 e-flex e-con-boxed e-con e-parent\" data-id=\"489a2c4\" data-element_type=\"container\" data-e-type=\"container\">\n\t\t\t\t\t<div class=\"e-con-inner\">\n\t\t\t\t<div class=\"elementor-element elementor-element-4b67e74 elementor-widget elementor-widget-text-editor\" data-id=\"4b67e74\" data-element_type=\"widget\" data-e-type=\"widget\" data-settings=\"{&quot;ekit_we_effect_on&quot;:&quot;none&quot;}\" data-widget_type=\"text-editor.default\">\n\t\t\t\t<div class=\"elementor-widget-container\">\n\t\t\t\t\t\t\t\t\t<p><strong>Unser Rundum-Service f\u00fcr Ihre Reifen<\/strong><\/p>\t\t\t\t\t\t\t\t<\/div>\n\t\t\t\t<\/div>\n\t\t\t\t\t<\/div>\n\t\t\t\t<\/div>\n\t\t<div class=\"elementor-element elementor-element-30e0f73 e-flex e-con-boxed e-con e-parent\" data-id=\"30e0f73\" data-element_type=\"container\" data-e-type=\"container\">\n\t\t\t\t\t<div class=\"e-con-inner\">\n\t\t\t\t<div class=\"elementor-element elementor-element-76dd060 elementor-widget elementor-widget-text-editor\" data-id=\"76dd060\" data-element_type=\"widget\" data-e-type=\"widget\" data-settings=\"{&quot;ekit_we_effect_on&quot;:&quot;none&quot;}\" data-widget_type=\"text-editor.default\">\n\t\t\t\t<div class=\"elementor-widget-container\">\n\t\t\t\t\t\t\t\t\t<p data-start=\"442\" data-end=\"545\">Wir k\u00fcmmern uns zuverl\u00e4ssig um alles rund um Ihre Bereifung, damit Sie jederzeit sicher unterwegs sind:<\/p><ul data-start=\"547\" data-end=\"857\"><li data-section-id=\"vvcanf\" data-start=\"547\" data-end=\"638\"><strong data-start=\"549\" data-end=\"567\">Reifenwechsel:<\/strong> Schnell und professionell von Sommer- auf Winterreifen und umgekehrt<\/li><li data-section-id=\"ts23sb\" data-start=\"639\" data-end=\"710\"><strong data-start=\"641\" data-end=\"659\">Reifenmontage:<\/strong> Fachgerechter Einbau neuer Reifen und Auswuchten<\/li><li data-section-id=\"38ztip\" data-start=\"711\" data-end=\"782\"><strong data-start=\"713\" data-end=\"731\">Reifenpr\u00fcfung:<\/strong> Kontrolle von Profiltiefe, Luftdruck und Zustand<\/li><li data-section-id=\"x0ewu9\" data-start=\"783\" data-end=\"857\"><strong data-start=\"785\" data-end=\"807\">Reifeneinlagerung:<\/strong> Platzsparende und sichere Lagerung Ihrer Reifen<\/li><\/ul>\t\t\t\t\t\t\t\t<\/div>\n\t\t\t\t<\/div>\n\t\t\t\t\t<\/div>\n\t\t\t\t<\/div>\n\t\t<div class=\"elementor-element elementor-element-9819c6e e-flex e-con-boxed e-con e-parent\" data-id=\"9819c6e\" data-element_type=\"container\" data-e-type=\"container\">\n\t\t\t\t\t<div class=\"e-con-inner\">\n\t\t\t\t<div class=\"elementor-element elementor-element-150e53a elementor-widget elementor-widget-spacer\" data-id=\"150e53a\" data-element_type=\"widget\" data-e-type=\"widget\" data-settings=\"{&quot;ekit_we_effect_on&quot;:&quot;none&quot;}\" data-widget_type=\"spacer.default\">\n\t\t\t\t<div class=\"elementor-widget-container\">\n\t\t\t\t\t\t\t<div class=\"elementor-spacer\">\n\t\t\t<div class=\"elementor-spacer-inner\"><\/div>\n\t\t<\/div>\n\t\t\t\t\t\t<\/div>\n\t\t\t\t<\/div>\n\t\t\t\t\t<\/div>\n\t\t\t\t<\/div>\n\t\t<div class=\"elementor-element elementor-element-a988fc8 e-flex e-con-boxed e-con e-parent\" data-id=\"a988fc8\" data-element_type=\"container\" data-e-type=\"container\">\n\t\t\t\t\t<div class=\"e-con-inner\">\n\t\t\t\t<div class=\"elementor-element elementor-element-2ea642f elementor-widget elementor-widget-text-editor\" data-id=\"2ea642f\" data-element_type=\"widget\" data-e-type=\"widget\" data-settings=\"{&quot;ekit_we_effect_on&quot;:&quot;none&quot;}\" data-widget_type=\"text-editor.default\">\n\t\t\t\t<div class=\"elementor-widget-container\">\n\t\t\t\t\t\t\t\t\t<p><strong>Sicher unterwegs zu jeder Jahreszeit<\/strong><\/p>\t\t\t\t\t\t\t\t<\/div>\n\t\t\t\t<\/div>\n\t\t\t\t\t<\/div>\n\t\t\t\t<\/div>\n\t\t<div class=\"elementor-element elementor-element-9b993b7 e-flex e-con-boxed e-con e-parent\" data-id=\"9b993b7\" data-element_type=\"container\" data-e-type=\"container\">\n\t\t\t\t\t<div class=\"e-con-inner\">\n\t\t\t\t<div class=\"elementor-element elementor-element-746d2ae elementor-widget elementor-widget-text-editor\" data-id=\"746d2ae\" data-element_type=\"widget\" data-e-type=\"widget\" data-settings=\"{&quot;ekit_we_effect_on&quot;:&quot;none&quot;}\" data-widget_type=\"text-editor.default\">\n\t\t\t\t<div class=\"elementor-widget-container\">\n\t\t\t\t\t\t\t\t\t<p data-start=\"1172\" data-end=\"1332\">Verlassen Sie sich auf unseren zuverl\u00e4ssigen Service und starten Sie sicher in jede Saison.\u00a0<\/p>\t\t\t\t\t\t\t\t<\/div>\n\t\t\t\t<\/div>\n\t\t\t\t\t<\/div>\n\t\t\t\t<\/div>\n\t\t<div class=\"elementor-element elementor-element-ae67675 e-flex e-con-boxed e-con e-parent\" data-id=\"ae67675\" data-element_type=\"container\" data-e-type=\"container\">\n\t\t\t\t\t<div class=\"e-con-inner\">\n\t\t\t\t<div class=\"elementor-element elementor-element-df79186 elementor-widget elementor-widget-button\" data-id=\"df79186\" data-element_type=\"widget\" data-e-type=\"widget\" data-settings=\"{&quot;ekit_we_effect_on&quot;:&quot;none&quot;}\" data-widget_type=\"button.default\">\n\t\t\t\t<div class=\"elementor-widget-container\">\n\t\t\t\t\t\t\t\t\t<div class=\"elementor-button-wrapper\">\n\t\t\t\t\t<a class=\"elementor-button elementor-button-link elementor-size-sm\" href=\"tel:+49%20201%2028991850\">\n\t\t\t\t\t\t<span class=\"elementor-button-content-wrapper\">\n\t\t\t\t\t\t\t\t\t<span class=\"elementor-button-text\">Termin Vereinbaren <\/span>\n\t\t\t\t\t<\/span>\n\t\t\t\t\t<\/a>\n\t\t\t\t<\/div>\n\t\t\t\t\t\t\t\t<\/div>\n\t\t\t\t<\/div>\n\t\t\t\t\t<\/div>\n\t\t\t\t<\/div>\n\t\t<div class=\"elementor-element elementor-element-b1f970c e-flex e-con-boxed e-con e-parent\" data-id=\"b1f970c\" data-element_type=\"container\" data-e-type=\"container\">\n\t\t\t\t\t<div class=\"e-con-inner\">\n\t\t\t\t<div class=\"elementor-element elementor-element-9684b80 elementor-widget elementor-widget-spacer\" data-id=\"9684b80\" data-element_type=\"widget\" data-e-type=\"widget\" data-settings=\"{&quot;ekit_we_effect_on&quot;:&quot;none&quot;}\" data-widget_type=\"spacer.default\">\n\t\t\t\t<div class=\"elementor-widget-container\">\n\t\t\t\t\t\t\t<div class=\"elementor-spacer\">\n\t\t\t<div class=\"elementor-spacer-inner\"><\/div>\n\t\t<\/div>\n\t\t\t\t\t\t<\/div>\n\t\t\t\t<\/div>\n\t\t\t\t\t<\/div>\n\t\t\t\t<\/div>\n\t\t<div class=\"elementor-element elementor-element-8417429 e-flex e-con-boxed e-con e-parent\" data-id=\"8417429\" data-element_type=\"container\" data-e-type=\"container\">\n\t\t\t\t\t<div class=\"e-con-inner\">\n\t\t\t\t<div class=\"elementor-element elementor-element-5e2ed37 elementor-widget elementor-widget-text-editor\" data-id=\"5e2ed37\" data-element_type=\"widget\" data-e-type=\"widget\" data-settings=\"{&quot;ekit_we_effect_on&quot;:&quot;none&quot;}\" data-widget_type=\"text-editor.default\">\n\t\t\t\t<div class=\"elementor-widget-container\">\n\t\t\t\t\t\t\t\t\t<p><strong>Weitere Leistungen f\u00fcr Ihr Fahrzeug<\/strong><\/p>\t\t\t\t\t\t\t\t<\/div>\n\t\t\t\t<\/div>\n\t\t\t\t\t<\/div>\n\t\t\t\t<\/div>\n\t\t<div class=\"elementor-element elementor-element-98bda7a e-flex e-con-boxed e-con e-parent\" data-id=\"98bda7a\" data-element_type=\"container\" data-e-type=\"container\">\n\t\t\t\t\t<div class=\"e-con-inner\">\n\t\t\t\t<div class=\"elementor-element elementor-element-f209da6 elementor-widget elementor-widget-text-editor\" data-id=\"f209da6\" data-element_type=\"widget\" data-e-type=\"widget\" data-settings=\"{&quot;ekit_we_effect_on&quot;:&quot;none&quot;}\" data-widget_type=\"text-editor.default\">\n\t\t\t\t<div class=\"elementor-widget-container\">\n\t\t\t\t\t\t\t\t\t<p>Neben unserem spezialisierten Service bieten wir Ihnen eine Vielzahl weiterer Leistungen rund um Ihr Fahrzeug. Von Inspektionen \u00fcber Reparaturen bis hin zu individuellen L\u00f6sungen.\u00a0<\/p>\t\t\t\t\t\t\t\t<\/div>\n\t\t\t\t<\/div>\n\t\t\t\t\t<\/div>\n\t\t\t\t<\/div>\n\t\t<div class=\"elementor-element elementor-element-00664bb e-flex e-con-boxed e-con e-parent\" data-id=\"00664bb\" data-element_type=\"container\" data-e-type=\"container\">\n\t\t\t\t\t<div class=\"e-con-inner\">\n\t\t\t\t<div class=\"elementor-element elementor-element-039cb19 elementor-widget-divider--view-line elementor-widget elementor-widget-divider\" data-id=\"039cb19\" data-element_type=\"widget\" data-e-type=\"widget\" data-settings=\"{&quot;ekit_we_effect_on&quot;:&quot;none&quot;}\" data-widget_type=\"divider.default\">\n\t\t\t\t<div class=\"elementor-widget-container\">\n\t\t\t\t\t\t\t<div class=\"elementor-divider\">\n\t\t\t<span class=\"elementor-divider-separator\">\n\t\t\t\t\t\t<\/span>\n\t\t<\/div>\n\t\t\t\t\t\t<\/div>\n\t\t\t\t<\/div>\n\t\t\t\t\t<\/div>\n\t\t\t\t<\/div>\n\t\t<div class=\"elementor-element elementor-element-c5c0011 e-flex e-con-boxed e-con e-parent\" data-id=\"c5c0011\" data-element_type=\"container\" data-e-type=\"container\">\n\t\t\t\t\t<div class=\"e-con-inner\">\n\t\t<div class=\"elementor-element elementor-element-d4b1770 e-con-full e-flex e-con e-child\" data-id=\"d4b1770\" data-element_type=\"container\" data-e-type=\"container\">\n\t\t\t\t<div class=\"elementor-element elementor-element-3cb00ec at-image-animation at-animation-image-none elementor-widget elementor-widget-image\" data-id=\"3cb00ec\" data-element_type=\"widget\" data-e-type=\"widget\" data-settings=\"{&quot;ekit_we_effect_on&quot;:&quot;none&quot;}\" data-widget_type=\"image.default\">\n\t\t\t\t<div class=\"elementor-widget-container\">\n\t\t\t\t\t\t\t\t\t\t\t\t<figure class=\"wp-caption\">\n\t\t\t\t\t\t\t\t\t\t\t<a href=\"https:\/\/car-partner.de\/index.php\/inspektion-wartung\/\">\n\t\t\t\t\t\t\t<img fetchpriority=\"high\" decoding=\"async\" width=\"800\" height=\"530\" src=\"https:\/\/car-partner.de\/wp-content\/uploads\/2026\/03\/6706c5af820a7578a7d5ee3d_process-of-cleaning-the-engine-of-a-car-with-a-spr-2023-11-27-05-24-32-utc-1024x678.webp\" class=\"attachment-large size-large wp-image-7342\" alt=\"\" srcset=\"https:\/\/car-partner.de\/wp-content\/uploads\/2026\/03\/6706c5af820a7578a7d5ee3d_process-of-cleaning-the-engine-of-a-car-with-a-spr-2023-11-27-05-24-32-utc-1024x678.webp 1024w, https:\/\/car-partner.de\/wp-content\/uploads\/2026\/03\/6706c5af820a7578a7d5ee3d_process-of-cleaning-the-engine-of-a-car-with-a-spr-2023-11-27-05-24-32-utc-300x199.webp 300w, https:\/\/car-partner.de\/wp-content\/uploads\/2026\/03\/6706c5af820a7578a7d5ee3d_process-of-cleaning-the-engine-of-a-car-with-a-spr-2023-11-27-05-24-32-utc-768x509.webp 768w, https:\/\/car-partner.de\/wp-content\/uploads\/2026\/03\/6706c5af820a7578a7d5ee3d_process-of-cleaning-the-engine-of-a-car-with-a-spr-2023-11-27-05-24-32-utc-1536x1017.webp 1536w, https:\/\/car-partner.de\/wp-content\/uploads\/2026\/03\/6706c5af820a7578a7d5ee3d_process-of-cleaning-the-engine-of-a-car-with-a-spr-2023-11-27-05-24-32-utc-2048x1356.webp 2048w\" sizes=\"(max-width: 800px) 100vw, 800px\" \/>\t\t\t\t\t\t\t\t<\/a>\n\t\t\t\t\t\t\t\t\t\t\t<figcaption class=\"widget-image-caption wp-caption-text\">Inspektion &amp; Wartung<\/figcaption>\n\t\t\t\t\t\t\t\t\t\t<\/figure>\n\t\t\t\t\t\t\t\t\t<\/div>\n\t\t\t\t<\/div>\n\t\t\t\t<\/div>\n\t\t<div class=\"elementor-element elementor-element-1196460 e-con-full e-flex e-con e-child\" data-id=\"1196460\" data-element_type=\"container\" data-e-type=\"container\">\n\t\t\t\t<div class=\"elementor-element elementor-element-9efb750 at-image-animation at-animation-image-none elementor-widget elementor-widget-image\" data-id=\"9efb750\" data-element_type=\"widget\" data-e-type=\"widget\" data-settings=\"{&quot;ekit_we_effect_on&quot;:&quot;none&quot;}\" data-widget_type=\"image.default\">\n\t\t\t\t<div class=\"elementor-widget-container\">\n\t\t\t\t\t\t\t\t\t\t\t\t<figure class=\"wp-caption\">\n\t\t\t\t\t\t\t\t\t\t\t<a href=\"https:\/\/car-partner.de\/index.php\/kfz-reperatur\/\">\n\t\t\t\t\t\t\t<img decoding=\"async\" width=\"800\" height=\"800\" src=\"https:\/\/car-partner.de\/wp-content\/uploads\/2026\/04\/upscalemedia-transformed_upscaled-1024x1024.jpeg\" class=\"attachment-large size-large wp-image-8290\" alt=\"\" srcset=\"https:\/\/car-partner.de\/wp-content\/uploads\/2026\/04\/upscalemedia-transformed_upscaled-1024x1024.jpeg 1024w, https:\/\/car-partner.de\/wp-content\/uploads\/2026\/04\/upscalemedia-transformed_upscaled-300x300.jpeg 300w, https:\/\/car-partner.de\/wp-content\/uploads\/2026\/04\/upscalemedia-transformed_upscaled-150x150.jpeg 150w, https:\/\/car-partner.de\/wp-content\/uploads\/2026\/04\/upscalemedia-transformed_upscaled-768x768.jpeg 768w, https:\/\/car-partner.de\/wp-content\/uploads\/2026\/04\/upscalemedia-transformed_upscaled-1536x1536.jpeg 1536w, https:\/\/car-partner.de\/wp-content\/uploads\/2026\/04\/upscalemedia-transformed_upscaled-2048x2048.jpeg 2048w, https:\/\/car-partner.de\/wp-content\/uploads\/2026\/04\/upscalemedia-transformed_upscaled-700x700.jpeg 700w, https:\/\/car-partner.de\/wp-content\/uploads\/2026\/04\/upscalemedia-transformed_upscaled-scaled-e1775679060189.jpeg 1800w\" sizes=\"(max-width: 800px) 100vw, 800px\" \/>\t\t\t\t\t\t\t\t<\/a>\n\t\t\t\t\t\t\t\t\t\t\t<figcaption class=\"widget-image-caption wp-caption-text\">Reperatur<\/figcaption>\n\t\t\t\t\t\t\t\t\t\t<\/figure>\n\t\t\t\t\t\t\t\t\t<\/div>\n\t\t\t\t<\/div>\n\t\t\t\t<\/div>\n\t\t\t\t\t<\/div>\n\t\t\t\t<\/div>\n\t\t\t\t<\/div>\n\t\t","protected":false},"excerpt":{"rendered":"<p>Unser Rundum-Service f\u00fcr Ihre Reifen Wir k\u00fcmmern uns zuverl\u00e4ssig um alles rund [&hellip;]<\/p>\n","protected":false},"author":2,"featured_media":0,"parent":0,"menu_order":0,"comment_status":"closed","ping_status":"closed","template":"","meta":{"footnotes":""},"class_list":["post-7311","page","type-page","status-publish","hentry"],"_links":{"self":[{"href":"https:\/\/car-partner.de\/index.php\/wp-json\/wp\/v2\/pages\/7311","targetHints":{"allow":["GET"]}}],"collection":[{"href":"https:\/\/car-partner.de\/index.php\/wp-json\/wp\/v2\/pages"}],"about":[{"href":"https:\/\/car-partner.de\/index.php\/wp-json\/wp\/v2\/types\/page"}],"author":[{"embeddable":true,"href":"https:\/\/car-partner.de\/index.php\/wp-json\/wp\/v2\/users\/2"}],"replies":[{"embeddable":true,"href":"https:\/\/car-partner.de\/index.php\/wp-json\/wp\/v2\/comments?post=7311"}],"version-history":[{"count":28,"href":"https:\/\/car-partner.de\/index.php\/wp-json\/wp\/v2\/pages\/7311\/revisions"}],"predecessor-version":[{"id":8446,"href":"https:\/\/car-partner.de\/index.php\/wp-json\/wp\/v2\/pages\/7311\/revisions\/8446"}],"wp:attachment":[{"href":"https:\/\/car-partner.de\/index.php\/wp-json\/wp\/v2\/media?parent=7311"}],"curies":[{"name":"wp","href":"https:\/\/api.w.org\/{rel}","templated":true}]}}