{"id":7315,"date":"2026-03-28T09:50:54","date_gmt":"2026-03-28T09:50:54","guid":{"rendered":"https:\/\/car-partner.de\/?page_id=7315"},"modified":"2026-04-08T22:37:51","modified_gmt":"2026-04-08T22:37:51","slug":"unfall-gutachten","status":"publish","type":"page","link":"https:\/\/car-partner.de\/index.php\/unfall-gutachten\/","title":{"rendered":"Unfallgutachten"},"content":{"rendered":"\t\t<div data-elementor-type=\"wp-page\" data-elementor-id=\"7315\" class=\"elementor elementor-7315\">\n\t\t\t\t<div class=\"elementor-element elementor-element-28093d1 e-flex e-con-boxed e-con e-parent\" data-id=\"28093d1\" data-element_type=\"container\" data-e-type=\"container\">\n\t\t\t\t\t<div class=\"e-con-inner\">\n\t\t\t\t\t<\/div>\n\t\t\t\t<\/div>\n\t\t<div class=\"elementor-element elementor-element-78b1855 e-flex e-con-boxed e-con e-parent\" data-id=\"78b1855\" data-element_type=\"container\" data-e-type=\"container\">\n\t\t\t\t\t<div class=\"e-con-inner\">\n\t\t\t\t<div class=\"elementor-element elementor-element-9fd56b5 elementor-widget elementor-widget-text-editor\" data-id=\"9fd56b5\" data-element_type=\"widget\" data-e-type=\"widget\" data-settings=\"{&quot;ekit_we_effect_on&quot;:&quot;none&quot;}\" data-widget_type=\"text-editor.default\">\n\t\t\t\t<div class=\"elementor-widget-container\">\n\t\t\t\t\t\t\t\t\t<p>Nach einem Unfall ist ein professionelles Gutachten entscheidend, um Sch\u00e4den korrekt zu dokumentieren und Ihre Anspr\u00fcche gegen\u00fcber der Versicherung zu sichern. Wir unterst\u00fctzen\u00a0 Sie schnell und zuverl\u00e4ssig bei der Erstellung eines pr\u00e4zisen Unfall-Gutachtens in Zusammenarbeit mit erfahrenen Sachverst\u00e4ndigen.<\/p>\t\t\t\t\t\t\t\t<\/div>\n\t\t\t\t<\/div>\n\t\t\t\t\t<\/div>\n\t\t\t\t<\/div>\n\t\t<div class=\"elementor-element elementor-element-bbeb7ca e-flex e-con-boxed e-con e-parent\" data-id=\"bbeb7ca\" data-element_type=\"container\" data-e-type=\"container\">\n\t\t\t\t\t<div class=\"e-con-inner\">\n\t\t\t\t<div class=\"elementor-element elementor-element-876926a elementor-widget elementor-widget-spacer\" data-id=\"876926a\" data-element_type=\"widget\" data-e-type=\"widget\" data-settings=\"{&quot;ekit_we_effect_on&quot;:&quot;none&quot;}\" data-widget_type=\"spacer.default\">\n\t\t\t\t<div class=\"elementor-widget-container\">\n\t\t\t\t\t\t\t<div class=\"elementor-spacer\">\n\t\t\t<div class=\"elementor-spacer-inner\"><\/div>\n\t\t<\/div>\n\t\t\t\t\t\t<\/div>\n\t\t\t\t<\/div>\n\t\t\t\t\t<\/div>\n\t\t\t\t<\/div>\n\t\t<div class=\"elementor-element elementor-element-ba44168 e-flex e-con-boxed e-con e-parent\" data-id=\"ba44168\" data-element_type=\"container\" data-e-type=\"container\">\n\t\t\t\t\t<div class=\"e-con-inner\">\n\t\t\t\t<div class=\"elementor-element elementor-element-54e4ce2 elementor-widget elementor-widget-text-editor\" data-id=\"54e4ce2\" data-element_type=\"widget\" data-e-type=\"widget\" data-settings=\"{&quot;ekit_we_effect_on&quot;:&quot;none&quot;}\" data-widget_type=\"text-editor.default\">\n\t\t\t\t<div class=\"elementor-widget-container\">\n\t\t\t\t\t\t\t\t\t<p><strong>Warum ist ein Unfall-Gutachten wichtig?<\/strong><\/p>\t\t\t\t\t\t\t\t<\/div>\n\t\t\t\t<\/div>\n\t\t\t\t\t<\/div>\n\t\t\t\t<\/div>\n\t\t<div class=\"elementor-element elementor-element-dfe37eb e-flex e-con-boxed e-con e-parent\" data-id=\"dfe37eb\" data-element_type=\"container\" data-e-type=\"container\">\n\t\t\t\t\t<div class=\"e-con-inner\">\n\t\t\t\t<div class=\"elementor-element elementor-element-78e97af elementor-widget elementor-widget-text-editor\" data-id=\"78e97af\" data-element_type=\"widget\" data-e-type=\"widget\" data-settings=\"{&quot;ekit_we_effect_on&quot;:&quot;none&quot;}\" data-widget_type=\"text-editor.default\">\n\t\t\t\t<div class=\"elementor-widget-container\">\n\t\t\t\t\t\t\t\t\t<p data-start=\"546\" data-end=\"785\">Ein fachgerechtes Gutachten dient als Grundlage f\u00fcr die Schadenregulierung und sch\u00fctzt Sie vor finanziellen Nachteilen. Es dokumentiert nicht nur sichtbare Sch\u00e4den, sondern ber\u00fccksichtigt auch m\u00f6gliche verdeckte M\u00e4ngel und Wertminderungen.<\/p><p data-start=\"787\" data-end=\"815\">Unsere Gutachten helfen bei:<\/p><ul data-start=\"817\" data-end=\"1118\"><li data-section-id=\"1fthihs\" data-start=\"817\" data-end=\"901\"><strong data-start=\"819\" data-end=\"847\">Versicherungsabwicklung:<\/strong> Saubere Dokumentation f\u00fcr eine schnelle Regulierung<\/li><li data-section-id=\"1ypaoqv\" data-start=\"902\" data-end=\"980\"><strong data-start=\"904\" data-end=\"920\">Schadenh\u00f6he:<\/strong> Ermittlung der Reparaturkosten und m\u00f6glicher Folgesch\u00e4den<\/li><li data-section-id=\"15ri2kk\" data-start=\"981\" data-end=\"1054\"><strong data-start=\"983\" data-end=\"1001\">Wertminderung:<\/strong> Ber\u00fccksichtigung des Fahrzeugwerts nach dem Unfall<\/li><li data-section-id=\"1dxys65\" data-start=\"1055\" data-end=\"1118\"><strong data-start=\"1057\" data-end=\"1078\">Rechtssicherheit:<\/strong> Klare Beweissicherung im Schadensfall<\/li><\/ul>\t\t\t\t\t\t\t\t<\/div>\n\t\t\t\t<\/div>\n\t\t\t\t\t<\/div>\n\t\t\t\t<\/div>\n\t\t<div class=\"elementor-element elementor-element-2195dab e-flex e-con-boxed e-con e-parent\" data-id=\"2195dab\" data-element_type=\"container\" data-e-type=\"container\">\n\t\t\t\t\t<div class=\"e-con-inner\">\n\t\t\t\t<div class=\"elementor-element elementor-element-34f64e7 elementor-widget elementor-widget-text-editor\" data-id=\"34f64e7\" data-element_type=\"widget\" data-e-type=\"widget\" data-settings=\"{&quot;ekit_we_effect_on&quot;:&quot;none&quot;}\" data-widget_type=\"text-editor.default\">\n\t\t\t\t<div class=\"elementor-widget-container\">\n\t\t\t\t\t\t\t\t\t<p><strong>Unser Service f\u00fcr Sie<\/strong><\/p>\t\t\t\t\t\t\t\t<\/div>\n\t\t\t\t<\/div>\n\t\t\t\t\t<\/div>\n\t\t\t\t<\/div>\n\t\t<div class=\"elementor-element elementor-element-4ab8a19 e-flex e-con-boxed e-con e-parent\" data-id=\"4ab8a19\" data-element_type=\"container\" data-e-type=\"container\">\n\t\t\t\t\t<div class=\"e-con-inner\">\n\t\t\t\t<div class=\"elementor-element elementor-element-d5e3227 elementor-widget elementor-widget-text-editor\" data-id=\"d5e3227\" data-element_type=\"widget\" data-e-type=\"widget\" data-settings=\"{&quot;ekit_we_effect_on&quot;:&quot;none&quot;}\" data-widget_type=\"text-editor.default\">\n\t\t\t\t<div class=\"elementor-widget-container\">\n\t\t\t\t\t\t\t\t\t<ul><li data-section-id=\"1y6e5jv\" data-start=\"1155\" data-end=\"1216\"><strong data-start=\"1157\" data-end=\"1183\">Schnelle Terminvergabe<\/strong> f\u00fcr eine zeitnahe Begutachtung<\/li><li data-section-id=\"39glzt\" data-start=\"1217\" data-end=\"1271\"><strong data-start=\"1219\" data-end=\"1269\">Zusammenarbeit mit erfahrenen Sachverst\u00e4ndigen<\/strong><\/li><li data-section-id=\"1wu7yw9\" data-start=\"1272\" data-end=\"1325\"><strong data-start=\"1274\" data-end=\"1323\">Unterst\u00fctzung bei der Versicherungsabwicklung<\/strong><\/li><li data-section-id=\"1wi52w4\" data-start=\"1326\" data-end=\"1380\"><strong data-start=\"1328\" data-end=\"1351\">Kompetente Beratung<\/strong> im gesamten Schadenprozess<\/li><\/ul>\t\t\t\t\t\t\t\t<\/div>\n\t\t\t\t<\/div>\n\t\t\t\t\t<\/div>\n\t\t\t\t<\/div>\n\t\t<div class=\"elementor-element elementor-element-74a029c e-flex e-con-boxed e-con e-parent\" data-id=\"74a029c\" data-element_type=\"container\" data-e-type=\"container\">\n\t\t\t\t\t<div class=\"e-con-inner\">\n\t\t\t\t<div class=\"elementor-element elementor-element-a661a99 elementor-widget elementor-widget-text-editor\" data-id=\"a661a99\" data-element_type=\"widget\" data-e-type=\"widget\" data-settings=\"{&quot;ekit_we_effect_on&quot;:&quot;none&quot;}\" data-widget_type=\"text-editor.default\">\n\t\t\t\t<div class=\"elementor-widget-container\">\n\t\t\t\t\t\t\t\t\t<p><strong>Schnell Klarheit nach einem Unfall<\/strong><\/p>\t\t\t\t\t\t\t\t<\/div>\n\t\t\t\t<\/div>\n\t\t\t\t\t<\/div>\n\t\t\t\t<\/div>\n\t\t<div class=\"elementor-element elementor-element-89578d4 e-flex e-con-boxed e-con e-parent\" data-id=\"89578d4\" data-element_type=\"container\" data-e-type=\"container\">\n\t\t\t\t\t<div class=\"e-con-inner\">\n\t\t\t\t<div class=\"elementor-element elementor-element-4984ba2 elementor-widget elementor-widget-text-editor\" data-id=\"4984ba2\" data-element_type=\"widget\" data-e-type=\"widget\" data-settings=\"{&quot;ekit_we_effect_on&quot;:&quot;none&quot;}\" data-widget_type=\"text-editor.default\">\n\t\t\t\t<div class=\"elementor-widget-container\">\n\t\t\t\t\t\t\t\t\t<p data-start=\"1430\" data-end=\"1627\"><strong data-start=\"1632\" data-end=\"1742\" data-is-last-node=\"\">Kontaktieren Sie\u00a0 uns und vereinbaren Sie jetzt Ihren Termin f\u00fcr ein Unfall-Gutachten.<\/strong><\/p>\t\t\t\t\t\t\t\t<\/div>\n\t\t\t\t<\/div>\n\t\t\t\t\t<\/div>\n\t\t\t\t<\/div>\n\t\t<div class=\"elementor-element elementor-element-634ab14 e-flex e-con-boxed e-con e-parent\" data-id=\"634ab14\" data-element_type=\"container\" data-e-type=\"container\">\n\t\t\t\t\t<div class=\"e-con-inner\">\n\t\t\t\t<div class=\"elementor-element elementor-element-d817133 elementor-widget elementor-widget-button\" data-id=\"d817133\" data-element_type=\"widget\" data-e-type=\"widget\" data-settings=\"{&quot;ekit_we_effect_on&quot;:&quot;none&quot;}\" data-widget_type=\"button.default\">\n\t\t\t\t<div class=\"elementor-widget-container\">\n\t\t\t\t\t\t\t\t\t<div class=\"elementor-button-wrapper\">\n\t\t\t\t\t<a class=\"elementor-button elementor-button-link elementor-size-sm\" href=\"tel:+49%20201%2028991850\">\n\t\t\t\t\t\t<span class=\"elementor-button-content-wrapper\">\n\t\t\t\t\t\t\t\t\t<span class=\"elementor-button-text\">Termin Vereinbaren <\/span>\n\t\t\t\t\t<\/span>\n\t\t\t\t\t<\/a>\n\t\t\t\t<\/div>\n\t\t\t\t\t\t\t\t<\/div>\n\t\t\t\t<\/div>\n\t\t\t\t\t<\/div>\n\t\t\t\t<\/div>\n\t\t<div class=\"elementor-element elementor-element-5d8144a e-flex e-con-boxed e-con e-parent\" data-id=\"5d8144a\" data-element_type=\"container\" data-e-type=\"container\">\n\t\t\t\t\t<div class=\"e-con-inner\">\n\t\t\t\t<div class=\"elementor-element elementor-element-f58b514 elementor-widget elementor-widget-spacer\" data-id=\"f58b514\" data-element_type=\"widget\" data-e-type=\"widget\" data-settings=\"{&quot;ekit_we_effect_on&quot;:&quot;none&quot;}\" data-widget_type=\"spacer.default\">\n\t\t\t\t<div class=\"elementor-widget-container\">\n\t\t\t\t\t\t\t<div class=\"elementor-spacer\">\n\t\t\t<div class=\"elementor-spacer-inner\"><\/div>\n\t\t<\/div>\n\t\t\t\t\t\t<\/div>\n\t\t\t\t<\/div>\n\t\t\t\t\t<\/div>\n\t\t\t\t<\/div>\n\t\t<div class=\"elementor-element elementor-element-17036bb e-flex e-con-boxed e-con e-parent\" data-id=\"17036bb\" data-element_type=\"container\" data-e-type=\"container\">\n\t\t\t\t\t<div class=\"e-con-inner\">\n\t\t\t\t<div class=\"elementor-element elementor-element-4dcbf4c elementor-widget elementor-widget-text-editor\" data-id=\"4dcbf4c\" data-element_type=\"widget\" data-e-type=\"widget\" data-settings=\"{&quot;ekit_we_effect_on&quot;:&quot;none&quot;}\" data-widget_type=\"text-editor.default\">\n\t\t\t\t<div class=\"elementor-widget-container\">\n\t\t\t\t\t\t\t\t\t<p><strong>Weitere Leistungen f\u00fcr Ihr Fahrzeug<\/strong><\/p>\t\t\t\t\t\t\t\t<\/div>\n\t\t\t\t<\/div>\n\t\t\t\t\t<\/div>\n\t\t\t\t<\/div>\n\t\t<div class=\"elementor-element elementor-element-8f2d915 e-flex e-con-boxed e-con e-parent\" data-id=\"8f2d915\" data-element_type=\"container\" data-e-type=\"container\">\n\t\t\t\t\t<div class=\"e-con-inner\">\n\t\t\t\t<div class=\"elementor-element elementor-element-a473fb3 elementor-widget elementor-widget-text-editor\" data-id=\"a473fb3\" data-element_type=\"widget\" data-e-type=\"widget\" data-settings=\"{&quot;ekit_we_effect_on&quot;:&quot;none&quot;}\" data-widget_type=\"text-editor.default\">\n\t\t\t\t<div class=\"elementor-widget-container\">\n\t\t\t\t\t\t\t\t\t<p>Neben unserem spezialisierten Service bieten wir Ihnen eine Vielzahl weiterer Leistungen rund um Ihr Fahrzeug. Von Inspektionen \u00fcber Reparaturen bis hin zu individuellen L\u00f6sungen.<\/p>\t\t\t\t\t\t\t\t<\/div>\n\t\t\t\t<\/div>\n\t\t\t\t\t<\/div>\n\t\t\t\t<\/div>\n\t\t<div class=\"elementor-element elementor-element-d5806a6 e-flex e-con-boxed e-con e-parent\" data-id=\"d5806a6\" data-element_type=\"container\" data-e-type=\"container\">\n\t\t\t\t\t<div class=\"e-con-inner\">\n\t\t\t\t<div class=\"elementor-element elementor-element-5f14644 elementor-widget-divider--view-line elementor-widget elementor-widget-divider\" data-id=\"5f14644\" data-element_type=\"widget\" data-e-type=\"widget\" data-settings=\"{&quot;ekit_we_effect_on&quot;:&quot;none&quot;}\" data-widget_type=\"divider.default\">\n\t\t\t\t<div class=\"elementor-widget-container\">\n\t\t\t\t\t\t\t<div class=\"elementor-divider\">\n\t\t\t<span class=\"elementor-divider-separator\">\n\t\t\t\t\t\t<\/span>\n\t\t<\/div>\n\t\t\t\t\t\t<\/div>\n\t\t\t\t<\/div>\n\t\t\t\t\t<\/div>\n\t\t\t\t<\/div>\n\t\t<div class=\"elementor-element elementor-element-8b3ab67 e-flex e-con-boxed e-con e-parent\" data-id=\"8b3ab67\" data-element_type=\"container\" data-e-type=\"container\">\n\t\t\t\t\t<div class=\"e-con-inner\">\n\t\t<div class=\"elementor-element elementor-element-42bbbfa e-con-full e-flex e-con e-child\" data-id=\"42bbbfa\" data-element_type=\"container\" data-e-type=\"container\">\n\t\t\t\t<div class=\"elementor-element elementor-element-8901713 at-image-animation at-animation-image-none elementor-widget elementor-widget-image\" data-id=\"8901713\" data-element_type=\"widget\" data-e-type=\"widget\" data-settings=\"{&quot;ekit_we_effect_on&quot;:&quot;none&quot;}\" data-widget_type=\"image.default\">\n\t\t\t\t<div class=\"elementor-widget-container\">\n\t\t\t\t\t\t\t\t\t\t\t\t<figure class=\"wp-caption\">\n\t\t\t\t\t\t\t\t\t\t\t<a href=\"https:\/\/car-partner.de\/index.php\/kfz-reperatur\/\">\n\t\t\t\t\t\t\t<img fetchpriority=\"high\" decoding=\"async\" width=\"800\" height=\"800\" src=\"https:\/\/car-partner.de\/wp-content\/uploads\/2026\/04\/upscalemedia-transformed_upscaled-1024x1024.jpeg\" class=\"attachment-large size-large wp-image-8290\" alt=\"\" srcset=\"https:\/\/car-partner.de\/wp-content\/uploads\/2026\/04\/upscalemedia-transformed_upscaled-1024x1024.jpeg 1024w, https:\/\/car-partner.de\/wp-content\/uploads\/2026\/04\/upscalemedia-transformed_upscaled-300x300.jpeg 300w, https:\/\/car-partner.de\/wp-content\/uploads\/2026\/04\/upscalemedia-transformed_upscaled-150x150.jpeg 150w, https:\/\/car-partner.de\/wp-content\/uploads\/2026\/04\/upscalemedia-transformed_upscaled-768x768.jpeg 768w, https:\/\/car-partner.de\/wp-content\/uploads\/2026\/04\/upscalemedia-transformed_upscaled-1536x1536.jpeg 1536w, https:\/\/car-partner.de\/wp-content\/uploads\/2026\/04\/upscalemedia-transformed_upscaled-2048x2048.jpeg 2048w, https:\/\/car-partner.de\/wp-content\/uploads\/2026\/04\/upscalemedia-transformed_upscaled-700x700.jpeg 700w, https:\/\/car-partner.de\/wp-content\/uploads\/2026\/04\/upscalemedia-transformed_upscaled-scaled-e1775679060189.jpeg 1800w\" sizes=\"(max-width: 800px) 100vw, 800px\" \/>\t\t\t\t\t\t\t\t<\/a>\n\t\t\t\t\t\t\t\t\t\t\t<figcaption class=\"widget-image-caption wp-caption-text\">Reperatur <\/figcaption>\n\t\t\t\t\t\t\t\t\t\t<\/figure>\n\t\t\t\t\t\t\t\t\t<\/div>\n\t\t\t\t<\/div>\n\t\t\t\t<\/div>\n\t\t<div class=\"elementor-element elementor-element-06338c6 e-con-full e-flex e-con e-child\" data-id=\"06338c6\" data-element_type=\"container\" data-e-type=\"container\">\n\t\t\t\t<div class=\"elementor-element elementor-element-8988747 at-image-animation at-animation-image-none elementor-widget elementor-widget-image\" data-id=\"8988747\" data-element_type=\"widget\" data-e-type=\"widget\" data-settings=\"{&quot;ekit_we_effect_on&quot;:&quot;none&quot;}\" data-widget_type=\"image.default\">\n\t\t\t\t<div class=\"elementor-widget-container\">\n\t\t\t\t\t\t\t\t\t\t\t\t<figure class=\"wp-caption\">\n\t\t\t\t\t\t\t\t\t\t\t<a href=\"https:\/\/car-partner.de\/index.php\/getriebespuelung\/\">\n\t\t\t\t\t\t\t<img decoding=\"async\" width=\"800\" height=\"600\" src=\"https:\/\/car-partner.de\/wp-content\/uploads\/2026\/03\/WhatsApp-Image-2026-03-26-at-18.55.25-1-1024x768.jpeg\" class=\"attachment-large size-large wp-image-7361\" alt=\"\" srcset=\"https:\/\/car-partner.de\/wp-content\/uploads\/2026\/03\/WhatsApp-Image-2026-03-26-at-18.55.25-1-1024x768.jpeg 1024w, https:\/\/car-partner.de\/wp-content\/uploads\/2026\/03\/WhatsApp-Image-2026-03-26-at-18.55.25-1-300x225.jpeg 300w, https:\/\/car-partner.de\/wp-content\/uploads\/2026\/03\/WhatsApp-Image-2026-03-26-at-18.55.25-1-768x576.jpeg 768w, https:\/\/car-partner.de\/wp-content\/uploads\/2026\/03\/WhatsApp-Image-2026-03-26-at-18.55.25-1-1536x1152.jpeg 1536w, https:\/\/car-partner.de\/wp-content\/uploads\/2026\/03\/WhatsApp-Image-2026-03-26-at-18.55.25-1-e1775680387224.jpeg 360w\" sizes=\"(max-width: 800px) 100vw, 800px\" \/>\t\t\t\t\t\t\t\t<\/a>\n\t\t\t\t\t\t\t\t\t\t\t<figcaption class=\"widget-image-caption wp-caption-text\">Getriebesp\u00fclung <\/figcaption>\n\t\t\t\t\t\t\t\t\t\t<\/figure>\n\t\t\t\t\t\t\t\t\t<\/div>\n\t\t\t\t<\/div>\n\t\t\t\t<\/div>\n\t\t\t\t\t<\/div>\n\t\t\t\t<\/div>\n\t\t\t\t<\/div>\n\t\t","protected":false},"excerpt":{"rendered":"<p>Nach einem Unfall ist ein professionelles Gutachten entscheidend, um Sch\u00e4den korrekt zu [&hellip;]<\/p>\n","protected":false},"author":2,"featured_media":0,"parent":0,"menu_order":0,"comment_status":"closed","ping_status":"closed","template":"","meta":{"footnotes":""},"class_list":["post-7315","page","type-page","status-publish","hentry"],"_links":{"self":[{"href":"https:\/\/car-partner.de\/index.php\/wp-json\/wp\/v2\/pages\/7315","targetHints":{"allow":["GET"]}}],"collection":[{"href":"https:\/\/car-partner.de\/index.php\/wp-json\/wp\/v2\/pages"}],"about":[{"href":"https:\/\/car-partner.de\/index.php\/wp-json\/wp\/v2\/types\/page"}],"author":[{"embeddable":true,"href":"https:\/\/car-partner.de\/index.php\/wp-json\/wp\/v2\/users\/2"}],"replies":[{"embeddable":true,"href":"https:\/\/car-partner.de\/index.php\/wp-json\/wp\/v2\/comments?post=7315"}],"version-history":[{"count":26,"href":"https:\/\/car-partner.de\/index.php\/wp-json\/wp\/v2\/pages\/7315\/revisions"}],"predecessor-version":[{"id":8461,"href":"https:\/\/car-partner.de\/index.php\/wp-json\/wp\/v2\/pages\/7315\/revisions\/8461"}],"wp:attachment":[{"href":"https:\/\/car-partner.de\/index.php\/wp-json\/wp\/v2\/media?parent=7315"}],"curies":[{"name":"wp","href":"https:\/\/api.w.org\/{rel}","templated":true}]}}